{"id":431,"date":"2021-12-09T15:21:44","date_gmt":"2021-12-09T15:21:44","guid":{"rendered":"https:\/\/agricolacolomer.cat\/aviso-legal\/"},"modified":"2022-12-01T17:00:42","modified_gmt":"2022-12-01T17:00:42","slug":"aviso-legal","status":"publish","type":"page","link":"https:\/\/www.agricolacolomer.cat\/es\/aviso-legal\/","title":{"rendered":"Aviso legal"},"content":{"rendered":"<section  class='av_textblock_section av-kvi08sgl-64a4933b59c7b0711f354974aa6c48a0 '   itemscope=\"itemscope\" itemtype=\"https:\/\/schema.org\/CreativeWork\" ><div class='avia_textblock'  itemprop=\"text\" ><p>Bienvenido a la p\u00e1gina web de la AGRICOLA COLOMER \u00a0SL \u00a0alojada bajo la URL\u00a0 <a href=\"https:\/\/www.agricolacolomer.cat\/es\/\">https:\/\/www.agricolacolomer.cat<\/a> (en adelante la p\u00e1gina web). A continuaci\u00f3n, te exponemos los t\u00e9rminos y condiciones de utilizaci\u00f3n de la web que te recomendamos leer antes de navegar ya que cualquier utilizaci\u00f3n contraria a la\u00a0 aqu\u00ed\u00a0 prevista es susceptible de generar\u00a0 responsabilidades.<\/p>\n<ol>\n<li><strong>Datos identificativos del titular de la web <\/strong><\/li>\n<\/ol>\n<p>En cumplimiento con el deber de informaci\u00f3n recogido en el art\u00edculo 10 de la Ley 34\/2002, de 11 de julio, de servicios de la sociedad de la informaci\u00f3n y del comercio electr\u00f3nico, te informamos de los datos del titular de la web:<\/p>\n<p>AGRICOLA COLOMER \u00a0SL<\/p>\n<p>NIF B17411224<\/p>\n<p>CAN COLOMER S\/N<\/p>\n<p>17730 \u00a0HOSTALETS DE LLERS<\/p>\n<p>Direcci\u00f3n electr\u00f3nica de contacto\u00a0 <a href=\"mailto:agricolacolomer@gmail.com\">agricolacolomer@gmail.com<\/a><\/p>\n<p>AGRICOLA COLOMER SL, se halla\u00a0 inscrita en el Registro Mercantil de Girona, TOMO , VOLUMEN , HOJA, FOLIO.<\/p>\n<ol start=\"2\">\n<li><strong>Condiciones de acceso, utilizaci\u00f3n y funcionamiento de la P\u00e1gina web<\/strong><\/li>\n<\/ol>\n<p>El acceso a la P\u00e1gina web es libre, salvo en aquellos servicios reservados a usuarios registrados. Como usuario de la web debe realizar en todo momento un uso adecuado de la misma y de los contenidos que incluye, respetando en todo momento la legalidad vigente y los derechos de propiedad del titular. Queda prohibido que todo usuario o tercero realice cualquier acci\u00f3n (inclusive introducci\u00f3n o difusi\u00f3n de virus inform\u00e1ticos) que provoque da\u00f1os o alteraciones a los contenidos de la P\u00e1gina web, as\u00ed como intervenga o provoque alteraciones en el correo electr\u00f3nico, reserv\u00e1ndose EL TITULAR el derecho a excluir el acceso a la P\u00e1gina web a cualquier usuario que infrinja dicha prohibici\u00f3n.<br \/>\nEn todo caso, nos reservamos el derecho a suspender temporalmente, y sin necesidad de previo aviso a los usuarios, la accesibilidad a nuestra P\u00e1gina web en caso de efectuar operaciones de mantenimiento, reparaci\u00f3n, actualizaci\u00f3n o mejora de los servicios, informaciones y contenidos, as\u00ed como a modificar o actualizar las informaciones, contenidos y las condiciones de acceso de la misma.<\/p>\n<p>En la medida en que esto sea razonablemente posible, las actualizaciones de mantenimiento se programar\u00e1n en horarios de baja afluencia, sin perjuicio de la facultad discrecional de AGRICOLA COLOMER SL \u00a0para llevarlo a cabo en cualquier momento.<\/p>\n<p>Si accedes a nuestra web como usuario registrado te comprometes a no difundir tu contrase\u00f1a, y adoptar todas aquellas medidas que sean pertinentes para garantizar su confidencialidad. AGRICOLA COLOMER SL no asumir\u00e1 ninguna responsabilidad por el uso negligente y\/o doloso de la misma. Si tienes conocimiento que terceros no autorizados hacen uso de la misma, por favor comun\u00edcanoslo lo m\u00e1s r\u00e1pidamente posible. AGRICOLA COLOMER SL se reserva el derecho a realizar cuantas comprobaciones considere\u00a0 oportunas para verificar la autenticidad del usuario.<\/p>\n<ol start=\"3\">\n<li><strong>Enlaces<\/strong><\/li>\n<\/ol>\n<p>En el caso de que en la presente p\u00e1gina web se dispusiesen enlaces o hiperv\u00ednculos hac\u00eda otros sitios de Internet, EL TITULAR no ejercer\u00e1 ning\u00fan tipo de control sobre dichos sitios y contenidos. En ning\u00fan caso EL TITULAR asumir\u00e1 responsabilidad alguna por los contenidos de alg\u00fan enlace perteneciente a un sitio web ajeno, ni garantizar\u00e1 la disponibilidad t\u00e9cnica, calidad, fiabilidad, exactitud, amplitud, veracidad, validez y constitucionalidad de cualquier material o informaci\u00f3n contenida en ninguno de dichos hiperv\u00ednculos u otros sitios de Internet. Igualmente, la inclusi\u00f3n de estas conexiones externas no implicar\u00e1 ning\u00fan tipo de asociaci\u00f3n, fusi\u00f3n o participaci\u00f3n entre AGRICOLA COLOMER SL con las entidades conectadas. Las relaciones comerciales con los clientes se regir\u00e1n por las condiciones generales, que si cabe, se establezcan con el titular de la web en un documento espec\u00edfico\u00a0 a este efecto, o por los pactos concretos\u00a0 que se\u00a0 puedan establecer con los\u00a0 clientes.<\/p>\n<ol start=\"4\">\n<li><strong>Propiedad industrial e intelectual<\/strong><\/li>\n<\/ol>\n<p>Todos los contenidos de la presente P\u00e1gina web (a t\u00edtulo enunciativo y no limitativo, bases de datos, textos, marcas, nombres comerciales, audio, logotipos, signos distintivos, animaciones, im\u00e1genes, videos, dise\u00f1os, estructura de la p\u00e1gina, etc.) son titularidad de AGRICOLA COLOMER SL o han sido cedidas a \u00e9sta para su uso. El uso de la presente P\u00e1gina web no confiere a los usuarios ning\u00fan derecho de explotaci\u00f3n de ninguna clase ni su titularidad sobre los contenidos de la misma, as\u00ed como tampoco su propiedad intelectual y\/o industrial.<br \/>\nQueda totalmente prohibida la transformaci\u00f3n, reproducci\u00f3n, explotaci\u00f3n, distribuci\u00f3n, comunicaci\u00f3n p\u00fablica y\/o cesi\u00f3n, ya sea a t\u00edtulo oneroso o gratuito, de cualquiera de los contenidos de la P\u00e1gina web.<br \/>\nAGRICOLA COLOMER SL hace expresa reserva frente a los usuarios y dem\u00e1s terceros del ejercicio de cuantas acciones amparen sus leg\u00edtimos derechos de propiedad intelectual e industrial.<\/p>\n<ol start=\"5\">\n<li><strong>Datos de car\u00e1cter personal &#8211; Pol\u00edtica de Privacidad<\/strong><\/li>\n<\/ol>\n<p>En el siguiente cuadro encontrar\u00e1s la informaci\u00f3n b\u00e1sica relativa a nuestra pol\u00edtica de\u00a0\u00a0 tratamiento de datos personales que puede ampliar en nuestro apartado de pol\u00edtica de privacidad que encontrar\u00e1s en esta misma web.<\/p>\n<table>\n<tbody>\n<tr>\n<td width=\"283\"><strong>Responsable del Tratamiento<\/strong><\/td>\n<td width=\"283\">AGRICOLA COLOMER SL<\/td>\n<\/tr>\n<tr>\n<td width=\"283\"><strong>Finalidades<\/strong><\/td>\n<td width=\"283\">Gesti\u00f3n administrativa y comercial.<\/td>\n<\/tr>\n<tr>\n<td width=\"283\"><strong>Derechos<\/strong><\/td>\n<td width=\"283\">Acceso, rectificaci\u00f3n, supresi\u00f3n, portabilidad, limitaci\u00f3n, oposici\u00f3n al tratamiento.<\/td>\n<\/tr>\n<tr>\n<td width=\"283\"><strong>Cesi\u00f3n de datos <\/strong><\/td>\n<td width=\"283\">AGRICOLA COLOMER SL no comunicar\u00e1 sus datos a terceros sin su consentimiento , excepto lo previsto en la pol\u00edtica de cookies.<\/td>\n<\/tr>\n<tr>\n<td width=\"283\"><strong>Informacion addicional <\/strong><\/td>\n<td width=\"283\"><a href=\"https:\/\/www.agricolacolomer.cat\/es\/politica-de-privacidad\/\">https:\/\/www.agricolacolomer.cat\/politica-de-privacitat\/<\/a><\/td>\n<\/tr>\n<\/tbody>\n<\/table>\n<ol start=\"6\">\n<li><strong>Legislaci\u00f3n y jurisdicci\u00f3n aplicable<\/strong><\/li>\n<\/ol>\n<p>Los posibles conflictos en relaci\u00f3n al presente aviso legal se resolver\u00e1n exclusivamente por el derecho del Estado espa\u00f1ol y de la Comunidad Aut\u00f3noma de Catalunya siendo los Juzgados de FIGUERES los \u00fanicos competentes para su conocimiento. Toda persona usuaria de la web, independientemente de la jurisdicci\u00f3n territorial des de la que se produzca el acceso, acepta el cumplimiento y respeta esta cl\u00e1usula con renuncia expresa a cualquier otro fuero que le pudiera corresponder.<\/p>\n<p><strong><u>Copyright 2021-AGRICOLA COLOMER \u00a0SL 15\/12\/2021<\/u><\/strong><\/p>\n<\/div><\/section>\n","protected":false},"excerpt":{"rendered":"","protected":false},"author":1,"featured_media":0,"parent":0,"menu_order":0,"comment_status":"closed","ping_status":"closed","template":"","meta":{"footnotes":""},"class_list":["post-431","page","type-page","status-publish","hentry"],"yoast_head":"<!-- This site is optimized with the Yoast SEO plugin v27.2 - https:\/\/yoast.com\/product\/yoast-seo-wordpress\/ -->\n<title>Aviso legal &#8226; Agr\u00edcola Colomer &#8226; Maquinaria Agricola en Girona<\/title>\n<meta name=\"robots\" content=\"noindex, nofollow\" \/>\n<meta property=\"og:locale\" content=\"es_ES\" \/>\n<meta property=\"og:type\" content=\"article\" \/>\n<meta property=\"og:title\" content=\"Aviso legal &#8226; Agr\u00edcola Colomer &#8226; Maquinaria Agricola en Girona\" \/>\n<meta property=\"og:url\" content=\"https:\/\/www.agricolacolomer.cat\/es\/aviso-legal\/\" \/>\n<meta property=\"og:site_name\" content=\"Agr\u00edcola Colomer\" \/>\n<meta property=\"article:modified_time\" content=\"2022-12-01T17:00:42+00:00\" \/>\n<meta name=\"twitter:card\" content=\"summary_large_image\" \/>\n<meta name=\"twitter:label1\" content=\"Tiempo de lectura\" \/>\n\t<meta name=\"twitter:data1\" content=\"5 minutos\" \/>\n<script type=\"application\/ld+json\" class=\"yoast-schema-graph\">{\"@context\":\"https:\/\/schema.org\",\"@graph\":[{\"@type\":\"WebPage\",\"@id\":\"https:\/\/www.agricolacolomer.cat\/es\/aviso-legal\/\",\"url\":\"https:\/\/www.agricolacolomer.cat\/es\/aviso-legal\/\",\"name\":\"Aviso legal &#8226; Agr\u00edcola Colomer &#8226; Maquinaria Agricola en Girona\",\"isPartOf\":{\"@id\":\"https:\/\/www.agricolacolomer.cat\/es\/#website\"},\"datePublished\":\"2021-12-09T15:21:44+00:00\",\"dateModified\":\"2022-12-01T17:00:42+00:00\",\"breadcrumb\":{\"@id\":\"https:\/\/www.agricolacolomer.cat\/es\/aviso-legal\/#breadcrumb\"},\"inLanguage\":\"es\",\"potentialAction\":[{\"@type\":\"ReadAction\",\"target\":[\"https:\/\/www.agricolacolomer.cat\/es\/aviso-legal\/\"]}]},{\"@type\":\"BreadcrumbList\",\"@id\":\"https:\/\/www.agricolacolomer.cat\/es\/aviso-legal\/#breadcrumb\",\"itemListElement\":[{\"@type\":\"ListItem\",\"position\":1,\"name\":\"Inici\",\"item\":\"https:\/\/www.agricolacolomer.cat\/es\/maquinaria-agricola-a-girona\/\"},{\"@type\":\"ListItem\",\"position\":2,\"name\":\"Aviso legal\"}]},{\"@type\":\"WebSite\",\"@id\":\"https:\/\/www.agricolacolomer.cat\/es\/#website\",\"url\":\"https:\/\/www.agricolacolomer.cat\/es\/\",\"name\":\"Agr\u00edcola Colomer\",\"description\":\"Maquinaria agr\u00edcola en el Alt Empord\u00e0\",\"publisher\":{\"@id\":\"https:\/\/www.agricolacolomer.cat\/es\/#organization\"},\"potentialAction\":[{\"@type\":\"SearchAction\",\"target\":{\"@type\":\"EntryPoint\",\"urlTemplate\":\"https:\/\/www.agricolacolomer.cat\/es\/?s={search_term_string}\"},\"query-input\":{\"@type\":\"PropertyValueSpecification\",\"valueRequired\":true,\"valueName\":\"search_term_string\"}}],\"inLanguage\":\"es\"},{\"@type\":\"Organization\",\"@id\":\"https:\/\/www.agricolacolomer.cat\/es\/#organization\",\"name\":\"Agricola Colomer\",\"url\":\"https:\/\/www.agricolacolomer.cat\/es\/\",\"logo\":{\"@type\":\"ImageObject\",\"inLanguage\":\"es\",\"@id\":\"https:\/\/www.agricolacolomer.cat\/es\/#\/schema\/logo\/image\/\",\"url\":\"https:\/\/www.agricolacolomer.cat\/wp-content\/uploads\/2021\/11\/colomer.jpg\",\"contentUrl\":\"https:\/\/www.agricolacolomer.cat\/wp-content\/uploads\/2021\/11\/colomer.jpg\",\"width\":300,\"height\":300,\"caption\":\"Agricola Colomer\"},\"image\":{\"@id\":\"https:\/\/www.agricolacolomer.cat\/es\/#\/schema\/logo\/image\/\"}}]}<\/script>\n<!-- \/ Yoast SEO plugin. -->","yoast_head_json":{"title":"Aviso legal &#8226; Agr\u00edcola Colomer &#8226; Maquinaria Agricola en Girona","robots":{"index":"noindex","follow":"nofollow"},"og_locale":"es_ES","og_type":"article","og_title":"Aviso legal &#8226; Agr\u00edcola Colomer &#8226; Maquinaria Agricola en Girona","og_url":"https:\/\/www.agricolacolomer.cat\/es\/aviso-legal\/","og_site_name":"Agr\u00edcola Colomer","article_modified_time":"2022-12-01T17:00:42+00:00","twitter_card":"summary_large_image","twitter_misc":{"Tiempo de lectura":"5 minutos"},"schema":{"@context":"https:\/\/schema.org","@graph":[{"@type":"WebPage","@id":"https:\/\/www.agricolacolomer.cat\/es\/aviso-legal\/","url":"https:\/\/www.agricolacolomer.cat\/es\/aviso-legal\/","name":"Aviso legal &#8226; Agr\u00edcola Colomer &#8226; Maquinaria Agricola en Girona","isPartOf":{"@id":"https:\/\/www.agricolacolomer.cat\/es\/#website"},"datePublished":"2021-12-09T15:21:44+00:00","dateModified":"2022-12-01T17:00:42+00:00","breadcrumb":{"@id":"https:\/\/www.agricolacolomer.cat\/es\/aviso-legal\/#breadcrumb"},"inLanguage":"es","potentialAction":[{"@type":"ReadAction","target":["https:\/\/www.agricolacolomer.cat\/es\/aviso-legal\/"]}]},{"@type":"BreadcrumbList","@id":"https:\/\/www.agricolacolomer.cat\/es\/aviso-legal\/#breadcrumb","itemListElement":[{"@type":"ListItem","position":1,"name":"Inici","item":"https:\/\/www.agricolacolomer.cat\/es\/maquinaria-agricola-a-girona\/"},{"@type":"ListItem","position":2,"name":"Aviso legal"}]},{"@type":"WebSite","@id":"https:\/\/www.agricolacolomer.cat\/es\/#website","url":"https:\/\/www.agricolacolomer.cat\/es\/","name":"Agr\u00edcola Colomer","description":"Maquinaria agr\u00edcola en el Alt Empord\u00e0","publisher":{"@id":"https:\/\/www.agricolacolomer.cat\/es\/#organization"},"potentialAction":[{"@type":"SearchAction","target":{"@type":"EntryPoint","urlTemplate":"https:\/\/www.agricolacolomer.cat\/es\/?s={search_term_string}"},"query-input":{"@type":"PropertyValueSpecification","valueRequired":true,"valueName":"search_term_string"}}],"inLanguage":"es"},{"@type":"Organization","@id":"https:\/\/www.agricolacolomer.cat\/es\/#organization","name":"Agricola Colomer","url":"https:\/\/www.agricolacolomer.cat\/es\/","logo":{"@type":"ImageObject","inLanguage":"es","@id":"https:\/\/www.agricolacolomer.cat\/es\/#\/schema\/logo\/image\/","url":"https:\/\/www.agricolacolomer.cat\/wp-content\/uploads\/2021\/11\/colomer.jpg","contentUrl":"https:\/\/www.agricolacolomer.cat\/wp-content\/uploads\/2021\/11\/colomer.jpg","width":300,"height":300,"caption":"Agricola Colomer"},"image":{"@id":"https:\/\/www.agricolacolomer.cat\/es\/#\/schema\/logo\/image\/"}}]}},"_links":{"self":[{"href":"https:\/\/www.agricolacolomer.cat\/es\/wp-json\/wp\/v2\/pages\/431","targetHints":{"allow":["GET"]}}],"collection":[{"href":"https:\/\/www.agricolacolomer.cat\/es\/wp-json\/wp\/v2\/pages"}],"about":[{"href":"https:\/\/www.agricolacolomer.cat\/es\/wp-json\/wp\/v2\/types\/page"}],"author":[{"embeddable":true,"href":"https:\/\/www.agricolacolomer.cat\/es\/wp-json\/wp\/v2\/users\/1"}],"replies":[{"embeddable":true,"href":"https:\/\/www.agricolacolomer.cat\/es\/wp-json\/wp\/v2\/comments?post=431"}],"version-history":[{"count":11,"href":"https:\/\/www.agricolacolomer.cat\/es\/wp-json\/wp\/v2\/pages\/431\/revisions"}],"predecessor-version":[{"id":882,"href":"https:\/\/www.agricolacolomer.cat\/es\/wp-json\/wp\/v2\/pages\/431\/revisions\/882"}],"wp:attachment":[{"href":"https:\/\/www.agricolacolomer.cat\/es\/wp-json\/wp\/v2\/media?parent=431"}],"curies":[{"name":"wp","href":"https:\/\/api.w.org\/{rel}","templated":true}]}}