{"id":438,"date":"2021-12-09T15:37:17","date_gmt":"2021-12-09T15:37:17","guid":{"rendered":"https:\/\/agricolacolomer.cat\/contacto\/"},"modified":"2022-12-01T16:52:46","modified_gmt":"2022-12-01T16:52:46","slug":"contacto","status":"publish","type":"page","link":"https:\/\/www.agricolacolomer.cat\/es\/contacto\/","title":{"rendered":"Contacto"},"content":{"rendered":"\n<style type=\"text\/css\" data-created_by=\"avia_inline_auto\" id=\"style-css-av-av_heading-315492fc17e8a5a96284b5f89d2c91e5\">\n#top .av-special-heading.av-av_heading-315492fc17e8a5a96284b5f89d2c91e5{\npadding-bottom:10px;\n}\nbody .av-special-heading.av-av_heading-315492fc17e8a5a96284b5f89d2c91e5 .av-special-heading-tag .heading-char{\nfont-size:25px;\n}\n.av-special-heading.av-av_heading-315492fc17e8a5a96284b5f89d2c91e5 .av-subheading{\nfont-size:15px;\n}\n<\/style>\n<div  class='av-special-heading av-av_heading-315492fc17e8a5a96284b5f89d2c91e5 av-special-heading-h2 blockquote modern-quote modern-centered  avia-builder-el-0  el_before_av_hr  avia-builder-el-first '><h2 class='av-special-heading-tag '  itemprop=\"headline\"  >Contacto<\/h2><div class=\"special-heading-border\"><div class=\"special-heading-inner-border\"><\/div><\/div><\/div>\n\n<style type=\"text\/css\" data-created_by=\"avia_inline_auto\" id=\"style-css-av-kvhzs9n0-49bd75f19aa043872afdf9d15bae77dd\">\n#top .hr.av-kvhzs9n0-49bd75f19aa043872afdf9d15bae77dd{\nmargin-top:5px;\nmargin-bottom:30px;\n}\n.hr.av-kvhzs9n0-49bd75f19aa043872afdf9d15bae77dd .hr-inner{\nwidth:50px;\nborder-color:#386a43;\n}\n<\/style>\n<div  class='hr av-kvhzs9n0-49bd75f19aa043872afdf9d15bae77dd hr-custom  avia-builder-el-1  el_after_av_heading  el_before_av_two_third  hr-center hr-icon-no'><span class='hr-inner inner-border-av-border-fat'><span class=\"hr-inner-style\"><\/span><\/span><\/div>\n\n<style type=\"text\/css\" data-created_by=\"avia_inline_auto\" id=\"style-css-av-94rtj-0fe9850ecbfb7ac7420e5fc9fde10abb\">\n.flex_column.av-94rtj-0fe9850ecbfb7ac7420e5fc9fde10abb{\nborder-radius:0px 0px 0px 0px;\npadding:0px 0px 0px 0px;\n}\n<\/style>\n<div  class='flex_column av-94rtj-0fe9850ecbfb7ac7420e5fc9fde10abb av_two_third  avia-builder-el-2  el_after_av_hr  el_before_av_one_third  first flex_column_div av-animated-generic bottom-to-top av-zero-column-padding  '     ><p>\n<style type=\"text\/css\" data-created_by=\"avia_inline_auto\" id=\"style-css-av-av_heading-59d7f999e7ac2603265c34d7f07433f0\">\n#top .av-special-heading.av-av_heading-59d7f999e7ac2603265c34d7f07433f0{\npadding-bottom:0;\n}\nbody .av-special-heading.av-av_heading-59d7f999e7ac2603265c34d7f07433f0 .av-special-heading-tag .heading-char{\nfont-size:25px;\n}\n.av-special-heading.av-av_heading-59d7f999e7ac2603265c34d7f07433f0 .av-subheading{\nfont-size:15px;\n}\n<\/style>\n<div  class='av-special-heading av-av_heading-59d7f999e7ac2603265c34d7f07433f0 av-special-heading-h3 blockquote modern-quote  avia-builder-el-3  el_before_av_hr  avia-builder-el-first '><h3 class='av-special-heading-tag '  itemprop=\"headline\"  >Ponte en contacto<\/h3><div class=\"special-heading-border\"><div class=\"special-heading-inner-border\"><\/div><\/div><\/div><br \/>\n\n<style type=\"text\/css\" data-created_by=\"avia_inline_auto\" id=\"style-css-av-7u64b-3f2b0b529975be8d4e64790d6b0caab1\">\n#top .hr.av-7u64b-3f2b0b529975be8d4e64790d6b0caab1{\nmargin-top:10px;\nmargin-bottom:10px;\n}\n.hr.av-7u64b-3f2b0b529975be8d4e64790d6b0caab1 .hr-inner{\nwidth:50px;\nborder-color:#386a43;\n}\n<\/style>\n<div  class='hr av-7u64b-3f2b0b529975be8d4e64790d6b0caab1 hr-custom  avia-builder-el-4  el_after_av_heading  el_before_av_contact  hr-left hr-icon-no'><span class='hr-inner inner-border-av-border-fat'><span class=\"hr-inner-style\"><\/span><\/span><\/div><br \/>\n<form action=\"https:\/\/www.agricolacolomer.cat\/es\/contacto\/\" method=\"post\" data-fields-with-error=\"Found errors in the following field(s):\" class=\"avia_ajax_form av-form-labels-visible   avia-builder-el-5  el_after_av_hr  avia-builder-el-last   \" data-avia-form-id=\"1\" data-avia-redirect='' ><fieldset><p class='  first_form  form_element form_fullwidth' id='element_avia_1_1'><label for=\"avia_1_1\">Nombre <abbr class=\"required\" title=\"requerido\">*<\/abbr><\/label> <input name=\"avia_1_1\" class=\"text_input is_empty\" type=\"text\" id=\"avia_1_1\" value=\"\" \/><\/p><p class='  first_form  form_element form_element_half' id='element_avia_2_1'><label for=\"avia_2_1\">Tel\u00e9fono <abbr class=\"required\" title=\"requerido\">*<\/abbr><\/label> <input name=\"avia_2_1\" class=\"text_input is_phone\" type=\"text\" id=\"avia_2_1\" value=\"\" \/><\/p><p class='  form_element form_element_half' id='element_avia_3_1'><label for=\"avia_3_1\">Email <abbr class=\"required\" title=\"requerido\">*<\/abbr><\/label> <input name=\"avia_3_1\" class=\"text_input is_email\" type=\"text\" id=\"avia_3_1\" value=\"\" \/><\/p><p class='  first_form  form_element form_fullwidth' id='element_avia_4_1'><label for=\"avia_4_1\" class=\"textare_label hidden textare_label_avia_4_1\">Mensaje <abbr class=\"required\" title=\"requerido\">*<\/abbr><\/label><textarea  name=\"avia_4_1\" class=\"text_area is_empty\" cols=\"40\" rows=\"7\" id=\"avia_4_1\" ><\/textarea><\/p><p class=\"hidden\"><input type=\"text\" name=\"avia_5_1\" class=\"hidden \" id=\"avia_5_1\" value=\"\" \/><\/p><div id='avia_6_1' class='av-recaptcha-area  first_form  form_element form_fullwidth '  data-container_class=\"\" data-custom_class=\"\" data-context=\"av_contact_form\" data-token_input=\"av_recaptcha_token\" data-version=\"avia_recaptcha_v2\" data-theme=\"light\" data-size=\"normal\" data-score=\"0.5\" data-text_to_preview=\"\" data-value=\"\"><div class=\"av-google-badge-message hidden\">This site is protected by reCAPTCHA and the Google <a href=\"https:\/\/policies.google.com\/privacy\">Privacy Policy<\/a> and <a href=\"https:\/\/policies.google.com\/terms\">Terms of Service<\/a> apply.<\/div><\/div><p class=\"form_element \"><input type=\"hidden\" value=\"1\" name=\"avia_generated_form1\" \/><input type=\"submit\" value=\"Enviar\" class=\"button\"  data-sending-label=\"Enviando\"\/><\/p><\/fieldset><div class=\"avia-disabled-form\">Este formulario de contacto est\u00e1 desactivado porque rechazaste aceptar el servicio de Google reCaptcha, que es necesario para validar los mensajes enviados a trav\u00e9s del formulario.<\/div><\/form><div id=\"ajaxresponse_1\" class=\"ajaxresponse ajaxresponse_1 hidden\"><\/div><\/p><\/div>\n<style type=\"text\/css\" data-created_by=\"avia_inline_auto\" id=\"style-css-av-4092n-c5849ea3c93d4ddb9ee2923d591ed3ea\">\n.flex_column.av-4092n-c5849ea3c93d4ddb9ee2923d591ed3ea{\nborder-radius:0px 0px 0px 0px;\npadding:0px 0px 0px 0px;\n}\n<\/style>\n<div  class='flex_column av-4092n-c5849ea3c93d4ddb9ee2923d591ed3ea av_one_third  avia-builder-el-6  el_after_av_two_third  avia-builder-el-last  flex_column_div av-animated-generic bottom-to-top av-zero-column-padding  '     ><p>\n<style type=\"text\/css\" data-created_by=\"avia_inline_auto\" id=\"style-css-av-kwz5r7er-f572350206e3cadcf65af1aa0a367c19\">\n#top .av-special-heading.av-kwz5r7er-f572350206e3cadcf65af1aa0a367c19{\npadding-bottom:0;\n}\nbody .av-special-heading.av-kwz5r7er-f572350206e3cadcf65af1aa0a367c19 .av-special-heading-tag .heading-char{\nfont-size:25px;\n}\n.av-special-heading.av-kwz5r7er-f572350206e3cadcf65af1aa0a367c19 .av-subheading{\nfont-size:15px;\n}\n<\/style>\n<div  class='av-special-heading av-kwz5r7er-f572350206e3cadcf65af1aa0a367c19 av-special-heading-h3 blockquote modern-quote  avia-builder-el-7  el_before_av_hr  avia-builder-el-first '><h3 class='av-special-heading-tag '  itemprop=\"headline\"  >Otras formas de contacto<\/h3><div class=\"special-heading-border\"><div class=\"special-heading-inner-border\"><\/div><\/div><\/div><br \/>\n\n<style type=\"text\/css\" data-created_by=\"avia_inline_auto\" id=\"style-css-av-1o0fn-e6226c14312ef911ea5457bf7cb8ad8c\">\n#top .hr.av-1o0fn-e6226c14312ef911ea5457bf7cb8ad8c{\nmargin-top:10px;\nmargin-bottom:10px;\n}\n.hr.av-1o0fn-e6226c14312ef911ea5457bf7cb8ad8c .hr-inner{\nwidth:50px;\nborder-color:#386a43;\n}\n<\/style>\n<div  class='hr av-1o0fn-e6226c14312ef911ea5457bf7cb8ad8c hr-custom  avia-builder-el-8  el_after_av_heading  el_before_av_textblock  hr-left hr-icon-no'><span class='hr-inner inner-border-av-border-fat'><span class=\"hr-inner-style\"><\/span><\/span><\/div><br \/>\n<section  class='av_textblock_section av-rwq3-6ccd63e3fd1c65535b4f6f818c4ea99b '   itemscope=\"itemscope\" itemtype=\"https:\/\/schema.org\/CreativeWork\" ><div class='avia_textblock'  itemprop=\"text\" ><p><strong>Direcci\u00f3n<\/strong><br \/>\n<i class=\"fas fa-map-marker-alt\"><\/i> <a href=\"https:\/\/goo.gl\/maps\/bKXX89Vqp1fS3Tsb9\">Can Colomer s\/n, Hostalets de Llers 17730 (Girona)<\/a><\/p>\n<p><strong>Contacto<\/strong><br \/>\n<i class=\"fas fa-envelope-square\"><\/i> <a href=\"mailto:agricolacolomer@gmail.com\">agricolacolomer@gmail.com<\/a><br \/>\n<i class=\"fas fa-phone-square-alt\"><\/i> <a href=\"tel:+34972510743\">972 510 743<\/a><\/p>\n<p><strong>Redes sociales<\/strong><br \/>\n<i class=\"fab fa-facebook-square\"><\/i> Facebook<br \/>\n<i class=\"fab fa-instagram-square\"><\/i> <a href=\"https:\/\/www.instagram.com\/agricolacolomer\/\">Instagram<\/a><\/p>\n<\/div><\/section><\/p><\/div><\/p>\n","protected":false},"excerpt":{"rendered":"","protected":false},"author":1,"featured_media":0,"parent":0,"menu_order":0,"comment_status":"closed","ping_status":"closed","template":"","meta":{"footnotes":""},"class_list":["post-438","page","type-page","status-publish","hentry"],"yoast_head":"<!-- This site is optimized with the Yoast SEO plugin v27.2 - https:\/\/yoast.com\/product\/yoast-seo-wordpress\/ -->\n<title>Contacto &#8226; Agr\u00edcola Colomer &#8226; Maquinaria Agricola en Girona<\/title>\n<meta name=\"description\" content=\"Contacta con nosotros &#8226; \ud83d\udccdCan Colomer s\/n, Hostalets de Llers 17730 (Girona) &#8226; \ud83d\udcde 972 510 743 &#8226; \u2709 agricolacolomer@gmail.com\" \/>\n<meta name=\"robots\" content=\"index, follow, max-snippet:-1, max-image-preview:large, max-video-preview:-1\" \/>\n<link rel=\"canonical\" href=\"https:\/\/www.agricolacolomer.cat\/es\/contacto\/\" \/>\n<meta property=\"og:locale\" content=\"es_ES\" \/>\n<meta property=\"og:type\" content=\"article\" \/>\n<meta property=\"og:title\" content=\"Contacto &#8226; Agr\u00edcola Colomer &#8226; Maquinaria Agricola en Girona\" \/>\n<meta property=\"og:description\" content=\"Contacta con nosotros &#8226; \ud83d\udccdCan Colomer s\/n, Hostalets de Llers 17730 (Girona) &#8226; \ud83d\udcde 972 510 743 &#8226; \u2709 agricolacolomer@gmail.com\" \/>\n<meta property=\"og:url\" content=\"https:\/\/www.agricolacolomer.cat\/es\/contacto\/\" \/>\n<meta property=\"og:site_name\" content=\"Agr\u00edcola Colomer\" \/>\n<meta property=\"article:modified_time\" content=\"2022-12-01T16:52:46+00:00\" \/>\n<meta name=\"twitter:card\" content=\"summary_large_image\" \/>\n<meta name=\"twitter:label1\" content=\"Tiempo de lectura\" \/>\n\t<meta name=\"twitter:data1\" content=\"2 minutos\" \/>\n<script type=\"application\/ld+json\" class=\"yoast-schema-graph\">{\"@context\":\"https:\/\/schema.org\",\"@graph\":[{\"@type\":\"WebPage\",\"@id\":\"https:\/\/www.agricolacolomer.cat\/es\/contacto\/\",\"url\":\"https:\/\/www.agricolacolomer.cat\/es\/contacto\/\",\"name\":\"Contacto &#8226; Agr\u00edcola Colomer &#8226; Maquinaria Agricola en Girona\",\"isPartOf\":{\"@id\":\"https:\/\/www.agricolacolomer.cat\/es\/#website\"},\"datePublished\":\"2021-12-09T15:37:17+00:00\",\"dateModified\":\"2022-12-01T16:52:46+00:00\",\"description\":\"Contacta con nosotros &#8226; \ud83d\udccdCan Colomer s\/n, Hostalets de Llers 17730 (Girona) &#8226; \ud83d\udcde 972 510 743 &#8226; \u2709 agricolacolomer@gmail.com\",\"breadcrumb\":{\"@id\":\"https:\/\/www.agricolacolomer.cat\/es\/contacto\/#breadcrumb\"},\"inLanguage\":\"es\",\"potentialAction\":[{\"@type\":\"ReadAction\",\"target\":[\"https:\/\/www.agricolacolomer.cat\/es\/contacto\/\"]}]},{\"@type\":\"BreadcrumbList\",\"@id\":\"https:\/\/www.agricolacolomer.cat\/es\/contacto\/#breadcrumb\",\"itemListElement\":[{\"@type\":\"ListItem\",\"position\":1,\"name\":\"Inici\",\"item\":\"https:\/\/www.agricolacolomer.cat\/es\/maquinaria-agricola-a-girona\/\"},{\"@type\":\"ListItem\",\"position\":2,\"name\":\"Contacto\"}]},{\"@type\":\"WebSite\",\"@id\":\"https:\/\/www.agricolacolomer.cat\/es\/#website\",\"url\":\"https:\/\/www.agricolacolomer.cat\/es\/\",\"name\":\"Agr\u00edcola Colomer\",\"description\":\"Maquinaria agr\u00edcola en el Alt Empord\u00e0\",\"publisher\":{\"@id\":\"https:\/\/www.agricolacolomer.cat\/es\/#organization\"},\"potentialAction\":[{\"@type\":\"SearchAction\",\"target\":{\"@type\":\"EntryPoint\",\"urlTemplate\":\"https:\/\/www.agricolacolomer.cat\/es\/?s={search_term_string}\"},\"query-input\":{\"@type\":\"PropertyValueSpecification\",\"valueRequired\":true,\"valueName\":\"search_term_string\"}}],\"inLanguage\":\"es\"},{\"@type\":\"Organization\",\"@id\":\"https:\/\/www.agricolacolomer.cat\/es\/#organization\",\"name\":\"Agricola Colomer\",\"url\":\"https:\/\/www.agricolacolomer.cat\/es\/\",\"logo\":{\"@type\":\"ImageObject\",\"inLanguage\":\"es\",\"@id\":\"https:\/\/www.agricolacolomer.cat\/es\/#\/schema\/logo\/image\/\",\"url\":\"https:\/\/www.agricolacolomer.cat\/wp-content\/uploads\/2021\/11\/colomer.jpg\",\"contentUrl\":\"https:\/\/www.agricolacolomer.cat\/wp-content\/uploads\/2021\/11\/colomer.jpg\",\"width\":300,\"height\":300,\"caption\":\"Agricola Colomer\"},\"image\":{\"@id\":\"https:\/\/www.agricolacolomer.cat\/es\/#\/schema\/logo\/image\/\"}}]}<\/script>\n<!-- \/ Yoast SEO plugin. -->","yoast_head_json":{"title":"Contacto &#8226; Agr\u00edcola Colomer &#8226; Maquinaria Agricola en Girona","description":"Contacta con nosotros &#8226; \ud83d\udccdCan Colomer s\/n, Hostalets de Llers 17730 (Girona) &#8226; \ud83d\udcde 972 510 743 &#8226; \u2709 agricolacolomer@gmail.com","robots":{"index":"index","follow":"follow","max-snippet":"max-snippet:-1","max-image-preview":"max-image-preview:large","max-video-preview":"max-video-preview:-1"},"canonical":"https:\/\/www.agricolacolomer.cat\/es\/contacto\/","og_locale":"es_ES","og_type":"article","og_title":"Contacto &#8226; Agr\u00edcola Colomer &#8226; Maquinaria Agricola en Girona","og_description":"Contacta con nosotros &#8226; \ud83d\udccdCan Colomer s\/n, Hostalets de Llers 17730 (Girona) &#8226; \ud83d\udcde 972 510 743 &#8226; \u2709 agricolacolomer@gmail.com","og_url":"https:\/\/www.agricolacolomer.cat\/es\/contacto\/","og_site_name":"Agr\u00edcola Colomer","article_modified_time":"2022-12-01T16:52:46+00:00","twitter_card":"summary_large_image","twitter_misc":{"Tiempo de lectura":"2 minutos"},"schema":{"@context":"https:\/\/schema.org","@graph":[{"@type":"WebPage","@id":"https:\/\/www.agricolacolomer.cat\/es\/contacto\/","url":"https:\/\/www.agricolacolomer.cat\/es\/contacto\/","name":"Contacto &#8226; Agr\u00edcola Colomer &#8226; Maquinaria Agricola en Girona","isPartOf":{"@id":"https:\/\/www.agricolacolomer.cat\/es\/#website"},"datePublished":"2021-12-09T15:37:17+00:00","dateModified":"2022-12-01T16:52:46+00:00","description":"Contacta con nosotros &#8226; \ud83d\udccdCan Colomer s\/n, Hostalets de Llers 17730 (Girona) &#8226; \ud83d\udcde 972 510 743 &#8226; \u2709 agricolacolomer@gmail.com","breadcrumb":{"@id":"https:\/\/www.agricolacolomer.cat\/es\/contacto\/#breadcrumb"},"inLanguage":"es","potentialAction":[{"@type":"ReadAction","target":["https:\/\/www.agricolacolomer.cat\/es\/contacto\/"]}]},{"@type":"BreadcrumbList","@id":"https:\/\/www.agricolacolomer.cat\/es\/contacto\/#breadcrumb","itemListElement":[{"@type":"ListItem","position":1,"name":"Inici","item":"https:\/\/www.agricolacolomer.cat\/es\/maquinaria-agricola-a-girona\/"},{"@type":"ListItem","position":2,"name":"Contacto"}]},{"@type":"WebSite","@id":"https:\/\/www.agricolacolomer.cat\/es\/#website","url":"https:\/\/www.agricolacolomer.cat\/es\/","name":"Agr\u00edcola Colomer","description":"Maquinaria agr\u00edcola en el Alt Empord\u00e0","publisher":{"@id":"https:\/\/www.agricolacolomer.cat\/es\/#organization"},"potentialAction":[{"@type":"SearchAction","target":{"@type":"EntryPoint","urlTemplate":"https:\/\/www.agricolacolomer.cat\/es\/?s={search_term_string}"},"query-input":{"@type":"PropertyValueSpecification","valueRequired":true,"valueName":"search_term_string"}}],"inLanguage":"es"},{"@type":"Organization","@id":"https:\/\/www.agricolacolomer.cat\/es\/#organization","name":"Agricola Colomer","url":"https:\/\/www.agricolacolomer.cat\/es\/","logo":{"@type":"ImageObject","inLanguage":"es","@id":"https:\/\/www.agricolacolomer.cat\/es\/#\/schema\/logo\/image\/","url":"https:\/\/www.agricolacolomer.cat\/wp-content\/uploads\/2021\/11\/colomer.jpg","contentUrl":"https:\/\/www.agricolacolomer.cat\/wp-content\/uploads\/2021\/11\/colomer.jpg","width":300,"height":300,"caption":"Agricola Colomer"},"image":{"@id":"https:\/\/www.agricolacolomer.cat\/es\/#\/schema\/logo\/image\/"}}]}},"_links":{"self":[{"href":"https:\/\/www.agricolacolomer.cat\/es\/wp-json\/wp\/v2\/pages\/438","targetHints":{"allow":["GET"]}}],"collection":[{"href":"https:\/\/www.agricolacolomer.cat\/es\/wp-json\/wp\/v2\/pages"}],"about":[{"href":"https:\/\/www.agricolacolomer.cat\/es\/wp-json\/wp\/v2\/types\/page"}],"author":[{"embeddable":true,"href":"https:\/\/www.agricolacolomer.cat\/es\/wp-json\/wp\/v2\/users\/1"}],"replies":[{"embeddable":true,"href":"https:\/\/www.agricolacolomer.cat\/es\/wp-json\/wp\/v2\/comments?post=438"}],"version-history":[{"count":12,"href":"https:\/\/www.agricolacolomer.cat\/es\/wp-json\/wp\/v2\/pages\/438\/revisions"}],"predecessor-version":[{"id":828,"href":"https:\/\/www.agricolacolomer.cat\/es\/wp-json\/wp\/v2\/pages\/438\/revisions\/828"}],"wp:attachment":[{"href":"https:\/\/www.agricolacolomer.cat\/es\/wp-json\/wp\/v2\/media?parent=438"}],"curies":[{"name":"wp","href":"https:\/\/api.w.org\/{rel}","templated":true}]}}