{"id":447,"date":"2021-12-09T15:40:53","date_gmt":"2021-12-09T15:40:53","guid":{"rendered":"https:\/\/agricolacolomer.cat\/politica-de-cookies\/"},"modified":"2022-12-01T17:00:10","modified_gmt":"2022-12-01T17:00:10","slug":"politica-de-cookies","status":"publish","type":"page","link":"https:\/\/www.agricolacolomer.cat\/es\/politica-de-cookies\/","title":{"rendered":"Pol\u00edtica de cookies"},"content":{"rendered":"<section  class='av_textblock_section av-kvi05jii-e88f9446b5994a23499bab771b41bf63 '   itemscope=\"itemscope\" itemtype=\"https:\/\/schema.org\/CreativeWork\" ><div class='avia_textblock'  itemprop=\"text\" ><p align=\"justify\">En esta secci\u00f3n encontraras la informaci\u00f3n sobre las cookies que se pueden enviar o generar al usar este servicio, as\u00ed como su uso y finalidad.<\/p>\n<p>Este servicio web, como la mayor\u00eda de los sitios en Internet, usa Cookies para mejorar y optimizar la experiencia del usuario. A continuaci\u00f3n encontrar\u00e1s informaci\u00f3n detallada sobre qu\u00e9 son las \u201cCookies\u201d, qu\u00e9 tipolog\u00eda utiliza este sitio web, c\u00f3mo puedes desactivarlas en tu navegador y c\u00f3mo bloquear espec\u00edficamente la instalaci\u00f3n de Cookies de terceros.<\/p>\n<p><strong>\u00bfQu\u00e9 son las Cookies y c\u00f3mo las utiliza este sitio web?<\/strong><\/p>\n<p>Las Cookies son archivos que el sitio web o la aplicaci\u00f3n que utilizas instala en tu navegador o en tu dispositivo (smartphone, tableta o televisi\u00f3n conectada) durante tu recorrido por las p\u00e1ginas o por la aplicaci\u00f3n, y sirven para almacenar informaci\u00f3n sobre tu visita. Como la mayor\u00eda de los sitios en internet, esta web utiliza Cookies para:<\/p>\n<p>\u2013 Asegurar que las p\u00e1ginas web pueden funcionar correctamente<br \/>\n\u2013 Almacenar tus preferencias, como el idioma que has seleccionado o el tama\u00f1o de letra.<br \/>\n\u2013 Conocer tu experiencia de navegaci\u00f3n.<br \/>\n\u2013 Recopilar informaci\u00f3n estad\u00edstica an\u00f3nima, como qu\u00e9 p\u00e1ginas has visto o cu\u00e1nto tiempo has estado en nuestros medios.<br \/>\n\u2013 El uso de Cookies nos permite optimizar tu navegaci\u00f3n, adaptando la informaci\u00f3n y los servicios\u00a0ofrecidos a tus intereses, para proporcionarte una mejor experiencia siempre que nos visites.<\/p>\n<p>Este sitio utiliza Cookies para funcionar, adaptar y facilitar al m\u00e1ximo la navegaci\u00f3n del Usuario.<\/p>\n<p>Las Cookies se asocian \u00fanicamente a un usuario an\u00f3nimo y su ordenador\/dispositivo y no proporcionan referencias que permitan conocer datos personales. En todo momento podr\u00e1s acceder a la configuraci\u00f3n de tu navegador para modificar y\/o bloquear la instalaci\u00f3n de las Cookies enviadas, sin que ello impida al acceso a los contenidos. Sin embargo, la calidad del funcionamiento de los Servicios puede verse afectada.<\/p>\n<p>Los Usuarios que completen el proceso de registro o hayan iniciado sesi\u00f3n con sus datos de acceso podr\u00e1n acceder a servicios personalizados y adaptados a sus preferencias seg\u00fan la informaci\u00f3n personal suministrada en el momento del registro y la almacenada en la Cookie de su navegador.<\/p>\n<p><strong>\u00bfCual es su importancia<\/strong><strong>?<\/strong><\/p>\n<p>\u2013 Desde un punto de vista t\u00e9cnico, permiten que los sitios web funcionen de forma m\u00e1s \u00e1gil y adaptada a las preferencias de los usuarios, como por ejemplo almacenar el idioma, la moneda del pa\u00eds o detectar el dispositivo de acceso.<br \/>\n\u2013 Establecen niveles de protecci\u00f3n y seguridad que Impiden o dificultan ciberataques contra el sitio web o sus usuarios.<br \/>\n\u2013 Permiten que los gestores de los medios puedan conocer datos estad\u00edsticos recopilados en las Cookies para mejorar la calidad y experiencia de sus servicios.<br \/>\n\u2013 Sirven para optimizar la publicidad que mostramos a los usuarios, ofreciendo la que m\u00e1s se ajusta a sus intereses.<\/p>\n<p><strong>\u00bfCu\u00e1les son los diferentes tipos de Cookies que utiliza este servicio?<\/strong><\/p>\n<p>\u2013 Las de sesi\u00f3n expiran cuando el Usuario abandona la p\u00e1gina o cierra el navegador, es decir, est\u00e1n activas mientras dura la visita al sitio web y por tanto son borradas de nuestro ordenador al abandonarlo.<\/p>\n<p>\u2013 Las permanentes expiran cuando se cumple el objetivo para el que sirven o bien cuando se borran manualmente, tienen fecha de borrado y se utilizan normalmente en proceso de compra online, personalizaciones o en el registro, para no tener que introducir nuestra contrase\u00f1a constantemente.<\/p>\n<p>Por otro lado, seg\u00fan quien sea la entidad que gestione el equipo o dominio desde donde se env\u00edan las cookies y trate los datos que se obtengan, podemos distinguir entre Cookies propias y de terceros.<\/p>\n<p>\u2013 Las Cookies propias son aquellas Cookies que son enviadas a tu ordenador y gestionadas exclusivamente por nosotros para el mejor funcionamiento del Sitio Web. La informaci\u00f3n que recabamos se emplea para mejorar la calidad de nuestro servicio y tu experiencia como usuario.<\/p>\n<p>\u2013 Si interact\u00faas con el contenido de nuestro Sitio Web tambi\u00e9n pueden establecerse cookies de terceros (por ejemplo, al pulsar botones de redes sociales o visionar v\u00eddeos alojados en otro sitio web), que son aquellas establecidas por un dominio diferente de nuestro Sitio Web. No podemos acceder a los datos almacenados en las cookies de otros sitios web cuando navegues en los citados sitios web.<\/p>\n<p align=\"justify\">Navegar por este servicio supone que se puedan instalar los siguientes tipos de Cookies:<\/p>\n<p><strong>1. Cookies propias<\/strong><\/p>\n<p><strong>\u2013 Cookies de rendimiento:<\/strong><br \/>\nEstas cookies se utilizan para mejorar tu experiencia de navegaci\u00f3n y optimizar el funcionamiento de nuestros sitios web. Almacenan configuraciones de servicios para que no tengas que reconfigurarlos cada vez que nos visitas.<\/p>\n<p>Ejemplos de uso: Recordar el tipo de acceso (versi\u00f3n M\u00f3vil o versi\u00f3n Web), Recordar elementos desplegados, Recordar \u00faltimos contenidos visitados, etc.<\/p>\n<p><strong>\u2013 Cookies de Geolocalizaci\u00f3n:<\/strong><br \/>\nEstas cookies se utilizan para almacenar datos de geolocalizaci\u00f3n del ordenador o dispositivo para ofrecer contenidos y servicios m\u00e1s adecuados.<\/p>\n<p>Ejemplos de uso: contenidos seg\u00fan el pa\u00eds de acceso.<\/p>\n<p><strong>\u2013 Cookies Anal\u00edticas:<\/strong><br \/>\nEstas cookies sirven para recopilar informaci\u00f3n an\u00f3nima de acceso y experiencia de navegaci\u00f3n, por ejemplo el tiempo total de navegaci\u00f3n, las p\u00e1ginas visitadas, etc.<\/p>\n<p>Ejemplos de uso: Contabilizar el n\u00famero total de visitantes, sabes si el usuario es nuevo o ya ha visitados la web anteriormente.<\/p>\n<p align=\"justify\"><b>2. Cookies de terceros<br \/>\n<\/b><br \/>\n\u2013 Cookies Anal\u00edticas (Google Analytics).\u00a0En estos casos los servicios de terceros utilizan cookies para ofrecer el servicio.<br \/>\n\u2013 Cookies de Redes Sociales y otros servicios integrados: en algunas p\u00e1ginas existe la posibilidad de insertar contenidos de terceros, compartir o interactuar con redes sociales. En estos casos los servicios de terceros utilizan cookies para ofrecer el servicio.<\/p>\n<p>Actualmente las redes sociales y servicios integrados de terceros as\u00ed como sus respectivas pol\u00edticas de privacidad (enlazadas) son:<strong>\u00a0<a href=\"https:\/\/twitter.com\/privacy\">Twitter<\/a>,\u00a0<a href=\"https:\/\/www.facebook.com\/about\/privacy\/your-info-on-other\">Facebook<\/a>,\u00a0<a href=\"http:\/\/www.google.es\/intl\/es\/policies\/privacy\/\">YouTube<\/a><br \/>\n<\/strong><\/p>\n<p align=\"justify\">2.1 Informaci\u00f3n sobre cookies:\u00a0<strong>Google Analytics<\/strong>.<\/p>\n<p>Esta p\u00e1gina web utiliza Google Analytics, un servicio anal\u00edtico de web prestado por Google, Inc., una compa\u00f1\u00eda de Delaware cuya oficina principal est\u00e1 en 1600 Amphitheatre Parkway, Mountain View (California), CA 94043, Estados Unidos (\u201cGoogle\u201d). Google Analytics utiliza \u201ccookies\u201d, que son archivos de texto ubicados en su ordenador, para ayudar al website a analizar el uso que hacen los usuarios del sitio web. La informaci\u00f3n que genera la cookie acerca de su uso del website (incluyendo su direcci\u00f3n IP) ser\u00e1 directamente transmitida y archivada por Google en los servidores de Estados Unidos. Google usar\u00e1 esta informaci\u00f3n por cuenta nuestra con el prop\u00f3sito de seguir la pista de su uso del website, recopilando informes de la actividad del website y prestando otros servicios relacionados con la actividad del website y el uso de Internet. Google podr\u00e1 transmitir dicha informaci\u00f3n a terceros cuando as\u00ed se lo requiera la legislaci\u00f3n, o cuando dichos terceros procesen la informaci\u00f3n por cuenta de Google. Google no asociar\u00e1 su direcci\u00f3n IP con ning\u00fan otro dato del que disponga Google. Puede Usted rechazar el tratamiento de los datos o la informaci\u00f3n rechazando el uso de cookies mediante la selecci\u00f3n de la configuraci\u00f3n apropiada de su navegador, sin embargo, debe Usted saber que si lo hace puede ser que no pueda usar la plena funcionabilidad de este website. Al utilizar este website Usted consiente el tratamiento de informaci\u00f3n acerca de Usted por Google en la forma y para los fines arriba indicados.<\/p>\n<p><a href=\"http:\/\/www.google.es\/intl\/es\/analytics\/privacyoverview.html\">Pol\u00edtica de privacidad de Google Analytics<\/a><\/p>\n<p><strong>Desactivar el uso de cookies desde el navegador<\/strong><\/p>\n<p>Puedes desactivar el uso de cookies mediante los controles disponibles en el navegador. En las siguientes paginas se encuentran las instrucciones para hacerlo seg\u00fan el tipo de navegador utilizado:<\/p>\n<p><a href=\"https:\/\/support.google.com\/chrome\/answer\/95647?hl=es\">Google Chrome<\/a><br \/>\n<a href=\"http:\/\/support.mozilla.org\/en-US\/kb\/enable-and-disable-cookies-website-preferences?redirectlocale=en-US&amp;redirectslug=Enabling+and+disabling+cookies\">Firefox<\/a><br \/>\n<a href=\"http:\/\/support.microsoft.com\/kb\/278835\">Microsoft Internet Explorer<\/a><br \/>\n<a href=\"http:\/\/support.apple.com\/kb\/PH11913\">Safari para Mac<\/a><br \/>\n<a href=\"http:\/\/support.apple.com\/kb\/HT1677?viewlocale=en_US&amp;locale=en_US\">Safari para iOS (iPad, iPhone, iPod touch)<\/a><br \/>\n<a href=\"http:\/\/www.wikihow.com\/Disable-Cookies#Android_Devices\">Android<\/a><br \/>\n<a href=\"http:\/\/www.opera.com\/help\/tutorials\/security\/privacy\/\">Opera<\/a><br \/>\n<a href=\"http:\/\/docs.blackberry.com\/en\/smartphone_users\/deliverables\/32004\/Turn_off_cookies_in_the_browser_60_1072866_11.jsp\">Blackberry<\/a><\/p>\n<p align=\"justify\">Otros navegadores:\u00a0<a href=\"http:\/\/www.wikihow.com\/Disable-Cookies\">http:\/\/www.wikihow.com\/Disable-Cookies<\/a><\/p>\n<p align=\"justify\">Si se opta por desactivar el uso de cookies, algunas de las funciones del servicio no estaran disponibles, no tendr\u00e1n plena funcionalidad o no se ejecutaran como se espera (Por ejemplo: funciones de registro, inicio de sesi\u00f3n, personalizaci\u00f3n de formatos, uso de redes sociales, opci\u00f3n de recordar tipo de acceso m\u00f3vil o web, etc).<\/p>\n<\/div><\/section>\n","protected":false},"excerpt":{"rendered":"","protected":false},"author":1,"featured_media":0,"parent":0,"menu_order":0,"comment_status":"closed","ping_status":"closed","template":"","meta":{"footnotes":""},"class_list":["post-447","page","type-page","status-publish","hentry"],"yoast_head":"<!-- This site is optimized with the Yoast SEO plugin v27.2 - https:\/\/yoast.com\/product\/yoast-seo-wordpress\/ -->\n<title>Pol\u00edtica de cookies &#8226; Agr\u00edcola Colomer &#8226; Maquinaria Agricola en Girona<\/title>\n<meta name=\"robots\" content=\"noindex, nofollow\" \/>\n<meta property=\"og:locale\" content=\"es_ES\" \/>\n<meta property=\"og:type\" content=\"article\" \/>\n<meta property=\"og:title\" content=\"Pol\u00edtica de cookies &#8226; Agr\u00edcola Colomer &#8226; Maquinaria Agricola en Girona\" \/>\n<meta property=\"og:url\" content=\"https:\/\/www.agricolacolomer.cat\/es\/politica-de-cookies\/\" \/>\n<meta property=\"og:site_name\" content=\"Agr\u00edcola Colomer\" \/>\n<meta property=\"article:modified_time\" content=\"2022-12-01T17:00:10+00:00\" \/>\n<meta name=\"twitter:card\" content=\"summary_large_image\" \/>\n<meta name=\"twitter:label1\" content=\"Tiempo de lectura\" \/>\n\t<meta name=\"twitter:data1\" content=\"7 minutos\" \/>\n<script type=\"application\/ld+json\" class=\"yoast-schema-graph\">{\"@context\":\"https:\/\/schema.org\",\"@graph\":[{\"@type\":\"WebPage\",\"@id\":\"https:\/\/www.agricolacolomer.cat\/es\/politica-de-cookies\/\",\"url\":\"https:\/\/www.agricolacolomer.cat\/es\/politica-de-cookies\/\",\"name\":\"Pol\u00edtica de cookies &#8226; Agr\u00edcola Colomer &#8226; Maquinaria Agricola en Girona\",\"isPartOf\":{\"@id\":\"https:\/\/www.agricolacolomer.cat\/es\/#website\"},\"datePublished\":\"2021-12-09T15:40:53+00:00\",\"dateModified\":\"2022-12-01T17:00:10+00:00\",\"breadcrumb\":{\"@id\":\"https:\/\/www.agricolacolomer.cat\/es\/politica-de-cookies\/#breadcrumb\"},\"inLanguage\":\"es\",\"potentialAction\":[{\"@type\":\"ReadAction\",\"target\":[\"https:\/\/www.agricolacolomer.cat\/es\/politica-de-cookies\/\"]}]},{\"@type\":\"BreadcrumbList\",\"@id\":\"https:\/\/www.agricolacolomer.cat\/es\/politica-de-cookies\/#breadcrumb\",\"itemListElement\":[{\"@type\":\"ListItem\",\"position\":1,\"name\":\"Inici\",\"item\":\"https:\/\/www.agricolacolomer.cat\/es\/maquinaria-agricola-a-girona\/\"},{\"@type\":\"ListItem\",\"position\":2,\"name\":\"Pol\u00edtica de cookies\"}]},{\"@type\":\"WebSite\",\"@id\":\"https:\/\/www.agricolacolomer.cat\/es\/#website\",\"url\":\"https:\/\/www.agricolacolomer.cat\/es\/\",\"name\":\"Agr\u00edcola Colomer\",\"description\":\"Maquinaria agr\u00edcola en el Alt Empord\u00e0\",\"publisher\":{\"@id\":\"https:\/\/www.agricolacolomer.cat\/es\/#organization\"},\"potentialAction\":[{\"@type\":\"SearchAction\",\"target\":{\"@type\":\"EntryPoint\",\"urlTemplate\":\"https:\/\/www.agricolacolomer.cat\/es\/?s={search_term_string}\"},\"query-input\":{\"@type\":\"PropertyValueSpecification\",\"valueRequired\":true,\"valueName\":\"search_term_string\"}}],\"inLanguage\":\"es\"},{\"@type\":\"Organization\",\"@id\":\"https:\/\/www.agricolacolomer.cat\/es\/#organization\",\"name\":\"Agricola Colomer\",\"url\":\"https:\/\/www.agricolacolomer.cat\/es\/\",\"logo\":{\"@type\":\"ImageObject\",\"inLanguage\":\"es\",\"@id\":\"https:\/\/www.agricolacolomer.cat\/es\/#\/schema\/logo\/image\/\",\"url\":\"https:\/\/www.agricolacolomer.cat\/wp-content\/uploads\/2021\/11\/colomer.jpg\",\"contentUrl\":\"https:\/\/www.agricolacolomer.cat\/wp-content\/uploads\/2021\/11\/colomer.jpg\",\"width\":300,\"height\":300,\"caption\":\"Agricola Colomer\"},\"image\":{\"@id\":\"https:\/\/www.agricolacolomer.cat\/es\/#\/schema\/logo\/image\/\"}}]}<\/script>\n<!-- \/ Yoast SEO plugin. -->","yoast_head_json":{"title":"Pol\u00edtica de cookies &#8226; Agr\u00edcola Colomer &#8226; Maquinaria Agricola en Girona","robots":{"index":"noindex","follow":"nofollow"},"og_locale":"es_ES","og_type":"article","og_title":"Pol\u00edtica de cookies &#8226; Agr\u00edcola Colomer &#8226; Maquinaria Agricola en Girona","og_url":"https:\/\/www.agricolacolomer.cat\/es\/politica-de-cookies\/","og_site_name":"Agr\u00edcola Colomer","article_modified_time":"2022-12-01T17:00:10+00:00","twitter_card":"summary_large_image","twitter_misc":{"Tiempo de lectura":"7 minutos"},"schema":{"@context":"https:\/\/schema.org","@graph":[{"@type":"WebPage","@id":"https:\/\/www.agricolacolomer.cat\/es\/politica-de-cookies\/","url":"https:\/\/www.agricolacolomer.cat\/es\/politica-de-cookies\/","name":"Pol\u00edtica de cookies &#8226; Agr\u00edcola Colomer &#8226; Maquinaria Agricola en Girona","isPartOf":{"@id":"https:\/\/www.agricolacolomer.cat\/es\/#website"},"datePublished":"2021-12-09T15:40:53+00:00","dateModified":"2022-12-01T17:00:10+00:00","breadcrumb":{"@id":"https:\/\/www.agricolacolomer.cat\/es\/politica-de-cookies\/#breadcrumb"},"inLanguage":"es","potentialAction":[{"@type":"ReadAction","target":["https:\/\/www.agricolacolomer.cat\/es\/politica-de-cookies\/"]}]},{"@type":"BreadcrumbList","@id":"https:\/\/www.agricolacolomer.cat\/es\/politica-de-cookies\/#breadcrumb","itemListElement":[{"@type":"ListItem","position":1,"name":"Inici","item":"https:\/\/www.agricolacolomer.cat\/es\/maquinaria-agricola-a-girona\/"},{"@type":"ListItem","position":2,"name":"Pol\u00edtica de cookies"}]},{"@type":"WebSite","@id":"https:\/\/www.agricolacolomer.cat\/es\/#website","url":"https:\/\/www.agricolacolomer.cat\/es\/","name":"Agr\u00edcola Colomer","description":"Maquinaria agr\u00edcola en el Alt Empord\u00e0","publisher":{"@id":"https:\/\/www.agricolacolomer.cat\/es\/#organization"},"potentialAction":[{"@type":"SearchAction","target":{"@type":"EntryPoint","urlTemplate":"https:\/\/www.agricolacolomer.cat\/es\/?s={search_term_string}"},"query-input":{"@type":"PropertyValueSpecification","valueRequired":true,"valueName":"search_term_string"}}],"inLanguage":"es"},{"@type":"Organization","@id":"https:\/\/www.agricolacolomer.cat\/es\/#organization","name":"Agricola Colomer","url":"https:\/\/www.agricolacolomer.cat\/es\/","logo":{"@type":"ImageObject","inLanguage":"es","@id":"https:\/\/www.agricolacolomer.cat\/es\/#\/schema\/logo\/image\/","url":"https:\/\/www.agricolacolomer.cat\/wp-content\/uploads\/2021\/11\/colomer.jpg","contentUrl":"https:\/\/www.agricolacolomer.cat\/wp-content\/uploads\/2021\/11\/colomer.jpg","width":300,"height":300,"caption":"Agricola Colomer"},"image":{"@id":"https:\/\/www.agricolacolomer.cat\/es\/#\/schema\/logo\/image\/"}}]}},"_links":{"self":[{"href":"https:\/\/www.agricolacolomer.cat\/es\/wp-json\/wp\/v2\/pages\/447","targetHints":{"allow":["GET"]}}],"collection":[{"href":"https:\/\/www.agricolacolomer.cat\/es\/wp-json\/wp\/v2\/pages"}],"about":[{"href":"https:\/\/www.agricolacolomer.cat\/es\/wp-json\/wp\/v2\/types\/page"}],"author":[{"embeddable":true,"href":"https:\/\/www.agricolacolomer.cat\/es\/wp-json\/wp\/v2\/users\/1"}],"replies":[{"embeddable":true,"href":"https:\/\/www.agricolacolomer.cat\/es\/wp-json\/wp\/v2\/comments?post=447"}],"version-history":[{"count":6,"href":"https:\/\/www.agricolacolomer.cat\/es\/wp-json\/wp\/v2\/pages\/447\/revisions"}],"predecessor-version":[{"id":893,"href":"https:\/\/www.agricolacolomer.cat\/es\/wp-json\/wp\/v2\/pages\/447\/revisions\/893"}],"wp:attachment":[{"href":"https:\/\/www.agricolacolomer.cat\/es\/wp-json\/wp\/v2\/media?parent=447"}],"curies":[{"name":"wp","href":"https:\/\/api.w.org\/{rel}","templated":true}]}}