{"id":453,"date":"2021-12-09T15:43:06","date_gmt":"2021-12-09T15:43:06","guid":{"rendered":"https:\/\/agricolacolomer.cat\/politica-de-privacidad\/"},"modified":"2022-12-01T17:01:22","modified_gmt":"2022-12-01T17:01:22","slug":"politica-de-privacidad","status":"publish","type":"page","link":"https:\/\/www.agricolacolomer.cat\/es\/politica-de-privacidad\/","title":{"rendered":"Pol\u00edtica de privacidad"},"content":{"rendered":"<section  class='av_textblock_section av-kvi04i4u-ef5ceabb07f221e4657bf1e016f944f4 '   itemscope=\"itemscope\" itemtype=\"https:\/\/schema.org\/CreativeWork\" ><div class='avia_textblock'  itemprop=\"text\" ><div>1.\u00a0<strong>Uso y tratamiento de datos de car\u00e1cter personal<\/strong><\/div>\n<div><\/div>\n<div>AGR\u00cdCOLA COLOMER SL (en adelante, EL PROPIETARIO DE LA WEB) le informa que los datos de car\u00e1cter personal que pudieran proporcionarse, a trav\u00e9s del website, as\u00ed como los que pudiera facilitar en el futuro en el marco de su relaci\u00f3n jur\u00eddica con esta entidad, ser\u00e1n incorporados en los ficheros titularidad de EL PROPIETARIO DE LA WEB, cuyos datos constan en el encabezamiento.<\/div>\n<div><\/div>\n<div>Estos ficheros tienen la finalidad de gestionar, administrar, prestarle los servicios o facilitarle los productos que solicite, y en su caso, para el cumplimiento y ejecuci\u00f3n de los contratos que pudiera celebrar, conocer mejor sus gustos, adecuar los servicios a sus preferencias, as\u00ed como poder ofrecerle nuevos servicios o productos y enviarle informaci\u00f3n relacionada con las actividades de EL PROPIETARIO DE LA WEB, a trav\u00e9s de cualquier medio, incluso el electr\u00f3nico. Los destinatarios de la informaci\u00f3n recogida ser\u00e1n, principalmente, los empleados de EL PROPIETARIO DE LA WEB.<\/div>\n<div><\/div>\n<div>Salvo en los campos en que expresamente se determine lo contrario por medio de un asterisco (*), las respuestas a las preguntas sobre datos personales son voluntarias, sin que la falta de contestaci\u00f3n a dichas preguntas implique una merma en la calidad de los servicios que Usted solicita. La falta de cumplimentaci\u00f3n de los campos determinados como obligatorios o el suministro de datos incorrectos imposibilitar\u00e1 que EL PROPIETARIO DE LA WEB pueda prestarle los servicios o le facilite los productos que solicite.<\/div>\n<div><\/div>\n<div>El consentimiento otorgado para el tratamiento de sus datos personales, puede ser revocado en cualquier momento, dirigi\u00e9ndose a la direcci\u00f3n de EL PROPIETARIO DE LA WEB o a trav\u00e9s del correo electr\u00f3nico agricolacolomer@gmail.com<\/div>\n<div><\/div>\n<div>Los usuarios garantizan y responden, en cualquier caso, de la exactitud, vigencia y autenticidad de los datos personales facilitados y se comprometen a mantenerlos debidamente actualizados.<\/div>\n<div><\/div>\n<div>2.\u00a0<strong>Ejercicio de derechos: acceso, rectificaci\u00f3n, cancelaci\u00f3n y oposici\u00f3n<\/strong><\/div>\n<div><\/div>\n<div>Aquellas personas f\u00edsicas que hayan facilitado sus datos a EL PROPIETARIO DE LA WEB podr\u00e1n ejercitar gratuitamente los derechos de acceso, rectificaci\u00f3n, cancelaci\u00f3n y oposici\u00f3n respecto de los datos incorporados en los ficheros de EL PROPIETARIO DE LA WEB<\/div>\n<div><\/div>\n<div>Dado el car\u00e1cter confidencial de la informaci\u00f3n, Vd. no podr\u00e1 ejercitar sus derechos telef\u00f3nicamente, lo debe solicitar por cualquier medio que deje constancia de su env\u00edo y de su recepci\u00f3n y remitir copia de su DNI o documento equivalente.<\/div>\n<div><\/div>\n<div>El interesado podr\u00e1 ejercitar sus derechos mediante comunicaci\u00f3n por escrito dirigida a EL PROPIETARIO DE LA WEB en la direcci\u00f3n indicada al inicio o a la direcci\u00f3n de correo electr\u00f3nico agricolacolomer@gmail.com<\/div>\n<div><\/div>\n<div>3.\u00a0<strong>Medidas de seguridad<\/strong><\/div>\n<div><\/div>\n<div>EL PROPIETARIO DE LA WEB le informa que tiene implantadas las medidas de seguridad de \u00edndole t\u00e9cnica y organizativas necesarias para garantizar la seguridad de sus datos de car\u00e1cter personal y evitar su alteraci\u00f3n, p\u00e9rdida y tratamiento y\/o acceso no autorizado, habida cuenta del estado de la tecnolog\u00eda, la naturaleza de los datos almacenados y los riesgos a que est\u00e1n expuestos, ya provengan de la acci\u00f3n humana o del medio f\u00edsico o natural.<\/div>\n<div><\/div>\n<div>El usuario debe ser consciente de que las medidas de seguridad en Internet no son inexpugnables y enteramente fiables y que EL PROPIETARIO DE LA WEB no puede garantizar la inexistencia de virus u otros elementos que pudieran producir alteraciones en los sistemas inform\u00e1ticos (software y hardware) del usuario.<\/div>\n<div><\/div>\n<div>4.\u00a0<strong>Menores de edad<\/strong><\/div>\n<div><\/div>\n<div>En el supuesto que alguno de los servicios y productos vayan dirigidos a menores de 14 a\u00f1os. EL PROPIETARIO DE LA WEB solicitar\u00e1 el consentimiento de los padres o tutores para la recogida de los datos personales del menor.<\/div>\n<div><\/div>\n<div>EL PROPIETARIO DE LA WEB no responde de aquellos datos de menores que sin poder conocer EL PROPIETARIO DE LA WEB este hecho se haya facilitado sin el consentimiento de los padres o tutores.<\/div>\n<div><\/div>\n<div>5.\u00a0<strong>Modificaci\u00f3n de la pol\u00edtica de privacidad<\/strong><\/div>\n<div><\/div>\n<div>EL PROPIETARIO DE LA WEB se reserva el derecho a modificar su Pol\u00edtica de Privacidad, de acuerdo a su propio criterio, o motivado por un cambio doctrinal de la Autoridad competente en Protecci\u00f3n de Datos, legislativo o jurisprudencial. Cualquier modificaci\u00f3n de la Pol\u00edtica de Privacidad ser\u00e1 publicada, antes de su efectiva aplicaci\u00f3n. El uso de la Web despu\u00e9s de dichos cambios, implicar\u00e1 la aceptaci\u00f3n de estos.<\/div>\n<div><\/div>\n<div>6.\u00a0<strong>Legislaci\u00f3n aplicable<\/strong><\/div>\n<div><\/div>\n<div>Cualquier controversia que se derive del uso de este site, ser\u00e1 regida, interpretada y sometida de acuerdo con las leyes de Espa\u00f1a.<\/div>\n<\/div><\/section>\n","protected":false},"excerpt":{"rendered":"","protected":false},"author":1,"featured_media":0,"parent":0,"menu_order":0,"comment_status":"closed","ping_status":"closed","template":"","meta":{"footnotes":""},"class_list":["post-453","page","type-page","status-publish","hentry"],"yoast_head":"<!-- This site is optimized with the Yoast SEO plugin v27.2 - https:\/\/yoast.com\/product\/yoast-seo-wordpress\/ -->\n<title>Pol\u00edtica de privacidad &#8226; Agr\u00edcola Colomer &#8226; Maquinaria Agricola en Girona<\/title>\n<meta name=\"robots\" content=\"noindex, nofollow\" \/>\n<meta property=\"og:locale\" content=\"es_ES\" \/>\n<meta property=\"og:type\" content=\"article\" \/>\n<meta property=\"og:title\" content=\"Pol\u00edtica de privacidad &#8226; Agr\u00edcola Colomer &#8226; Maquinaria Agricola en Girona\" \/>\n<meta property=\"og:url\" content=\"https:\/\/www.agricolacolomer.cat\/es\/politica-de-privacidad\/\" \/>\n<meta property=\"og:site_name\" content=\"Agr\u00edcola Colomer\" \/>\n<meta property=\"article:modified_time\" content=\"2022-12-01T17:01:22+00:00\" \/>\n<meta name=\"twitter:card\" content=\"summary_large_image\" \/>\n<meta name=\"twitter:label1\" content=\"Tiempo de lectura\" \/>\n\t<meta name=\"twitter:data1\" content=\"4 minutos\" \/>\n<script type=\"application\/ld+json\" class=\"yoast-schema-graph\">{\"@context\":\"https:\/\/schema.org\",\"@graph\":[{\"@type\":\"WebPage\",\"@id\":\"https:\/\/www.agricolacolomer.cat\/es\/politica-de-privacidad\/\",\"url\":\"https:\/\/www.agricolacolomer.cat\/es\/politica-de-privacidad\/\",\"name\":\"Pol\u00edtica de privacidad &#8226; Agr\u00edcola Colomer &#8226; Maquinaria Agricola en Girona\",\"isPartOf\":{\"@id\":\"https:\/\/www.agricolacolomer.cat\/es\/#website\"},\"datePublished\":\"2021-12-09T15:43:06+00:00\",\"dateModified\":\"2022-12-01T17:01:22+00:00\",\"breadcrumb\":{\"@id\":\"https:\/\/www.agricolacolomer.cat\/es\/politica-de-privacidad\/#breadcrumb\"},\"inLanguage\":\"es\",\"potentialAction\":[{\"@type\":\"ReadAction\",\"target\":[\"https:\/\/www.agricolacolomer.cat\/es\/politica-de-privacidad\/\"]}]},{\"@type\":\"BreadcrumbList\",\"@id\":\"https:\/\/www.agricolacolomer.cat\/es\/politica-de-privacidad\/#breadcrumb\",\"itemListElement\":[{\"@type\":\"ListItem\",\"position\":1,\"name\":\"Inici\",\"item\":\"https:\/\/www.agricolacolomer.cat\/es\/maquinaria-agricola-a-girona\/\"},{\"@type\":\"ListItem\",\"position\":2,\"name\":\"Pol\u00edtica de privacidad\"}]},{\"@type\":\"WebSite\",\"@id\":\"https:\/\/www.agricolacolomer.cat\/es\/#website\",\"url\":\"https:\/\/www.agricolacolomer.cat\/es\/\",\"name\":\"Agr\u00edcola Colomer\",\"description\":\"Maquinaria agr\u00edcola en el Alt Empord\u00e0\",\"publisher\":{\"@id\":\"https:\/\/www.agricolacolomer.cat\/es\/#organization\"},\"potentialAction\":[{\"@type\":\"SearchAction\",\"target\":{\"@type\":\"EntryPoint\",\"urlTemplate\":\"https:\/\/www.agricolacolomer.cat\/es\/?s={search_term_string}\"},\"query-input\":{\"@type\":\"PropertyValueSpecification\",\"valueRequired\":true,\"valueName\":\"search_term_string\"}}],\"inLanguage\":\"es\"},{\"@type\":\"Organization\",\"@id\":\"https:\/\/www.agricolacolomer.cat\/es\/#organization\",\"name\":\"Agricola Colomer\",\"url\":\"https:\/\/www.agricolacolomer.cat\/es\/\",\"logo\":{\"@type\":\"ImageObject\",\"inLanguage\":\"es\",\"@id\":\"https:\/\/www.agricolacolomer.cat\/es\/#\/schema\/logo\/image\/\",\"url\":\"https:\/\/www.agricolacolomer.cat\/wp-content\/uploads\/2021\/11\/colomer.jpg\",\"contentUrl\":\"https:\/\/www.agricolacolomer.cat\/wp-content\/uploads\/2021\/11\/colomer.jpg\",\"width\":300,\"height\":300,\"caption\":\"Agricola Colomer\"},\"image\":{\"@id\":\"https:\/\/www.agricolacolomer.cat\/es\/#\/schema\/logo\/image\/\"}}]}<\/script>\n<!-- \/ Yoast SEO plugin. -->","yoast_head_json":{"title":"Pol\u00edtica de privacidad &#8226; Agr\u00edcola Colomer &#8226; Maquinaria Agricola en Girona","robots":{"index":"noindex","follow":"nofollow"},"og_locale":"es_ES","og_type":"article","og_title":"Pol\u00edtica de privacidad &#8226; Agr\u00edcola Colomer &#8226; Maquinaria Agricola en Girona","og_url":"https:\/\/www.agricolacolomer.cat\/es\/politica-de-privacidad\/","og_site_name":"Agr\u00edcola Colomer","article_modified_time":"2022-12-01T17:01:22+00:00","twitter_card":"summary_large_image","twitter_misc":{"Tiempo de lectura":"4 minutos"},"schema":{"@context":"https:\/\/schema.org","@graph":[{"@type":"WebPage","@id":"https:\/\/www.agricolacolomer.cat\/es\/politica-de-privacidad\/","url":"https:\/\/www.agricolacolomer.cat\/es\/politica-de-privacidad\/","name":"Pol\u00edtica de privacidad &#8226; Agr\u00edcola Colomer &#8226; Maquinaria Agricola en Girona","isPartOf":{"@id":"https:\/\/www.agricolacolomer.cat\/es\/#website"},"datePublished":"2021-12-09T15:43:06+00:00","dateModified":"2022-12-01T17:01:22+00:00","breadcrumb":{"@id":"https:\/\/www.agricolacolomer.cat\/es\/politica-de-privacidad\/#breadcrumb"},"inLanguage":"es","potentialAction":[{"@type":"ReadAction","target":["https:\/\/www.agricolacolomer.cat\/es\/politica-de-privacidad\/"]}]},{"@type":"BreadcrumbList","@id":"https:\/\/www.agricolacolomer.cat\/es\/politica-de-privacidad\/#breadcrumb","itemListElement":[{"@type":"ListItem","position":1,"name":"Inici","item":"https:\/\/www.agricolacolomer.cat\/es\/maquinaria-agricola-a-girona\/"},{"@type":"ListItem","position":2,"name":"Pol\u00edtica de privacidad"}]},{"@type":"WebSite","@id":"https:\/\/www.agricolacolomer.cat\/es\/#website","url":"https:\/\/www.agricolacolomer.cat\/es\/","name":"Agr\u00edcola Colomer","description":"Maquinaria agr\u00edcola en el Alt Empord\u00e0","publisher":{"@id":"https:\/\/www.agricolacolomer.cat\/es\/#organization"},"potentialAction":[{"@type":"SearchAction","target":{"@type":"EntryPoint","urlTemplate":"https:\/\/www.agricolacolomer.cat\/es\/?s={search_term_string}"},"query-input":{"@type":"PropertyValueSpecification","valueRequired":true,"valueName":"search_term_string"}}],"inLanguage":"es"},{"@type":"Organization","@id":"https:\/\/www.agricolacolomer.cat\/es\/#organization","name":"Agricola Colomer","url":"https:\/\/www.agricolacolomer.cat\/es\/","logo":{"@type":"ImageObject","inLanguage":"es","@id":"https:\/\/www.agricolacolomer.cat\/es\/#\/schema\/logo\/image\/","url":"https:\/\/www.agricolacolomer.cat\/wp-content\/uploads\/2021\/11\/colomer.jpg","contentUrl":"https:\/\/www.agricolacolomer.cat\/wp-content\/uploads\/2021\/11\/colomer.jpg","width":300,"height":300,"caption":"Agricola Colomer"},"image":{"@id":"https:\/\/www.agricolacolomer.cat\/es\/#\/schema\/logo\/image\/"}}]}},"_links":{"self":[{"href":"https:\/\/www.agricolacolomer.cat\/es\/wp-json\/wp\/v2\/pages\/453","targetHints":{"allow":["GET"]}}],"collection":[{"href":"https:\/\/www.agricolacolomer.cat\/es\/wp-json\/wp\/v2\/pages"}],"about":[{"href":"https:\/\/www.agricolacolomer.cat\/es\/wp-json\/wp\/v2\/types\/page"}],"author":[{"embeddable":true,"href":"https:\/\/www.agricolacolomer.cat\/es\/wp-json\/wp\/v2\/users\/1"}],"replies":[{"embeddable":true,"href":"https:\/\/www.agricolacolomer.cat\/es\/wp-json\/wp\/v2\/comments?post=453"}],"version-history":[{"count":5,"href":"https:\/\/www.agricolacolomer.cat\/es\/wp-json\/wp\/v2\/pages\/453\/revisions"}],"predecessor-version":[{"id":458,"href":"https:\/\/www.agricolacolomer.cat\/es\/wp-json\/wp\/v2\/pages\/453\/revisions\/458"}],"wp:attachment":[{"href":"https:\/\/www.agricolacolomer.cat\/es\/wp-json\/wp\/v2\/media?parent=453"}],"curies":[{"name":"wp","href":"https:\/\/api.w.org\/{rel}","templated":true}]}}