{"id":459,"date":"2021-12-09T15:48:31","date_gmt":"2021-12-09T15:48:31","guid":{"rendered":"https:\/\/agricolacolomer.cat\/servicios\/"},"modified":"2022-12-01T17:05:57","modified_gmt":"2022-12-01T17:05:57","slug":"servicios","status":"publish","type":"page","link":"https:\/\/www.agricolacolomer.cat\/es\/servicios\/","title":{"rendered":"Servicios"},"content":{"rendered":"\n<style type=\"text\/css\" data-created_by=\"avia_inline_auto\" id=\"style-css-av-ryqd-0d930aa86e3b27437a578dd3e083b33f\">\n#top .av-special-heading.av-ryqd-0d930aa86e3b27437a578dd3e083b33f{\npadding-bottom:0;\n}\nbody .av-special-heading.av-ryqd-0d930aa86e3b27437a578dd3e083b33f .av-special-heading-tag .heading-char{\nfont-size:25px;\n}\n.av-special-heading.av-ryqd-0d930aa86e3b27437a578dd3e083b33f .av-subheading{\nfont-size:15px;\n}\n<\/style>\n<div  class='av-special-heading av-ryqd-0d930aa86e3b27437a578dd3e083b33f av-special-heading-h2 blockquote modern-quote modern-centered  avia-builder-el-0  el_before_av_hr  avia-builder-el-first '><h2 class='av-special-heading-tag '  itemprop=\"headline\"  >Nuestros servicios<\/h2><div class=\"special-heading-border\"><div class=\"special-heading-inner-border\"><\/div><\/div><\/div>\n\n<style type=\"text\/css\" data-created_by=\"avia_inline_auto\" id=\"style-css-av-im7vh-91888629067b2c92a43d295886cd3c1b\">\n#top .hr.av-im7vh-91888629067b2c92a43d295886cd3c1b{\nmargin-top:5px;\nmargin-bottom:35px;\n}\n.hr.av-im7vh-91888629067b2c92a43d295886cd3c1b .hr-inner{\nwidth:50px;\nborder-color:#386a43;\n}\n<\/style>\n<div  class='hr av-im7vh-91888629067b2c92a43d295886cd3c1b hr-custom  avia-builder-el-1  el_after_av_heading  el_before_av_one_third  hr-center hr-icon-no'><span class='hr-inner inner-border-av-border-fat'><span class=\"hr-inner-style\"><\/span><\/span><\/div>\n\n<style type=\"text\/css\" data-created_by=\"avia_inline_auto\" id=\"style-css-av-hy1w1-a30be8211b5fb218859313ba6f8fb697\">\n.flex_column.av-hy1w1-a30be8211b5fb218859313ba6f8fb697{\nborder-radius:0px 0px 0px 0px;\npadding:0px 0px 0px 0px;\n}\n<\/style>\n<div  class='flex_column av-hy1w1-a30be8211b5fb218859313ba6f8fb697 av_one_third  avia-builder-el-2  el_after_av_hr  el_before_av_one_third  first flex_column_div av-animated-generic bottom-to-top av-zero-column-padding  '     ><p>\n<style type=\"text\/css\" data-created_by=\"avia_inline_auto\" id=\"style-css-av-hlbv5-8df9332be0e1047f5c85eaab037fe763\">\n.avia-image-container.av-hlbv5-8df9332be0e1047f5c85eaab037fe763 img.avia_image{\nbox-shadow:none;\n}\n.avia-image-container.av-hlbv5-8df9332be0e1047f5c85eaab037fe763 .av-image-caption-overlay-center{\ncolor:#ffffff;\n}\n<\/style>\n<div  class='avia-image-container av-hlbv5-8df9332be0e1047f5c85eaab037fe763 av-styling-no-styling av-img-linked avia-align-center  avia-builder-el-3  el_before_av_heading  avia-builder-el-first '   itemprop=\"image\" itemscope=\"itemscope\" itemtype=\"https:\/\/schema.org\/ImageObject\" ><div class=\"avia-image-container-inner\"><div class=\"avia-image-overlay-wrap\"><img decoding=\"async\" fetchpriority=\"high\" class='wp-image-407 avia-img-lazy-loading-not-407 avia_image ' src=\"https:\/\/www.agricolacolomer.cat\/wp-content\/uploads\/2021\/11\/163811-300x201.jpg\" alt='' title=''  height=\"201\" width=\"300\"  itemprop=\"thumbnailUrl\" srcset=\"https:\/\/www.agricolacolomer.cat\/wp-content\/uploads\/2021\/11\/163811-300x201.jpg 300w, https:\/\/www.agricolacolomer.cat\/wp-content\/uploads\/2021\/11\/163811.jpg 482w\" sizes=\"(max-width: 300px) 100vw, 300px\" \/><\/div><\/div><\/div><br \/>\n\n<style type=\"text\/css\" data-created_by=\"avia_inline_auto\" id=\"style-css-av-1jhh1-e5864017293f0d1042398f63483481ae\">\n#top .av-special-heading.av-1jhh1-e5864017293f0d1042398f63483481ae{\npadding-bottom:0;\n}\nbody .av-special-heading.av-1jhh1-e5864017293f0d1042398f63483481ae .av-special-heading-tag .heading-char{\nfont-size:25px;\n}\n.av-special-heading.av-1jhh1-e5864017293f0d1042398f63483481ae .av-subheading{\nfont-size:15px;\n}\n<\/style>\n<div  class='av-special-heading av-1jhh1-e5864017293f0d1042398f63483481ae av-special-heading-h3 blockquote modern-quote modern-centered  avia-builder-el-4  el_after_av_image  el_before_av_hr '><h3 class='av-special-heading-tag '  itemprop=\"headline\"  >Productos de ocasi\u00f3n<\/h3><div class=\"special-heading-border\"><div class=\"special-heading-inner-border\"><\/div><\/div><\/div><br \/>\n\n<style type=\"text\/css\" data-created_by=\"avia_inline_auto\" id=\"style-css-av-g9eeh-7bfa4a528f4192cec4d6c1a0a943eb37\">\n#top .hr.av-g9eeh-7bfa4a528f4192cec4d6c1a0a943eb37{\nmargin-top:10px;\nmargin-bottom:10px;\n}\n.hr.av-g9eeh-7bfa4a528f4192cec4d6c1a0a943eb37 .hr-inner{\nwidth:50px;\nborder-color:#386a43;\n}\n<\/style>\n<div  class='hr av-g9eeh-7bfa4a528f4192cec4d6c1a0a943eb37 hr-custom  avia-builder-el-5  el_after_av_heading  el_before_av_textblock  hr-left hr-icon-no'><span class='hr-inner inner-border-av-border-fat'><span class=\"hr-inner-style\"><\/span><\/span><\/div><br \/>\n<section  class='av_textblock_section av-fuwsp-a6b446d0240b7df2a5882be3d5b5fe62 '   itemscope=\"itemscope\" itemtype=\"https:\/\/schema.org\/CreativeWork\" ><div class='avia_textblock'  itemprop=\"text\" ><p>Disponemos de tractores y maquinaria de ocasi\u00f3n. Todas las m\u00e1quinas est\u00e1n totalmente revisadas por nuestro servicio t\u00e9cnico, puestas a punto y preparadas para trabajar. Visitadnos y solicitad una demostraci\u00f3n sin compromiso.<\/p>\n<\/div><\/section><\/p><\/div>\n\n<style type=\"text\/css\" data-created_by=\"avia_inline_auto\" id=\"style-css-av-1jq45-3022ab4a1ac948ee2315721d7325290e\">\n.flex_column.av-1jq45-3022ab4a1ac948ee2315721d7325290e{\nborder-radius:0px 0px 0px 0px;\npadding:0px 0px 0px 0px;\n}\n<\/style>\n<div  class='flex_column av-1jq45-3022ab4a1ac948ee2315721d7325290e av_one_third  avia-builder-el-7  el_after_av_one_third  el_before_av_one_third  flex_column_div av-animated-generic bottom-to-top av-zero-column-padding  '     ><p>\n<style type=\"text\/css\" data-created_by=\"avia_inline_auto\" id=\"style-css-av-1fv5d-e586e1aeaa138079e02f4e2a4e57d526\">\n.avia-image-container.av-1fv5d-e586e1aeaa138079e02f4e2a4e57d526 img.avia_image{\nbox-shadow:none;\n}\n.avia-image-container.av-1fv5d-e586e1aeaa138079e02f4e2a4e57d526 .av-image-caption-overlay-center{\ncolor:#ffffff;\n}\n<\/style>\n<div  class='avia-image-container av-1fv5d-e586e1aeaa138079e02f4e2a4e57d526 av-styling-no-styling av-img-linked avia-align-center  avia-builder-el-8  el_before_av_heading  avia-builder-el-first '   itemprop=\"image\" itemscope=\"itemscope\" itemtype=\"https:\/\/schema.org\/ImageObject\" ><div class=\"avia-image-container-inner\"><div class=\"avia-image-overlay-wrap\"><img decoding=\"async\" fetchpriority=\"high\" class='wp-image-410 avia-img-lazy-loading-not-410 avia_image ' src=\"https:\/\/www.agricolacolomer.cat\/wp-content\/uploads\/2021\/11\/product_722-RearMount-Engine-Angled-800x9801623438993-1458574-1-300x201.jpg\" alt='' title=''  height=\"201\" width=\"300\"  itemprop=\"thumbnailUrl\" srcset=\"https:\/\/www.agricolacolomer.cat\/wp-content\/uploads\/2021\/11\/product_722-RearMount-Engine-Angled-800x9801623438993-1458574-1-300x201.jpg 300w, https:\/\/www.agricolacolomer.cat\/wp-content\/uploads\/2021\/11\/product_722-RearMount-Engine-Angled-800x9801623438993-1458574-1.jpg 482w\" sizes=\"(max-width: 300px) 100vw, 300px\" \/><\/div><\/div><\/div><br \/>\n\n<style type=\"text\/css\" data-created_by=\"avia_inline_auto\" id=\"style-css-av-kvhyn2lq-fb02c5980adc117ef123ca609b080c41\">\n#top .av-special-heading.av-kvhyn2lq-fb02c5980adc117ef123ca609b080c41{\npadding-bottom:0;\n}\nbody .av-special-heading.av-kvhyn2lq-fb02c5980adc117ef123ca609b080c41 .av-special-heading-tag .heading-char{\nfont-size:25px;\n}\n.av-special-heading.av-kvhyn2lq-fb02c5980adc117ef123ca609b080c41 .av-subheading{\nfont-size:15px;\n}\n<\/style>\n<div  class='av-special-heading av-kvhyn2lq-fb02c5980adc117ef123ca609b080c41 av-special-heading-h3 blockquote modern-quote modern-centered  avia-builder-el-9  el_after_av_image  el_before_av_hr '><h3 class='av-special-heading-tag '  itemprop=\"headline\"  >Maquinaria agr\u00edcola<\/h3><div class=\"special-heading-border\"><div class=\"special-heading-inner-border\"><\/div><\/div><\/div><br \/>\n\n<style type=\"text\/css\" data-created_by=\"avia_inline_auto\" id=\"style-css-av-dhgn1-bf55fbaec803ee37bb3b279399957b69\">\n#top .hr.av-dhgn1-bf55fbaec803ee37bb3b279399957b69{\nmargin-top:10px;\nmargin-bottom:10px;\n}\n.hr.av-dhgn1-bf55fbaec803ee37bb3b279399957b69 .hr-inner{\nwidth:50px;\nborder-color:#386a43;\n}\n<\/style>\n<div  class='hr av-dhgn1-bf55fbaec803ee37bb3b279399957b69 hr-custom  avia-builder-el-10  el_after_av_heading  el_before_av_textblock  hr-left hr-icon-no'><span class='hr-inner inner-border-av-border-fat'><span class=\"hr-inner-style\"><\/span><\/span><\/div><br \/>\n<section  class='av_textblock_section av-cnc85-2e588cda2d067f6a0533277fd449f478 '   itemscope=\"itemscope\" itemtype=\"https:\/\/schema.org\/CreativeWork\" ><div class='avia_textblock'  itemprop=\"text\" ><p>Garantizamos una atenci\u00f3n de primer nivel. Nuestro inter\u00e9s es que encuentres la maquinaria que se ajuste a tus necesidades. Le asesoraremos sobre el producto m\u00e1s interesante, tanto con tractores como con arneses para el campo. Nos avala la gran calidad de nuestras marcas, con m\u00e1s de 40 a\u00f1os al mercado.<\/p>\n<\/div><\/section><\/p><\/div>\n\n<style type=\"text\/css\" data-created_by=\"avia_inline_auto\" id=\"style-css-av-cdgo5-3e80465cc5cddc503523d9cded6d8b31\">\n.flex_column.av-cdgo5-3e80465cc5cddc503523d9cded6d8b31{\nborder-radius:0px 0px 0px 0px;\npadding:0px 0px 0px 0px;\n}\n<\/style>\n<div  class='flex_column av-cdgo5-3e80465cc5cddc503523d9cded6d8b31 av_one_third  avia-builder-el-12  el_after_av_one_third  avia-builder-el-last  flex_column_div av-animated-generic bottom-to-top av-zero-column-padding  '     ><p>\n<style type=\"text\/css\" data-created_by=\"avia_inline_auto\" id=\"style-css-av-bfj2d-ac049c3fe139800cca1351c2acd7896f\">\n.avia-image-container.av-bfj2d-ac049c3fe139800cca1351c2acd7896f img.avia_image{\nbox-shadow:none;\n}\n.avia-image-container.av-bfj2d-ac049c3fe139800cca1351c2acd7896f .av-image-caption-overlay-center{\ncolor:#ffffff;\n}\n<\/style>\n<div  class='avia-image-container av-bfj2d-ac049c3fe139800cca1351c2acd7896f av-styling-no-styling av-img-linked avia-align-center  avia-builder-el-13  el_before_av_heading  avia-builder-el-first '   itemprop=\"image\" itemscope=\"itemscope\" itemtype=\"https:\/\/schema.org\/ImageObject\" ><div class=\"avia-image-container-inner\"><div class=\"avia-image-overlay-wrap\"><img decoding=\"async\" fetchpriority=\"high\" class='wp-image-409 avia-img-lazy-loading-not-409 avia_image ' src=\"https:\/\/www.agricolacolomer.cat\/wp-content\/uploads\/2021\/11\/recambios-de-tractor-girona-300x201.jpg\" alt='' title=''  height=\"201\" width=\"300\"  itemprop=\"thumbnailUrl\" srcset=\"https:\/\/www.agricolacolomer.cat\/wp-content\/uploads\/2021\/11\/recambios-de-tractor-girona-300x201.jpg 300w, https:\/\/www.agricolacolomer.cat\/wp-content\/uploads\/2021\/11\/recambios-de-tractor-girona.jpg 482w\" sizes=\"(max-width: 300px) 100vw, 300px\" \/><\/div><\/div><\/div><br \/>\n\n<style type=\"text\/css\" data-created_by=\"avia_inline_auto\" id=\"style-css-av-u8tx-9fc57c39b5a134ebc2e8d484daf58064\">\n#top .av-special-heading.av-u8tx-9fc57c39b5a134ebc2e8d484daf58064{\npadding-bottom:0;\n}\nbody .av-special-heading.av-u8tx-9fc57c39b5a134ebc2e8d484daf58064 .av-special-heading-tag .heading-char{\nfont-size:25px;\n}\n.av-special-heading.av-u8tx-9fc57c39b5a134ebc2e8d484daf58064 .av-subheading{\nfont-size:15px;\n}\n<\/style>\n<div  class='av-special-heading av-u8tx-9fc57c39b5a134ebc2e8d484daf58064 av-special-heading-h3 blockquote modern-quote modern-centered  avia-builder-el-14  el_after_av_image  el_before_av_hr '><h3 class='av-special-heading-tag '  itemprop=\"headline\"  >Recambios oficiales<\/h3><div class=\"special-heading-border\"><div class=\"special-heading-inner-border\"><\/div><\/div><\/div><br \/>\n\n<style type=\"text\/css\" data-created_by=\"avia_inline_auto\" id=\"style-css-av-ad6qp-b2b6ab3d9b34c843840fe4e4ebc2da4e\">\n#top .hr.av-ad6qp-b2b6ab3d9b34c843840fe4e4ebc2da4e{\nmargin-top:10px;\nmargin-bottom:10px;\n}\n.hr.av-ad6qp-b2b6ab3d9b34c843840fe4e4ebc2da4e .hr-inner{\nwidth:50px;\nborder-color:#386a43;\n}\n<\/style>\n<div  class='hr av-ad6qp-b2b6ab3d9b34c843840fe4e4ebc2da4e hr-custom  avia-builder-el-15  el_after_av_heading  el_before_av_textblock  hr-left hr-icon-no'><span class='hr-inner inner-border-av-border-fat'><span class=\"hr-inner-style\"><\/span><\/span><\/div><br \/>\n<section  class='av_textblock_section av-9lxq1-a0feca9eb251cd225d27c51fda0fea63 '   itemscope=\"itemscope\" itemtype=\"https:\/\/schema.org\/CreativeWork\" ><div class='avia_textblock'  itemprop=\"text\" ><p>Distribuidores oficiales de la marca Agria Hispania, Bcs Iberica, Carraro y Tym. Pod\u00e9is encontrar todo el recambio original y ponemos a vuestra disposici\u00f3n el servicio de consulta de despiece desde los tractores m\u00e1s antiguos, a los m\u00e1s modernos.<\/p>\n<\/div><\/section><\/p><\/div>\n","protected":false},"excerpt":{"rendered":"","protected":false},"author":1,"featured_media":0,"parent":0,"menu_order":0,"comment_status":"closed","ping_status":"closed","template":"","meta":{"footnotes":""},"class_list":["post-459","page","type-page","status-publish","hentry"],"yoast_head":"<!-- This site is optimized with the Yoast SEO plugin v27.2 - https:\/\/yoast.com\/product\/yoast-seo-wordpress\/ -->\n<title>Servicios &#8226; Agr\u00edcola Colomer &#8226; Maquinaria Agricola en Girona<\/title>\n<meta name=\"description\" content=\"Distribuidores oficiales de la marca Agria Hispania, Bcs Iberica, Carraro y Tym en Girona y cercan\u00edas. Tenemos los mejores precios, \u00a1ven a vernos!\" \/>\n<meta name=\"robots\" content=\"index, follow, max-snippet:-1, max-image-preview:large, max-video-preview:-1\" \/>\n<link rel=\"canonical\" href=\"https:\/\/www.agricolacolomer.cat\/es\/servicios\/\" \/>\n<meta property=\"og:locale\" content=\"es_ES\" \/>\n<meta property=\"og:type\" content=\"article\" \/>\n<meta property=\"og:title\" content=\"Servicios &#8226; Agr\u00edcola Colomer &#8226; Maquinaria Agricola en Girona\" \/>\n<meta property=\"og:description\" content=\"Distribuidores oficiales de la marca Agria Hispania, Bcs Iberica, Carraro y Tym en Girona y cercan\u00edas. Tenemos los mejores precios, \u00a1ven a vernos!\" \/>\n<meta property=\"og:url\" content=\"https:\/\/www.agricolacolomer.cat\/es\/servicios\/\" \/>\n<meta property=\"og:site_name\" content=\"Agr\u00edcola Colomer\" \/>\n<meta property=\"article:modified_time\" content=\"2022-12-01T17:05:57+00:00\" \/>\n<meta name=\"twitter:card\" content=\"summary_large_image\" \/>\n<meta name=\"twitter:label1\" content=\"Tiempo de lectura\" \/>\n\t<meta name=\"twitter:data1\" content=\"6 minutos\" \/>\n<script type=\"application\/ld+json\" class=\"yoast-schema-graph\">{\"@context\":\"https:\/\/schema.org\",\"@graph\":[{\"@type\":\"WebPage\",\"@id\":\"https:\/\/www.agricolacolomer.cat\/es\/servicios\/\",\"url\":\"https:\/\/www.agricolacolomer.cat\/es\/servicios\/\",\"name\":\"Servicios &#8226; Agr\u00edcola Colomer &#8226; Maquinaria Agricola en Girona\",\"isPartOf\":{\"@id\":\"https:\/\/www.agricolacolomer.cat\/es\/#website\"},\"datePublished\":\"2021-12-09T15:48:31+00:00\",\"dateModified\":\"2022-12-01T17:05:57+00:00\",\"description\":\"Distribuidores oficiales de la marca Agria Hispania, Bcs Iberica, Carraro y Tym en Girona y cercan\u00edas. Tenemos los mejores precios, \u00a1ven a vernos!\",\"breadcrumb\":{\"@id\":\"https:\/\/www.agricolacolomer.cat\/es\/servicios\/#breadcrumb\"},\"inLanguage\":\"es\",\"potentialAction\":[{\"@type\":\"ReadAction\",\"target\":[\"https:\/\/www.agricolacolomer.cat\/es\/servicios\/\"]}]},{\"@type\":\"BreadcrumbList\",\"@id\":\"https:\/\/www.agricolacolomer.cat\/es\/servicios\/#breadcrumb\",\"itemListElement\":[{\"@type\":\"ListItem\",\"position\":1,\"name\":\"Inici\",\"item\":\"https:\/\/www.agricolacolomer.cat\/es\/maquinaria-agricola-a-girona\/\"},{\"@type\":\"ListItem\",\"position\":2,\"name\":\"Servicios\"}]},{\"@type\":\"WebSite\",\"@id\":\"https:\/\/www.agricolacolomer.cat\/es\/#website\",\"url\":\"https:\/\/www.agricolacolomer.cat\/es\/\",\"name\":\"Agr\u00edcola Colomer\",\"description\":\"Maquinaria agr\u00edcola en el Alt Empord\u00e0\",\"publisher\":{\"@id\":\"https:\/\/www.agricolacolomer.cat\/es\/#organization\"},\"potentialAction\":[{\"@type\":\"SearchAction\",\"target\":{\"@type\":\"EntryPoint\",\"urlTemplate\":\"https:\/\/www.agricolacolomer.cat\/es\/?s={search_term_string}\"},\"query-input\":{\"@type\":\"PropertyValueSpecification\",\"valueRequired\":true,\"valueName\":\"search_term_string\"}}],\"inLanguage\":\"es\"},{\"@type\":\"Organization\",\"@id\":\"https:\/\/www.agricolacolomer.cat\/es\/#organization\",\"name\":\"Agricola Colomer\",\"url\":\"https:\/\/www.agricolacolomer.cat\/es\/\",\"logo\":{\"@type\":\"ImageObject\",\"inLanguage\":\"es\",\"@id\":\"https:\/\/www.agricolacolomer.cat\/es\/#\/schema\/logo\/image\/\",\"url\":\"https:\/\/www.agricolacolomer.cat\/wp-content\/uploads\/2021\/11\/colomer.jpg\",\"contentUrl\":\"https:\/\/www.agricolacolomer.cat\/wp-content\/uploads\/2021\/11\/colomer.jpg\",\"width\":300,\"height\":300,\"caption\":\"Agricola Colomer\"},\"image\":{\"@id\":\"https:\/\/www.agricolacolomer.cat\/es\/#\/schema\/logo\/image\/\"}}]}<\/script>\n<!-- \/ Yoast SEO plugin. -->","yoast_head_json":{"title":"Servicios &#8226; Agr\u00edcola Colomer &#8226; Maquinaria Agricola en Girona","description":"Distribuidores oficiales de la marca Agria Hispania, Bcs Iberica, Carraro y Tym en Girona y cercan\u00edas. Tenemos los mejores precios, \u00a1ven a vernos!","robots":{"index":"index","follow":"follow","max-snippet":"max-snippet:-1","max-image-preview":"max-image-preview:large","max-video-preview":"max-video-preview:-1"},"canonical":"https:\/\/www.agricolacolomer.cat\/es\/servicios\/","og_locale":"es_ES","og_type":"article","og_title":"Servicios &#8226; Agr\u00edcola Colomer &#8226; Maquinaria Agricola en Girona","og_description":"Distribuidores oficiales de la marca Agria Hispania, Bcs Iberica, Carraro y Tym en Girona y cercan\u00edas. Tenemos los mejores precios, \u00a1ven a vernos!","og_url":"https:\/\/www.agricolacolomer.cat\/es\/servicios\/","og_site_name":"Agr\u00edcola Colomer","article_modified_time":"2022-12-01T17:05:57+00:00","twitter_card":"summary_large_image","twitter_misc":{"Tiempo de lectura":"6 minutos"},"schema":{"@context":"https:\/\/schema.org","@graph":[{"@type":"WebPage","@id":"https:\/\/www.agricolacolomer.cat\/es\/servicios\/","url":"https:\/\/www.agricolacolomer.cat\/es\/servicios\/","name":"Servicios &#8226; Agr\u00edcola Colomer &#8226; Maquinaria Agricola en Girona","isPartOf":{"@id":"https:\/\/www.agricolacolomer.cat\/es\/#website"},"datePublished":"2021-12-09T15:48:31+00:00","dateModified":"2022-12-01T17:05:57+00:00","description":"Distribuidores oficiales de la marca Agria Hispania, Bcs Iberica, Carraro y Tym en Girona y cercan\u00edas. Tenemos los mejores precios, \u00a1ven a vernos!","breadcrumb":{"@id":"https:\/\/www.agricolacolomer.cat\/es\/servicios\/#breadcrumb"},"inLanguage":"es","potentialAction":[{"@type":"ReadAction","target":["https:\/\/www.agricolacolomer.cat\/es\/servicios\/"]}]},{"@type":"BreadcrumbList","@id":"https:\/\/www.agricolacolomer.cat\/es\/servicios\/#breadcrumb","itemListElement":[{"@type":"ListItem","position":1,"name":"Inici","item":"https:\/\/www.agricolacolomer.cat\/es\/maquinaria-agricola-a-girona\/"},{"@type":"ListItem","position":2,"name":"Servicios"}]},{"@type":"WebSite","@id":"https:\/\/www.agricolacolomer.cat\/es\/#website","url":"https:\/\/www.agricolacolomer.cat\/es\/","name":"Agr\u00edcola Colomer","description":"Maquinaria agr\u00edcola en el Alt Empord\u00e0","publisher":{"@id":"https:\/\/www.agricolacolomer.cat\/es\/#organization"},"potentialAction":[{"@type":"SearchAction","target":{"@type":"EntryPoint","urlTemplate":"https:\/\/www.agricolacolomer.cat\/es\/?s={search_term_string}"},"query-input":{"@type":"PropertyValueSpecification","valueRequired":true,"valueName":"search_term_string"}}],"inLanguage":"es"},{"@type":"Organization","@id":"https:\/\/www.agricolacolomer.cat\/es\/#organization","name":"Agricola Colomer","url":"https:\/\/www.agricolacolomer.cat\/es\/","logo":{"@type":"ImageObject","inLanguage":"es","@id":"https:\/\/www.agricolacolomer.cat\/es\/#\/schema\/logo\/image\/","url":"https:\/\/www.agricolacolomer.cat\/wp-content\/uploads\/2021\/11\/colomer.jpg","contentUrl":"https:\/\/www.agricolacolomer.cat\/wp-content\/uploads\/2021\/11\/colomer.jpg","width":300,"height":300,"caption":"Agricola Colomer"},"image":{"@id":"https:\/\/www.agricolacolomer.cat\/es\/#\/schema\/logo\/image\/"}}]}},"_links":{"self":[{"href":"https:\/\/www.agricolacolomer.cat\/es\/wp-json\/wp\/v2\/pages\/459","targetHints":{"allow":["GET"]}}],"collection":[{"href":"https:\/\/www.agricolacolomer.cat\/es\/wp-json\/wp\/v2\/pages"}],"about":[{"href":"https:\/\/www.agricolacolomer.cat\/es\/wp-json\/wp\/v2\/types\/page"}],"author":[{"embeddable":true,"href":"https:\/\/www.agricolacolomer.cat\/es\/wp-json\/wp\/v2\/users\/1"}],"replies":[{"embeddable":true,"href":"https:\/\/www.agricolacolomer.cat\/es\/wp-json\/wp\/v2\/comments?post=459"}],"version-history":[{"count":2,"href":"https:\/\/www.agricolacolomer.cat\/es\/wp-json\/wp\/v2\/pages\/459\/revisions"}],"predecessor-version":[{"id":461,"href":"https:\/\/www.agricolacolomer.cat\/es\/wp-json\/wp\/v2\/pages\/459\/revisions\/461"}],"wp:attachment":[{"href":"https:\/\/www.agricolacolomer.cat\/es\/wp-json\/wp\/v2\/media?parent=459"}],"curies":[{"name":"wp","href":"https:\/\/api.w.org\/{rel}","templated":true}]}}