{"id":634,"date":"2022-05-16T15:41:49","date_gmt":"2022-05-16T15:41:49","guid":{"rendered":"https:\/\/www.agricolacolomer.cat\/productos-de-ocasion-2\/"},"modified":"2022-12-01T16:59:32","modified_gmt":"2022-12-01T16:59:32","slug":"oferta-de-la-semana","status":"publish","type":"page","link":"https:\/\/www.agricolacolomer.cat\/es\/oferta-de-la-semana\/","title":{"rendered":"OFERTA DE LA SEMANA"},"content":{"rendered":"<div class=\"woocommerce columns-3 \"><ul class=\"products columns-3\">\n<li class=\"product type-product post-674 status-publish first instock product_cat-oferta-de-la-semana has-post-thumbnail sale featured shipping-taxable purchasable product-type-simple\">\n\t<div class='inner_product main_color wrapped_style noLightbox product_on_sale av-product-class-'><a href=\"https:\/\/www.agricolacolomer.cat\/es\/producte\/motoazada-gasolina-601rx\/\" class=\"woocommerce-LoopProduct-link woocommerce-loop-product__link\"><div class=\"thumbnail_container\"><img decoding=\"async\" loading=\"lazy\" width=\"300\" height=\"300\" src=\"https:\/\/www.agricolacolomer.cat\/wp-content\/uploads\/2022\/05\/WhatsApp-Image-2022-05-18-at-1.06.52-PM-2-300x300.jpeg\" class=\"wp-image-666 avia-img-lazy-loading-666 attachment-shop_catalog size-shop_catalog wp-post-image\" alt=\"\" srcset=\"https:\/\/www.agricolacolomer.cat\/wp-content\/uploads\/2022\/05\/WhatsApp-Image-2022-05-18-at-1.06.52-PM-2-300x300.jpeg 300w, https:\/\/www.agricolacolomer.cat\/wp-content\/uploads\/2022\/05\/WhatsApp-Image-2022-05-18-at-1.06.52-PM-2-80x80.jpeg 80w, https:\/\/www.agricolacolomer.cat\/wp-content\/uploads\/2022\/05\/WhatsApp-Image-2022-05-18-at-1.06.52-PM-2-36x36.jpeg 36w, https:\/\/www.agricolacolomer.cat\/wp-content\/uploads\/2022\/05\/WhatsApp-Image-2022-05-18-at-1.06.52-PM-2-180x180.jpeg 180w, https:\/\/www.agricolacolomer.cat\/wp-content\/uploads\/2022\/05\/WhatsApp-Image-2022-05-18-at-1.06.52-PM-2-100x100.jpeg 100w\" sizes=\"auto, (max-width: 300px) 100vw, 300px\" \/><span class=\"cart-loading\"><\/span><\/div><div class='inner_product_header'><div class='avia-arrow'><\/div><div class='inner_product_header_table'><div class='inner_product_header_cell'><h2 class=\"woocommerce-loop-product__title\">MOTOAZADA GASOLINA 601RX<\/h2>\n\t<span class=\"price\"><del aria-hidden=\"true\"><span class=\"woocommerce-Price-amount amount\"><bdi>790,00&nbsp;<span class=\"woocommerce-Price-currencySymbol\">&euro;<\/span><\/bdi><\/span><\/del> <span class=\"screen-reader-text\">El precio original era: 790,00&nbsp;&euro;.<\/span><ins aria-hidden=\"true\"><span class=\"woocommerce-Price-amount amount\"><bdi>660,00&nbsp;<span class=\"woocommerce-Price-currencySymbol\">&euro;<\/span><\/bdi><\/span><\/ins><span class=\"screen-reader-text\">El precio actual es: 660,00&nbsp;&euro;.<\/span><\/span>\n<div class=\"isb_sale_badge isb_style_shopkit isb_sk_material isb_left\" data-id=\"674\">\n\t<svg xmlns=\"http:\/\/www.w3.org\/2000\/svg\" xml:space=\"preserve\" width=\"60\" height=\"60\" style=\"shape-rendering:geometricPrecision; text-rendering:geometricPrecision; image-rendering:optimizeQuality; fill-rule:evenodd; clip-rule:evenodd\" viewBox=\"0 0 60 60\" xmlns:xlink=\"http:\/\/www.w3.org\/1999\/xlink\">\n\t\t<g>\n\t\t\t<polygon class=\"isb_sk_material\" points=\"52.4171,10.0358 53.1348,16.901 58.6888,20.9586 56.5673,27.5237 60,33.502 55.4063,38.6319 56.1239,45.4972 49.8522,48.305 47.7307,54.8701 40.8654,54.8701 36.2717,60 30,57.1924 23.7283,60 19.1346,54.8701 12.2693,54.8701 10.1478,48.305 3.8761,45.4972 4.5937,38.6319 -0,33.502 3.4327,27.5237 1.3112,20.9586 6.8652,16.901 7.5829,10.0358 14.298,8.6006 17.7307,2.6224 24.4459,4.0576 30,0 35.5541,4.0576 42.2693,2.6224 45.702,8.6006 \"\/>\n\t\t<\/g>\n\t<\/svg>\n\t<div class=\"isb_sale_percentage\">\n\t\t<span class=\"isb_percentage\">\n\t\t\t16 \n\t\t<\/span>\n\t\t<span class=\"isb_percentage_text\">\n\t\t\t%\t\t<\/span>\n\t<\/div>\n<\/div><\/div><\/div><\/div><\/a><div class='avia_cart_buttons '><a href=\"\/es\/wp-json\/wp\/v2\/pages\/634?add-to-cart=674\" aria-describedby=\"woocommerce_loop_add_to_cart_link_describedby_674\" data-quantity=\"1\" class=\"button product_type_simple add_to_cart_button ajax_add_to_cart\" data-product_id=\"674\" data-product_sku=\"\" aria-label=\"A\u00f1adir al carrito: &ldquo;MOTOAZADA GASOLINA 601RX&rdquo;\" rel=\"nofollow\" data-success_message=\"\u00abMOTOAZADA GASOLINA 601RX\u00bb se ha a\u00f1adido a tu carrito\" role=\"button\"><span class=\"avia-svg-icon avia-font-svg_entypo-fontello\" data-av_svg_icon='basket' data-av_iconset='svg_entypo-fontello'><svg version=\"1.1\" xmlns=\"http:\/\/www.w3.org\/2000\/svg\" width=\"29\" height=\"32\" viewBox=\"0 0 29 32\" preserveAspectRatio=\"xMidYMid meet\" aria-labelledby='av-svg-title-1' aria-describedby='av-svg-desc-1' role=\"graphics-symbol\" aria-hidden=\"true\">\n<title id='av-svg-title-1'>Add to cart<\/title>\n<desc id='av-svg-desc-1'>Add to cart<\/desc>\n<path d=\"M4.8 27.2q0-1.28 0.96-2.24t2.24-0.96q1.344 0 2.272 0.96t0.928 2.24q0 1.344-0.928 2.272t-2.272 0.928q-1.28 0-2.24-0.928t-0.96-2.272zM20.8 27.2q0-1.28 0.96-2.24t2.24-0.96q1.344 0 2.272 0.96t0.928 2.24q0 1.344-0.928 2.272t-2.272 0.928q-1.28 0-2.24-0.928t-0.96-2.272zM10.496 19.648q-1.152 0.32-1.088 0.736t1.408 0.416h17.984v2.432q0 0.64-0.64 0.64h-20.928q-0.64 0-0.64-0.64v-2.432l-0.32-1.472-3.136-14.528h-3.136v-2.56q0-0.64 0.64-0.64h4.992q0.64 0 0.64 0.64v2.752h22.528v8.768q0 0.704-0.576 0.832z\"><\/path>\n<\/svg><\/span>  A\u00f1adir al carrito<\/a>\t<span id=\"woocommerce_loop_add_to_cart_link_describedby_674\" class=\"screen-reader-text\">\n\t\t\t<\/span>\n<a class=\"button show_details_button\" href=\"https:\/\/www.agricolacolomer.cat\/es\/producte\/motoazada-gasolina-601rx\/\"><span class=\"avia-svg-icon avia-font-svg_entypo-fontello\" data-av_svg_icon='doc-text' data-av_iconset='svg_entypo-fontello'><svg version=\"1.1\" xmlns=\"http:\/\/www.w3.org\/2000\/svg\" width=\"22\" height=\"32\" viewBox=\"0 0 22 32\" preserveAspectRatio=\"xMidYMid meet\" aria-labelledby='av-svg-title-2' aria-describedby='av-svg-desc-2' role=\"graphics-symbol\" aria-hidden=\"true\">\n<title id='av-svg-title-2'>Mostrar detalles<\/title>\n<desc id='av-svg-desc-2'>Mostrar detalles<\/desc>\n<path d=\"M6.784 17.344v-2.88h8.96v2.88h-8.96zM19.2 1.6q1.344 0 2.272 0.928t0.928 2.272v22.4q0 1.28-0.928 2.24t-2.272 0.96h-16q-1.28 0-2.24-0.96t-0.96-2.24v-22.4q0-1.344 0.96-2.272t2.24-0.928h16zM19.2 27.2v-22.4h-16v22.4h16zM15.68 8.256v2.816h-8.96v-2.816h8.96zM15.68 20.8v2.816h-8.96v-2.816h8.96z\"><\/path>\n<\/svg><\/span>  Mostrar detalles<\/a> <span class=\"button-mini-delimiter\"><\/span><\/div><\/div><\/li>\n<\/ul>\n<\/div>\n","protected":false},"excerpt":{"rendered":"","protected":false},"author":1,"featured_media":0,"parent":0,"menu_order":0,"comment_status":"closed","ping_status":"closed","template":"","meta":{"footnotes":""},"class_list":["post-634","page","type-page","status-publish","hentry"],"yoast_head":"<!-- This site is optimized with the Yoast SEO plugin v27.2 - https:\/\/yoast.com\/product\/yoast-seo-wordpress\/ -->\n<title>OFERTA DE LA SEMANA &#8226; Agr\u00edcola Colomer &#8226; Maquinaria Agricola en Girona<\/title>\n<meta name=\"description\" content=\"Variedad de art\u00edculos y maquinaria agricola en Gerona. \u00a1Ven a ver nuestras ofertas con grandes descuentos en y ll\u00e9vatelo el mismo d\u00eda!\" \/>\n<meta name=\"robots\" content=\"index, follow, max-snippet:-1, max-image-preview:large, max-video-preview:-1\" \/>\n<link rel=\"canonical\" href=\"https:\/\/www.agricolacolomer.cat\/es\/oferta-de-la-semana\/\" \/>\n<meta property=\"og:locale\" content=\"es_ES\" \/>\n<meta property=\"og:type\" content=\"article\" \/>\n<meta property=\"og:title\" content=\"OFERTA DE LA SEMANA &#8226; Agr\u00edcola Colomer &#8226; Maquinaria Agricola en Girona\" \/>\n<meta property=\"og:description\" content=\"Variedad de art\u00edculos y maquinaria agricola en Gerona. \u00a1Ven a ver nuestras ofertas con grandes descuentos en y ll\u00e9vatelo el mismo d\u00eda!\" \/>\n<meta property=\"og:url\" content=\"https:\/\/www.agricolacolomer.cat\/es\/oferta-de-la-semana\/\" \/>\n<meta property=\"og:site_name\" content=\"Agr\u00edcola Colomer\" \/>\n<meta property=\"article:modified_time\" content=\"2022-12-01T16:59:32+00:00\" \/>\n<meta name=\"twitter:card\" content=\"summary_large_image\" \/>\n<script type=\"application\/ld+json\" class=\"yoast-schema-graph\">{\"@context\":\"https:\/\/schema.org\",\"@graph\":[{\"@type\":\"WebPage\",\"@id\":\"https:\/\/www.agricolacolomer.cat\/es\/oferta-de-la-semana\/\",\"url\":\"https:\/\/www.agricolacolomer.cat\/es\/oferta-de-la-semana\/\",\"name\":\"OFERTA DE LA SEMANA &#8226; Agr\u00edcola Colomer &#8226; Maquinaria Agricola en Girona\",\"isPartOf\":{\"@id\":\"https:\/\/www.agricolacolomer.cat\/es\/#website\"},\"datePublished\":\"2022-05-16T15:41:49+00:00\",\"dateModified\":\"2022-12-01T16:59:32+00:00\",\"description\":\"Variedad de art\u00edculos y maquinaria agricola en Gerona. \u00a1Ven a ver nuestras ofertas con grandes descuentos en y ll\u00e9vatelo el mismo d\u00eda!\",\"breadcrumb\":{\"@id\":\"https:\/\/www.agricolacolomer.cat\/es\/oferta-de-la-semana\/#breadcrumb\"},\"inLanguage\":\"es\",\"potentialAction\":[{\"@type\":\"ReadAction\",\"target\":[\"https:\/\/www.agricolacolomer.cat\/es\/oferta-de-la-semana\/\"]}]},{\"@type\":\"BreadcrumbList\",\"@id\":\"https:\/\/www.agricolacolomer.cat\/es\/oferta-de-la-semana\/#breadcrumb\",\"itemListElement\":[{\"@type\":\"ListItem\",\"position\":1,\"name\":\"Inici\",\"item\":\"https:\/\/www.agricolacolomer.cat\/es\/maquinaria-agricola-a-girona\/\"},{\"@type\":\"ListItem\",\"position\":2,\"name\":\"OFERTA DE LA SEMANA\"}]},{\"@type\":\"WebSite\",\"@id\":\"https:\/\/www.agricolacolomer.cat\/es\/#website\",\"url\":\"https:\/\/www.agricolacolomer.cat\/es\/\",\"name\":\"Agr\u00edcola Colomer\",\"description\":\"Maquinaria agr\u00edcola en el Alt Empord\u00e0\",\"publisher\":{\"@id\":\"https:\/\/www.agricolacolomer.cat\/es\/#organization\"},\"potentialAction\":[{\"@type\":\"SearchAction\",\"target\":{\"@type\":\"EntryPoint\",\"urlTemplate\":\"https:\/\/www.agricolacolomer.cat\/es\/?s={search_term_string}\"},\"query-input\":{\"@type\":\"PropertyValueSpecification\",\"valueRequired\":true,\"valueName\":\"search_term_string\"}}],\"inLanguage\":\"es\"},{\"@type\":\"Organization\",\"@id\":\"https:\/\/www.agricolacolomer.cat\/es\/#organization\",\"name\":\"Agricola Colomer\",\"url\":\"https:\/\/www.agricolacolomer.cat\/es\/\",\"logo\":{\"@type\":\"ImageObject\",\"inLanguage\":\"es\",\"@id\":\"https:\/\/www.agricolacolomer.cat\/es\/#\/schema\/logo\/image\/\",\"url\":\"https:\/\/www.agricolacolomer.cat\/wp-content\/uploads\/2021\/11\/colomer.jpg\",\"contentUrl\":\"https:\/\/www.agricolacolomer.cat\/wp-content\/uploads\/2021\/11\/colomer.jpg\",\"width\":300,\"height\":300,\"caption\":\"Agricola Colomer\"},\"image\":{\"@id\":\"https:\/\/www.agricolacolomer.cat\/es\/#\/schema\/logo\/image\/\"}}]}<\/script>\n<!-- \/ Yoast SEO plugin. -->","yoast_head_json":{"title":"OFERTA DE LA SEMANA &#8226; Agr\u00edcola Colomer &#8226; Maquinaria Agricola en Girona","description":"Variedad de art\u00edculos y maquinaria agricola en Gerona. \u00a1Ven a ver nuestras ofertas con grandes descuentos en y ll\u00e9vatelo el mismo d\u00eda!","robots":{"index":"index","follow":"follow","max-snippet":"max-snippet:-1","max-image-preview":"max-image-preview:large","max-video-preview":"max-video-preview:-1"},"canonical":"https:\/\/www.agricolacolomer.cat\/es\/oferta-de-la-semana\/","og_locale":"es_ES","og_type":"article","og_title":"OFERTA DE LA SEMANA &#8226; Agr\u00edcola Colomer &#8226; Maquinaria Agricola en Girona","og_description":"Variedad de art\u00edculos y maquinaria agricola en Gerona. \u00a1Ven a ver nuestras ofertas con grandes descuentos en y ll\u00e9vatelo el mismo d\u00eda!","og_url":"https:\/\/www.agricolacolomer.cat\/es\/oferta-de-la-semana\/","og_site_name":"Agr\u00edcola Colomer","article_modified_time":"2022-12-01T16:59:32+00:00","twitter_card":"summary_large_image","schema":{"@context":"https:\/\/schema.org","@graph":[{"@type":"WebPage","@id":"https:\/\/www.agricolacolomer.cat\/es\/oferta-de-la-semana\/","url":"https:\/\/www.agricolacolomer.cat\/es\/oferta-de-la-semana\/","name":"OFERTA DE LA SEMANA &#8226; Agr\u00edcola Colomer &#8226; Maquinaria Agricola en Girona","isPartOf":{"@id":"https:\/\/www.agricolacolomer.cat\/es\/#website"},"datePublished":"2022-05-16T15:41:49+00:00","dateModified":"2022-12-01T16:59:32+00:00","description":"Variedad de art\u00edculos y maquinaria agricola en Gerona. \u00a1Ven a ver nuestras ofertas con grandes descuentos en y ll\u00e9vatelo el mismo d\u00eda!","breadcrumb":{"@id":"https:\/\/www.agricolacolomer.cat\/es\/oferta-de-la-semana\/#breadcrumb"},"inLanguage":"es","potentialAction":[{"@type":"ReadAction","target":["https:\/\/www.agricolacolomer.cat\/es\/oferta-de-la-semana\/"]}]},{"@type":"BreadcrumbList","@id":"https:\/\/www.agricolacolomer.cat\/es\/oferta-de-la-semana\/#breadcrumb","itemListElement":[{"@type":"ListItem","position":1,"name":"Inici","item":"https:\/\/www.agricolacolomer.cat\/es\/maquinaria-agricola-a-girona\/"},{"@type":"ListItem","position":2,"name":"OFERTA DE LA SEMANA"}]},{"@type":"WebSite","@id":"https:\/\/www.agricolacolomer.cat\/es\/#website","url":"https:\/\/www.agricolacolomer.cat\/es\/","name":"Agr\u00edcola Colomer","description":"Maquinaria agr\u00edcola en el Alt Empord\u00e0","publisher":{"@id":"https:\/\/www.agricolacolomer.cat\/es\/#organization"},"potentialAction":[{"@type":"SearchAction","target":{"@type":"EntryPoint","urlTemplate":"https:\/\/www.agricolacolomer.cat\/es\/?s={search_term_string}"},"query-input":{"@type":"PropertyValueSpecification","valueRequired":true,"valueName":"search_term_string"}}],"inLanguage":"es"},{"@type":"Organization","@id":"https:\/\/www.agricolacolomer.cat\/es\/#organization","name":"Agricola Colomer","url":"https:\/\/www.agricolacolomer.cat\/es\/","logo":{"@type":"ImageObject","inLanguage":"es","@id":"https:\/\/www.agricolacolomer.cat\/es\/#\/schema\/logo\/image\/","url":"https:\/\/www.agricolacolomer.cat\/wp-content\/uploads\/2021\/11\/colomer.jpg","contentUrl":"https:\/\/www.agricolacolomer.cat\/wp-content\/uploads\/2021\/11\/colomer.jpg","width":300,"height":300,"caption":"Agricola Colomer"},"image":{"@id":"https:\/\/www.agricolacolomer.cat\/es\/#\/schema\/logo\/image\/"}}]}},"_links":{"self":[{"href":"https:\/\/www.agricolacolomer.cat\/es\/wp-json\/wp\/v2\/pages\/634","targetHints":{"allow":["GET"]}}],"collection":[{"href":"https:\/\/www.agricolacolomer.cat\/es\/wp-json\/wp\/v2\/pages"}],"about":[{"href":"https:\/\/www.agricolacolomer.cat\/es\/wp-json\/wp\/v2\/types\/page"}],"author":[{"embeddable":true,"href":"https:\/\/www.agricolacolomer.cat\/es\/wp-json\/wp\/v2\/users\/1"}],"replies":[{"embeddable":true,"href":"https:\/\/www.agricolacolomer.cat\/es\/wp-json\/wp\/v2\/comments?post=634"}],"version-history":[{"count":4,"href":"https:\/\/www.agricolacolomer.cat\/es\/wp-json\/wp\/v2\/pages\/634\/revisions"}],"predecessor-version":[{"id":641,"href":"https:\/\/www.agricolacolomer.cat\/es\/wp-json\/wp\/v2\/pages\/634\/revisions\/641"}],"wp:attachment":[{"href":"https:\/\/www.agricolacolomer.cat\/es\/wp-json\/wp\/v2\/media?parent=634"}],"curies":[{"name":"wp","href":"https:\/\/api.w.org\/{rel}","templated":true}]}}