{"id":844,"date":"2022-10-20T16:26:26","date_gmt":"2022-10-20T16:26:26","guid":{"rendered":"https:\/\/www.agricolacolomer.cat\/productos-ganaderia\/"},"modified":"2022-12-01T17:04:33","modified_gmt":"2022-12-01T17:04:33","slug":"productos-ganaderia","status":"publish","type":"page","link":"https:\/\/www.agricolacolomer.cat\/es\/productos-ganaderia\/","title":{"rendered":"Productos ganader\u00eda"},"content":{"rendered":"\n<style type=\"text\/css\" data-created_by=\"avia_inline_auto\" id=\"style-css-av-7p2em-cf1315b487445ba28c760d706a2ff274\">\n#top .av-special-heading.av-7p2em-cf1315b487445ba28c760d706a2ff274{\npadding-bottom:10px;\n}\nbody .av-special-heading.av-7p2em-cf1315b487445ba28c760d706a2ff274 .av-special-heading-tag .heading-char{\nfont-size:25px;\n}\n.av-special-heading.av-7p2em-cf1315b487445ba28c760d706a2ff274 .av-subheading{\nfont-size:15px;\n}\n<\/style>\n<div  class='av-special-heading av-7p2em-cf1315b487445ba28c760d706a2ff274 av-special-heading-h2 blockquote modern-quote modern-centered  avia-builder-el-0  el_before_av_hr  avia-builder-el-first '><h2 class='av-special-heading-tag '  itemprop=\"headline\"  >Productos ganader\u00eda<\/h2><div class=\"special-heading-border\"><div class=\"special-heading-inner-border\"><\/div><\/div><\/div>\n\n<style type=\"text\/css\" data-created_by=\"avia_inline_auto\" id=\"style-css-av-kvhzs9n0-49bd75f19aa043872afdf9d15bae77dd\">\n#top .hr.av-kvhzs9n0-49bd75f19aa043872afdf9d15bae77dd{\nmargin-top:5px;\nmargin-bottom:30px;\n}\n.hr.av-kvhzs9n0-49bd75f19aa043872afdf9d15bae77dd .hr-inner{\nwidth:50px;\nborder-color:#386a43;\n}\n<\/style>\n<div  class='hr av-kvhzs9n0-49bd75f19aa043872afdf9d15bae77dd hr-custom  avia-builder-el-1  el_after_av_heading  el_before_av_section  avia-builder-el-last  hr-center hr-icon-no'><span class='hr-inner inner-border-av-border-fat'><span class=\"hr-inner-style\"><\/span><\/span><\/div>\n<\/div><\/div><\/div><!-- close content main div --><\/div><\/div>\n<style type=\"text\/css\" data-created_by=\"avia_inline_auto\" id=\"style-css-av-dfxpf-348a1eb2d6df4c1a7e2dcaeb74a6deef\">\n.avia-section.av-dfxpf-348a1eb2d6df4c1a7e2dcaeb74a6deef{\nbackground-color:#fcfcfc;\nbackground-image:unset;\n}\n<\/style>\n<div id='av_section_1'  class='avia-section av-dfxpf-348a1eb2d6df4c1a7e2dcaeb74a6deef main_color avia-section-large avia-no-shadow  avia-builder-el-2  el_after_av_hr  avia-builder-el-last  avia-bg-style-scroll container_wrap sidebar_right'  ><div class='container av-section-cont-open' ><div class='template-page content  av-content-small alpha units'><div class='post-entry post-entry-type-page post-entry-844'><div class='entry-content-wrapper clearfix'>\n\n<style type=\"text\/css\" data-created_by=\"avia_inline_auto\" id=\"style-css-av-ctftv-db8e147e805aca5ff425facb0b70d546\">\n.flex_column.av-ctftv-db8e147e805aca5ff425facb0b70d546{\nborder-width:1px;\nborder-color:#e1e1e1;\nborder-style:solid;\nborder-radius:0px 0px 0px 0px;\npadding:20px 20px 20px 20px;\nbackground-color:#ffffff;\n}\n<\/style>\n<div  class='flex_column av-ctftv-db8e147e805aca5ff425facb0b70d546 av_three_fifth  avia-builder-el-3  el_before_av_two_fifth  avia-builder-el-first  first flex_column_div av-animated-generic bottom-to-top  '     ><p><section  class='av_textblock_section av-17o3b-d11c78523fe915f2a8ccf02a99467c44 '   itemscope=\"itemscope\" itemtype=\"https:\/\/schema.org\/CreativeWork\" ><div class='avia_textblock'  itemprop=\"text\" ><p>En <strong>Agrigola Colomer<\/strong> contamos con una dilatada experiencia en la venta de equipamiento y productos para tu explotaci\u00f3n ganadera. Disponemos de todo tipo de material para la ganader\u00eda con art\u00edculos de m\u00e1xima calidad y \u00faltima generaci\u00f3n para ganado.<\/p>\n<p>Vendemos y asesoramos a todo tipo de profesionales, ofreciendo un servicio integral al ganadero, a sus animales y sus instalaciones.<\/p>\n<\/div><\/section><br \/>\n<div  class='hr av-u0vy-2b18112a44e80cb9a8371c4a48852b12 hr-default  avia-builder-el-5  el_after_av_textblock  el_before_av_textblock '><span class='hr-inner '><span class=\"hr-inner-style\"><\/span><\/span><\/div><br \/>\n<section  class='av_textblock_section av-l9h9msqx-5d6db3ea1c1201217e2f10bf5cccd029 '   itemscope=\"itemscope\" itemtype=\"https:\/\/schema.org\/CreativeWork\" ><div class='avia_textblock'  itemprop=\"text\" ><h2>Cat\u00e1logos de productos<\/h2>\n<\/div><\/section><br \/>\n<section  class='av_textblock_section av-17o3b-d11c78523fe915f2a8ccf02a99467c44 '   itemscope=\"itemscope\" itemtype=\"https:\/\/schema.org\/CreativeWork\" ><div class='avia_textblock'  itemprop=\"text\" ><p>Haz clic sobre el fabricante para descargar su cat\u00e1logo<\/p>\n<\/div><\/section><br \/>\n\n<style type=\"text\/css\" data-created_by=\"avia_inline_auto\" id=\"style-css-av-l9h9th3b-a57762cfbe5c2a4a242b4093ad21d204\">\n.avia-logo-element-container.av-l9h9th3b-a57762cfbe5c2a4a242b4093ad21d204 .av-partner-fake-img{\nbackground-size:cover;\n}\n<\/style>\n<div  class='avia-logo-element-container av-l9h9th3b-a57762cfbe5c2a4a242b4093ad21d204 avia-logo-slider avia-content-slider avia-smallarrow-slider avia-content-slider-active noHover avia-content-slider-odd  avia-builder-el-8  el_after_av_textblock  avia-builder-el-last  av-slideshow-ui av-control-default av-nav-arrows-visible av-nav-dots-visible av-no-slider-navigation av-slideshow-manual av-loop-once av-loop-manual-endless avia-content-slider1' data-slideshow-options=\"{&quot;animation&quot;:&quot;slide&quot;,&quot;autoplay&quot;:false,&quot;loop_autoplay&quot;:&quot;once&quot;,&quot;interval&quot;:5,&quot;loop_manual&quot;:&quot;manual-endless&quot;,&quot;autoplay_stopper&quot;:false,&quot;noNavigation&quot;:false,&quot;bg_slider&quot;:false,&quot;keep_padding&quot;:&quot;&quot;,&quot;hoverpause&quot;:false,&quot;show_slide_delay&quot;:0}\"><div class='avia-smallarrow-slider-heading  no-logo-slider-heading '><div class='new-special-heading'>&nbsp;<\/div><\/div><div class=\"avia-content-slider-inner\"><div class=\"slide-entry-wrap\"><div  class='slide-entry av-7m4p2-1422099b3d914cc6eb569be2ed7c354f flex_column no_margin av_one_third real-thumbnail post-entry slide-entry-overview slide-loop-1 slide-parity-odd post-entry-last first'><a href=\"https:\/\/www.agricolacolomer.cat\/wp-content\/uploads\/2022\/10\/gomez-y-crespo-catalogo.pdf\" data-rel='slide-1' class='slide-image' title=''  target=\"_blank\"  rel=\"noopener noreferrer\"><span class='av-partner-fake-img' style='padding-bottom:25%; background-image:url(https:\/\/www.agricolacolomer.cat\/wp-content\/uploads\/2022\/10\/gomezycrespo.png);'><\/span><\/a><\/div><\/div><\/div><\/div><\/p><\/div>\n<style type=\"text\/css\" data-created_by=\"avia_inline_auto\" id=\"style-css-av-56ctj-f51b30e2d38588c01de8c65bad3e046b\">\n.flex_column.av-56ctj-f51b30e2d38588c01de8c65bad3e046b{\nborder-radius:0px 0px 0px 0px;\npadding:0px 0px 0px 0px;\n}\n<\/style>\n<div  class='flex_column av-56ctj-f51b30e2d38588c01de8c65bad3e046b av_two_fifth  avia-builder-el-9  el_after_av_three_fifth  avia-builder-el-last  flex_column_div av-zero-column-padding  '     ><div  class='avia-slideshow av-kvhz7du5-241e6caf7c2a61ada40362c57259650c avia-slideshow-no scaling av_slideshow avia-slide-slider  avia-builder-el-10  avia-builder-el-no-sibling  av-slideshow-ui av-control-default av-slideshow-manual av-loop-once av-loop-manual-endless av-default-height-applied avia-slideshow-1' data-slideshow-options=\"{&quot;animation&quot;:&quot;slide&quot;,&quot;autoplay&quot;:false,&quot;loop_autoplay&quot;:&quot;once&quot;,&quot;interval&quot;:5,&quot;loop_manual&quot;:&quot;manual-endless&quot;,&quot;autoplay_stopper&quot;:false,&quot;noNavigation&quot;:false,&quot;bg_slider&quot;:false,&quot;keep_padding&quot;:false,&quot;hoverpause&quot;:false,&quot;show_slide_delay&quot;:0}\"  itemprop=\"image\" itemscope=\"itemscope\" itemtype=\"https:\/\/schema.org\/ImageObject\" ><ul class='avia-slideshow-inner ' style='padding-bottom: 66.666666666667%;'><li  class='avia-slideshow-slide av-kvhz7du5-241e6caf7c2a61ada40362c57259650c__0  slide-1 slide-odd'><div data-rel='slideshow-1' class='avia-slide-wrap '   ><img decoding=\"async\" fetchpriority=\"high\" class=\"wp-image-861 avia-img-lazy-loading-not-861\"  src=\"https:\/\/www.agricolacolomer.cat\/wp-content\/uploads\/2022\/10\/ganaderia1.jpg\" width=\"600\" height=\"400\" title='ganaderia1' alt='productes ramaderia a girona'  itemprop=\"thumbnailUrl\" srcset=\"https:\/\/www.agricolacolomer.cat\/wp-content\/uploads\/2022\/10\/ganaderia1.jpg 600w, https:\/\/www.agricolacolomer.cat\/wp-content\/uploads\/2022\/10\/ganaderia1-300x200.jpg 300w, https:\/\/www.agricolacolomer.cat\/wp-content\/uploads\/2022\/10\/ganaderia1-450x300.jpg 450w\" sizes=\"(max-width: 600px) 100vw, 600px\" \/><\/div><\/li><li  class='avia-slideshow-slide av-kvhz7du5-241e6caf7c2a61ada40362c57259650c__1  slide-2 slide-even'><div data-rel='slideshow-1' class='avia-slide-wrap '   ><img decoding=\"async\" fetchpriority=\"high\" class=\"wp-image-859 avia-img-lazy-loading-not-859\"  src=\"https:\/\/www.agricolacolomer.cat\/wp-content\/uploads\/2022\/10\/ganaderia2.jpg\" width=\"600\" height=\"400\" title='ganaderia2' alt='productes ramaderia a girona'  itemprop=\"thumbnailUrl\" srcset=\"https:\/\/www.agricolacolomer.cat\/wp-content\/uploads\/2022\/10\/ganaderia2.jpg 600w, https:\/\/www.agricolacolomer.cat\/wp-content\/uploads\/2022\/10\/ganaderia2-300x200.jpg 300w, https:\/\/www.agricolacolomer.cat\/wp-content\/uploads\/2022\/10\/ganaderia2-450x300.jpg 450w\" sizes=\"(max-width: 600px) 100vw, 600px\" \/><\/div><\/li><li  class='avia-slideshow-slide av-kvhz7du5-241e6caf7c2a61ada40362c57259650c__2  slide-3 slide-odd'><div data-rel='slideshow-1' class='avia-slide-wrap '   ><img decoding=\"async\" fetchpriority=\"high\" class=\"wp-image-857 avia-img-lazy-loading-not-857\"  src=\"https:\/\/www.agricolacolomer.cat\/wp-content\/uploads\/2022\/10\/ganaderia3.jpg\" width=\"600\" height=\"400\" title='ganaderia3' alt='productes ramaderia a girona'  itemprop=\"thumbnailUrl\" srcset=\"https:\/\/www.agricolacolomer.cat\/wp-content\/uploads\/2022\/10\/ganaderia3.jpg 600w, https:\/\/www.agricolacolomer.cat\/wp-content\/uploads\/2022\/10\/ganaderia3-300x200.jpg 300w, https:\/\/www.agricolacolomer.cat\/wp-content\/uploads\/2022\/10\/ganaderia3-450x300.jpg 450w\" sizes=\"(max-width: 600px) 100vw, 600px\" \/><\/div><\/li><li  class='avia-slideshow-slide av-kvhz7du5-241e6caf7c2a61ada40362c57259650c__3  slide-4 slide-even'><div data-rel='slideshow-1' class='avia-slide-wrap '   ><img decoding=\"async\" fetchpriority=\"high\" class=\"wp-image-855 avia-img-lazy-loading-not-855\"  src=\"https:\/\/www.agricolacolomer.cat\/wp-content\/uploads\/2022\/10\/ganaderia4.jpg\" width=\"600\" height=\"400\" title='ganaderia4' alt='productes ramaderia a girona'  itemprop=\"thumbnailUrl\" srcset=\"https:\/\/www.agricolacolomer.cat\/wp-content\/uploads\/2022\/10\/ganaderia4.jpg 600w, https:\/\/www.agricolacolomer.cat\/wp-content\/uploads\/2022\/10\/ganaderia4-300x200.jpg 300w, https:\/\/www.agricolacolomer.cat\/wp-content\/uploads\/2022\/10\/ganaderia4-450x300.jpg 450w\" sizes=\"(max-width: 600px) 100vw, 600px\" \/><\/div><\/li><\/ul><div class='avia-slideshow-arrows avia-slideshow-controls' ><a href='#prev' class='prev-slide  avia-svg-icon avia-font-svg_entypo-fontello' data-av_svg_icon='left-open-big' data-av_iconset='svg_entypo-fontello' tabindex='-1' title=\"Anterior\"><svg version=\"1.1\" xmlns=\"http:\/\/www.w3.org\/2000\/svg\" width=\"15\" height=\"32\" viewBox=\"0 0 15 32\" preserveAspectRatio=\"xMidYMid meet\" aria-labelledby='av-svg-title-1' aria-describedby='av-svg-desc-1' role=\"graphics-symbol\" aria-hidden=\"true\">\n<title id='av-svg-title-1'>Anterior<\/title>\n<desc id='av-svg-desc-1'>Anterior<\/desc>\n<path d=\"M14.464 27.84q0.832 0.832 0 1.536-0.832 0.832-1.536 0l-12.544-12.608q-0.768-0.768 0-1.6l12.544-12.608q0.704-0.832 1.536 0 0.832 0.704 0 1.536l-11.456 11.904z\"><\/path>\n<\/svg><span class='avia_hidden_link_text'>Anterior<\/span><\/a><a href='#next' class='next-slide  avia-svg-icon avia-font-svg_entypo-fontello' data-av_svg_icon='right-open-big' data-av_iconset='svg_entypo-fontello' tabindex='-1' title=\"Posterior\"><svg version=\"1.1\" xmlns=\"http:\/\/www.w3.org\/2000\/svg\" width=\"15\" height=\"32\" viewBox=\"0 0 15 32\" preserveAspectRatio=\"xMidYMid meet\" aria-labelledby='av-svg-title-2' aria-describedby='av-svg-desc-2' role=\"graphics-symbol\" aria-hidden=\"true\">\n<title id='av-svg-title-2'>Posterior<\/title>\n<desc id='av-svg-desc-2'>Posterior<\/desc>\n<path d=\"M0.416 27.84l11.456-11.84-11.456-11.904q-0.832-0.832 0-1.536 0.832-0.832 1.536 0l12.544 12.608q0.768 0.832 0 1.6l-12.544 12.608q-0.704 0.832-1.536 0-0.832-0.704 0-1.536z\"><\/path>\n<\/svg><span class='avia_hidden_link_text'>Posterior<\/span><\/a><\/div><div class='avia-slideshow-dots avia-slideshow-controls'><a href='#1' class='goto-slide active' >1<\/a><a href='#2' class='goto-slide ' >2<\/a><a href='#3' class='goto-slide ' >3<\/a><a href='#4' class='goto-slide ' >4<\/a><\/div><\/div><\/div><\/div><\/div><\/div><!-- close content main div --><\/div><\/div><div id='after_section_1'  class='main_color av_default_container_wrap container_wrap sidebar_right'  ><div class='container av-section-cont-open' ><div class='template-page content  av-content-small alpha units'><div class='post-entry post-entry-type-page post-entry-844'><div class='entry-content-wrapper clearfix'>\n","protected":false},"excerpt":{"rendered":"","protected":false},"author":1,"featured_media":0,"parent":0,"menu_order":0,"comment_status":"closed","ping_status":"closed","template":"","meta":{"footnotes":""},"class_list":["post-844","page","type-page","status-publish","hentry"],"yoast_head":"<!-- This site is optimized with the Yoast SEO plugin v27.2 - https:\/\/yoast.com\/product\/yoast-seo-wordpress\/ -->\n<title>Productos ganader\u00eda &#8226; Agr\u00edcola Colomer &#8226; Maquinaria Agricola en Girona<\/title>\n<meta name=\"description\" content=\"En Agrigola Colomer contamos con una dilatada experiencia en la venta de equipamiento y productos para tu explotaci\u00f3n ganadera.\" \/>\n<meta name=\"robots\" content=\"index, follow, max-snippet:-1, max-image-preview:large, max-video-preview:-1\" \/>\n<link rel=\"canonical\" href=\"https:\/\/www.agricolacolomer.cat\/es\/productos-ganaderia\/\" \/>\n<meta property=\"og:locale\" content=\"es_ES\" \/>\n<meta property=\"og:type\" content=\"article\" \/>\n<meta property=\"og:title\" content=\"Productos ganader\u00eda &#8226; Agr\u00edcola Colomer &#8226; Maquinaria Agricola en Girona\" \/>\n<meta property=\"og:description\" content=\"En Agrigola Colomer contamos con una dilatada experiencia en la venta de equipamiento y productos para tu explotaci\u00f3n ganadera.\" \/>\n<meta property=\"og:url\" content=\"https:\/\/www.agricolacolomer.cat\/es\/productos-ganaderia\/\" \/>\n<meta property=\"og:site_name\" content=\"Agr\u00edcola Colomer\" \/>\n<meta property=\"article:modified_time\" content=\"2022-12-01T17:04:33+00:00\" \/>\n<meta name=\"twitter:card\" content=\"summary_large_image\" \/>\n<meta name=\"twitter:label1\" content=\"Tiempo de lectura\" \/>\n\t<meta name=\"twitter:data1\" content=\"5 minutos\" \/>\n<script type=\"application\/ld+json\" class=\"yoast-schema-graph\">{\"@context\":\"https:\/\/schema.org\",\"@graph\":[{\"@type\":\"WebPage\",\"@id\":\"https:\/\/www.agricolacolomer.cat\/es\/productos-ganaderia\/\",\"url\":\"https:\/\/www.agricolacolomer.cat\/es\/productos-ganaderia\/\",\"name\":\"Productos ganader\u00eda &#8226; Agr\u00edcola Colomer &#8226; Maquinaria Agricola en Girona\",\"isPartOf\":{\"@id\":\"https:\/\/www.agricolacolomer.cat\/es\/#website\"},\"datePublished\":\"2022-10-20T16:26:26+00:00\",\"dateModified\":\"2022-12-01T17:04:33+00:00\",\"description\":\"En Agrigola Colomer contamos con una dilatada experiencia en la venta de equipamiento y productos para tu explotaci\u00f3n ganadera.\",\"breadcrumb\":{\"@id\":\"https:\/\/www.agricolacolomer.cat\/es\/productos-ganaderia\/#breadcrumb\"},\"inLanguage\":\"es\",\"potentialAction\":[{\"@type\":\"ReadAction\",\"target\":[\"https:\/\/www.agricolacolomer.cat\/es\/productos-ganaderia\/\"]}]},{\"@type\":\"BreadcrumbList\",\"@id\":\"https:\/\/www.agricolacolomer.cat\/es\/productos-ganaderia\/#breadcrumb\",\"itemListElement\":[{\"@type\":\"ListItem\",\"position\":1,\"name\":\"Inici\",\"item\":\"https:\/\/www.agricolacolomer.cat\/es\/maquinaria-agricola-a-girona\/\"},{\"@type\":\"ListItem\",\"position\":2,\"name\":\"Productos ganader\u00eda\"}]},{\"@type\":\"WebSite\",\"@id\":\"https:\/\/www.agricolacolomer.cat\/es\/#website\",\"url\":\"https:\/\/www.agricolacolomer.cat\/es\/\",\"name\":\"Agr\u00edcola Colomer\",\"description\":\"Maquinaria agr\u00edcola en el Alt Empord\u00e0\",\"publisher\":{\"@id\":\"https:\/\/www.agricolacolomer.cat\/es\/#organization\"},\"potentialAction\":[{\"@type\":\"SearchAction\",\"target\":{\"@type\":\"EntryPoint\",\"urlTemplate\":\"https:\/\/www.agricolacolomer.cat\/es\/?s={search_term_string}\"},\"query-input\":{\"@type\":\"PropertyValueSpecification\",\"valueRequired\":true,\"valueName\":\"search_term_string\"}}],\"inLanguage\":\"es\"},{\"@type\":\"Organization\",\"@id\":\"https:\/\/www.agricolacolomer.cat\/es\/#organization\",\"name\":\"Agricola Colomer\",\"url\":\"https:\/\/www.agricolacolomer.cat\/es\/\",\"logo\":{\"@type\":\"ImageObject\",\"inLanguage\":\"es\",\"@id\":\"https:\/\/www.agricolacolomer.cat\/es\/#\/schema\/logo\/image\/\",\"url\":\"https:\/\/www.agricolacolomer.cat\/wp-content\/uploads\/2021\/11\/colomer.jpg\",\"contentUrl\":\"https:\/\/www.agricolacolomer.cat\/wp-content\/uploads\/2021\/11\/colomer.jpg\",\"width\":300,\"height\":300,\"caption\":\"Agricola Colomer\"},\"image\":{\"@id\":\"https:\/\/www.agricolacolomer.cat\/es\/#\/schema\/logo\/image\/\"}}]}<\/script>\n<!-- \/ Yoast SEO plugin. -->","yoast_head_json":{"title":"Productos ganader\u00eda &#8226; Agr\u00edcola Colomer &#8226; Maquinaria Agricola en Girona","description":"En Agrigola Colomer contamos con una dilatada experiencia en la venta de equipamiento y productos para tu explotaci\u00f3n ganadera.","robots":{"index":"index","follow":"follow","max-snippet":"max-snippet:-1","max-image-preview":"max-image-preview:large","max-video-preview":"max-video-preview:-1"},"canonical":"https:\/\/www.agricolacolomer.cat\/es\/productos-ganaderia\/","og_locale":"es_ES","og_type":"article","og_title":"Productos ganader\u00eda &#8226; Agr\u00edcola Colomer &#8226; Maquinaria Agricola en Girona","og_description":"En Agrigola Colomer contamos con una dilatada experiencia en la venta de equipamiento y productos para tu explotaci\u00f3n ganadera.","og_url":"https:\/\/www.agricolacolomer.cat\/es\/productos-ganaderia\/","og_site_name":"Agr\u00edcola Colomer","article_modified_time":"2022-12-01T17:04:33+00:00","twitter_card":"summary_large_image","twitter_misc":{"Tiempo de lectura":"5 minutos"},"schema":{"@context":"https:\/\/schema.org","@graph":[{"@type":"WebPage","@id":"https:\/\/www.agricolacolomer.cat\/es\/productos-ganaderia\/","url":"https:\/\/www.agricolacolomer.cat\/es\/productos-ganaderia\/","name":"Productos ganader\u00eda &#8226; Agr\u00edcola Colomer &#8226; Maquinaria Agricola en Girona","isPartOf":{"@id":"https:\/\/www.agricolacolomer.cat\/es\/#website"},"datePublished":"2022-10-20T16:26:26+00:00","dateModified":"2022-12-01T17:04:33+00:00","description":"En Agrigola Colomer contamos con una dilatada experiencia en la venta de equipamiento y productos para tu explotaci\u00f3n ganadera.","breadcrumb":{"@id":"https:\/\/www.agricolacolomer.cat\/es\/productos-ganaderia\/#breadcrumb"},"inLanguage":"es","potentialAction":[{"@type":"ReadAction","target":["https:\/\/www.agricolacolomer.cat\/es\/productos-ganaderia\/"]}]},{"@type":"BreadcrumbList","@id":"https:\/\/www.agricolacolomer.cat\/es\/productos-ganaderia\/#breadcrumb","itemListElement":[{"@type":"ListItem","position":1,"name":"Inici","item":"https:\/\/www.agricolacolomer.cat\/es\/maquinaria-agricola-a-girona\/"},{"@type":"ListItem","position":2,"name":"Productos ganader\u00eda"}]},{"@type":"WebSite","@id":"https:\/\/www.agricolacolomer.cat\/es\/#website","url":"https:\/\/www.agricolacolomer.cat\/es\/","name":"Agr\u00edcola Colomer","description":"Maquinaria agr\u00edcola en el Alt Empord\u00e0","publisher":{"@id":"https:\/\/www.agricolacolomer.cat\/es\/#organization"},"potentialAction":[{"@type":"SearchAction","target":{"@type":"EntryPoint","urlTemplate":"https:\/\/www.agricolacolomer.cat\/es\/?s={search_term_string}"},"query-input":{"@type":"PropertyValueSpecification","valueRequired":true,"valueName":"search_term_string"}}],"inLanguage":"es"},{"@type":"Organization","@id":"https:\/\/www.agricolacolomer.cat\/es\/#organization","name":"Agricola Colomer","url":"https:\/\/www.agricolacolomer.cat\/es\/","logo":{"@type":"ImageObject","inLanguage":"es","@id":"https:\/\/www.agricolacolomer.cat\/es\/#\/schema\/logo\/image\/","url":"https:\/\/www.agricolacolomer.cat\/wp-content\/uploads\/2021\/11\/colomer.jpg","contentUrl":"https:\/\/www.agricolacolomer.cat\/wp-content\/uploads\/2021\/11\/colomer.jpg","width":300,"height":300,"caption":"Agricola Colomer"},"image":{"@id":"https:\/\/www.agricolacolomer.cat\/es\/#\/schema\/logo\/image\/"}}]}},"_links":{"self":[{"href":"https:\/\/www.agricolacolomer.cat\/es\/wp-json\/wp\/v2\/pages\/844","targetHints":{"allow":["GET"]}}],"collection":[{"href":"https:\/\/www.agricolacolomer.cat\/es\/wp-json\/wp\/v2\/pages"}],"about":[{"href":"https:\/\/www.agricolacolomer.cat\/es\/wp-json\/wp\/v2\/types\/page"}],"author":[{"embeddable":true,"href":"https:\/\/www.agricolacolomer.cat\/es\/wp-json\/wp\/v2\/users\/1"}],"replies":[{"embeddable":true,"href":"https:\/\/www.agricolacolomer.cat\/es\/wp-json\/wp\/v2\/comments?post=844"}],"version-history":[{"count":10,"href":"https:\/\/www.agricolacolomer.cat\/es\/wp-json\/wp\/v2\/pages\/844\/revisions"}],"predecessor-version":[{"id":872,"href":"https:\/\/www.agricolacolomer.cat\/es\/wp-json\/wp\/v2\/pages\/844\/revisions\/872"}],"wp:attachment":[{"href":"https:\/\/www.agricolacolomer.cat\/es\/wp-json\/wp\/v2\/media?parent=844"}],"curies":[{"name":"wp","href":"https:\/\/api.w.org\/{rel}","templated":true}]}}