{"id":629,"date":"2022-05-16T15:22:57","date_gmt":"2022-05-16T15:22:57","guid":{"rendered":"https:\/\/www.agricolacolomer.cat\/producte\/iseki-tractor-cortacesped-sxe213h95\/"},"modified":"2022-07-06T07:26:06","modified_gmt":"2022-07-06T07:26:06","slug":"iseki-tractor-cortacesped-sxe213h95","status":"publish","type":"product","link":"https:\/\/www.agricolacolomer.cat\/es\/producte\/iseki-tractor-cortacesped-sxe213h95\/","title":{"rendered":"ISEKI TRACTOR CORTAC\u00c9SPED SXE213H95"},"content":{"rendered":"<p>Motor: Briggs &amp; Stratton Serie 3130 Cilindrada: 344cm3<\/p>\n<p>Transmisi\u00f3n: hidroest\u00e1tica con pedal<\/p>\n<p>Corte: ancho 95 cm Embrague de cuchilla: electromagn\u00e9tico<\/p>\n<p>Ajuste del ancho de corte: centralizado<\/p>\n<p>Dimensiones de las ruedas DEL\/TRAS: 15\u201d\/20\u201d<\/p>\n<p>Saco: 310 litros Vaciado del saco: manual (el\u00e9ctrico en opci\u00f3n)<\/p>\n<p>Superficie: inferior o igual a 5000 m2<\/p>\n<p>Obturador mulching: de serie<\/p>\n<p>Con el fin de ofrecer siempre m\u00e1s a los amantes de la marca ISEKI, as\u00ed como a los amantes de los productos de calidad, ISEKI France ha desarrollado una gama completa de cortac\u00e9spedes de asiento. Por lo tanto, ofrecemos cuatro modelos de tractores con recolecci\u00f3n trasera y dos modelos con descarga lateral. Todos equipados con un robusto marco de acero, potentes motores Briggs &amp; Stratton o AL-KO Pro y plataformas de corte con cuchillas de calidad.<\/p>\n<p>Entre esta amplia selecci\u00f3n, seguramente encontrar\u00e1 la segadora con conductor ISEKI adecuada para usted.<\/p>\n<p>Fabricaci\u00f3n de alta calidad, esta gama de segadoras de expulsi\u00f3n trasera desarrollada por ISEKI France satisfar\u00e1 a los usuarios m\u00e1s exigentes.<\/p>\n<p>As\u00ed, podr\u00e1 elegir entre motores monocil\u00edndricos o bicil\u00edndricos de Briggs &amp; Stratton, con anchos de corte que van desde los 95 cm hasta los 125 cm y diversos equipos como vaciado el\u00e9ctrico, enganche de remolque, cuentahoras, indicador de combustible, etc (seg\u00fan modelo).<\/p>\n","protected":false},"excerpt":{"rendered":"<p>Motor: Briggs &amp; Stratton Serie 3130 Cilindrada: 344cm3 Transmisi\u00f3n: hidroest\u00e1tica con pedal Corte: ancho 95 cm Embrague de cuchilla: electromagn\u00e9tico Ajuste del ancho de corte: centralizado Dimensiones de las ruedas DEL\/TRAS: 15\u201d\/20\u201d Saco: 310 litros Vaciado del saco: manual (el\u00e9ctrico en opci\u00f3n) Superficie: inferior o igual a 5000 m2 Obturador mulching: de serie Con el [&hellip;]<\/p>\n","protected":false},"featured_media":618,"comment_status":"closed","ping_status":"closed","template":"","meta":[],"product_brand":[],"product_cat":[47],"product_tag":[],"class_list":{"0":"post-629","1":"product","2":"type-product","3":"status-publish","4":"has-post-thumbnail","6":"product_cat-entrega-inmediata","8":"first","9":"instock","10":"featured","11":"shipping-taxable","12":"product-type-simple"},"yoast_head":"<!-- This site is optimized with the Yoast SEO plugin v27.2 - https:\/\/yoast.com\/product\/yoast-seo-wordpress\/ -->\n<title>ISEKI TRACTOR CORTAC\u00c9SPED SXE213H95 &#8226; Agr\u00edcola Colomer<\/title>\n<meta name=\"robots\" content=\"index, follow, max-snippet:-1, max-image-preview:large, max-video-preview:-1\" \/>\n<link rel=\"canonical\" href=\"https:\/\/www.agricolacolomer.cat\/es\/producte\/iseki-tractor-cortacesped-sxe213h95\/\" \/>\n<meta property=\"og:locale\" content=\"es_ES\" \/>\n<meta property=\"og:type\" content=\"article\" \/>\n<meta property=\"og:title\" content=\"ISEKI TRACTOR CORTAC\u00c9SPED SXE213H95 &#8226; Agr\u00edcola Colomer\" \/>\n<meta property=\"og:description\" content=\"Motor: Briggs &amp; Stratton Serie 3130 Cilindrada: 344cm3 Transmisi\u00f3n: hidroest\u00e1tica con pedal Corte: ancho 95 cm Embrague de cuchilla: electromagn\u00e9tico Ajuste del ancho de corte: centralizado Dimensiones de las ruedas DEL\/TRAS: 15\u201d\/20\u201d Saco: 310 litros Vaciado del saco: manual (el\u00e9ctrico en opci\u00f3n) Superficie: inferior o igual a 5000 m2 Obturador mulching: de serie Con el [&hellip;]\" \/>\n<meta property=\"og:url\" content=\"https:\/\/www.agricolacolomer.cat\/es\/producte\/iseki-tractor-cortacesped-sxe213h95\/\" \/>\n<meta property=\"og:site_name\" content=\"Agr\u00edcola Colomer\" \/>\n<meta property=\"article:modified_time\" content=\"2022-07-06T07:26:06+00:00\" \/>\n<meta property=\"og:image\" content=\"https:\/\/www.agricolacolomer.cat\/wp-content\/uploads\/2022\/05\/DSC_0358-scaled.jpg\" \/>\n\t<meta property=\"og:image:width\" content=\"2560\" \/>\n\t<meta property=\"og:image:height\" content=\"1700\" \/>\n\t<meta property=\"og:image:type\" content=\"image\/jpeg\" \/>\n<meta name=\"twitter:card\" content=\"summary_large_image\" \/>\n<meta name=\"twitter:label1\" content=\"Tiempo de lectura\" \/>\n\t<meta name=\"twitter:data1\" content=\"1 minuto\" \/>\n<script type=\"application\/ld+json\" class=\"yoast-schema-graph\">{\"@context\":\"https:\/\/schema.org\",\"@graph\":[{\"@type\":\"WebPage\",\"@id\":\"https:\/\/www.agricolacolomer.cat\/es\/producte\/iseki-tractor-cortacesped-sxe213h95\/\",\"url\":\"https:\/\/www.agricolacolomer.cat\/es\/producte\/iseki-tractor-cortacesped-sxe213h95\/\",\"name\":\"ISEKI TRACTOR CORTAC\u00c9SPED SXE213H95 &#8226; Agr\u00edcola Colomer\",\"isPartOf\":{\"@id\":\"https:\/\/www.agricolacolomer.cat\/es\/#website\"},\"primaryImageOfPage\":{\"@id\":\"https:\/\/www.agricolacolomer.cat\/es\/producte\/iseki-tractor-cortacesped-sxe213h95\/#primaryimage\"},\"image\":{\"@id\":\"https:\/\/www.agricolacolomer.cat\/es\/producte\/iseki-tractor-cortacesped-sxe213h95\/#primaryimage\"},\"thumbnailUrl\":\"https:\/\/www.agricolacolomer.cat\/wp-content\/uploads\/2022\/05\/DSC_0358-scaled.jpg\",\"datePublished\":\"2022-05-16T15:22:57+00:00\",\"dateModified\":\"2022-07-06T07:26:06+00:00\",\"breadcrumb\":{\"@id\":\"https:\/\/www.agricolacolomer.cat\/es\/producte\/iseki-tractor-cortacesped-sxe213h95\/#breadcrumb\"},\"inLanguage\":\"es\",\"potentialAction\":[{\"@type\":\"ReadAction\",\"target\":[\"https:\/\/www.agricolacolomer.cat\/es\/producte\/iseki-tractor-cortacesped-sxe213h95\/\"]}]},{\"@type\":\"ImageObject\",\"inLanguage\":\"es\",\"@id\":\"https:\/\/www.agricolacolomer.cat\/es\/producte\/iseki-tractor-cortacesped-sxe213h95\/#primaryimage\",\"url\":\"https:\/\/www.agricolacolomer.cat\/wp-content\/uploads\/2022\/05\/DSC_0358-scaled.jpg\",\"contentUrl\":\"https:\/\/www.agricolacolomer.cat\/wp-content\/uploads\/2022\/05\/DSC_0358-scaled.jpg\",\"width\":2560,\"height\":1700},{\"@type\":\"BreadcrumbList\",\"@id\":\"https:\/\/www.agricolacolomer.cat\/es\/producte\/iseki-tractor-cortacesped-sxe213h95\/#breadcrumb\",\"itemListElement\":[{\"@type\":\"ListItem\",\"position\":1,\"name\":\"Inici\",\"item\":\"https:\/\/www.agricolacolomer.cat\/es\/maquinaria-agricola-a-girona\/\"},{\"@type\":\"ListItem\",\"position\":2,\"name\":\"Productos\",\"item\":\"https:\/\/www.agricolacolomer.cat\/es\/shop\/\"},{\"@type\":\"ListItem\",\"position\":3,\"name\":\"ISEKI TRACTOR CORTAC\u00c9SPED SXE213H95\"}]},{\"@type\":\"WebSite\",\"@id\":\"https:\/\/www.agricolacolomer.cat\/es\/#website\",\"url\":\"https:\/\/www.agricolacolomer.cat\/es\/\",\"name\":\"Agr\u00edcola Colomer\",\"description\":\"Maquinaria agr\u00edcola en el Alt Empord\u00e0\",\"publisher\":{\"@id\":\"https:\/\/www.agricolacolomer.cat\/es\/#organization\"},\"potentialAction\":[{\"@type\":\"SearchAction\",\"target\":{\"@type\":\"EntryPoint\",\"urlTemplate\":\"https:\/\/www.agricolacolomer.cat\/es\/?s={search_term_string}\"},\"query-input\":{\"@type\":\"PropertyValueSpecification\",\"valueRequired\":true,\"valueName\":\"search_term_string\"}}],\"inLanguage\":\"es\"},{\"@type\":\"Organization\",\"@id\":\"https:\/\/www.agricolacolomer.cat\/es\/#organization\",\"name\":\"Agricola Colomer\",\"url\":\"https:\/\/www.agricolacolomer.cat\/es\/\",\"logo\":{\"@type\":\"ImageObject\",\"inLanguage\":\"es\",\"@id\":\"https:\/\/www.agricolacolomer.cat\/es\/#\/schema\/logo\/image\/\",\"url\":\"https:\/\/www.agricolacolomer.cat\/wp-content\/uploads\/2021\/11\/colomer.jpg\",\"contentUrl\":\"https:\/\/www.agricolacolomer.cat\/wp-content\/uploads\/2021\/11\/colomer.jpg\",\"width\":300,\"height\":300,\"caption\":\"Agricola Colomer\"},\"image\":{\"@id\":\"https:\/\/www.agricolacolomer.cat\/es\/#\/schema\/logo\/image\/\"}}]}<\/script>\n<!-- \/ Yoast SEO plugin. -->","yoast_head_json":{"title":"ISEKI TRACTOR CORTAC\u00c9SPED SXE213H95 &#8226; Agr\u00edcola Colomer","robots":{"index":"index","follow":"follow","max-snippet":"max-snippet:-1","max-image-preview":"max-image-preview:large","max-video-preview":"max-video-preview:-1"},"canonical":"https:\/\/www.agricolacolomer.cat\/es\/producte\/iseki-tractor-cortacesped-sxe213h95\/","og_locale":"es_ES","og_type":"article","og_title":"ISEKI TRACTOR CORTAC\u00c9SPED SXE213H95 &#8226; Agr\u00edcola Colomer","og_description":"Motor: Briggs &amp; Stratton Serie 3130 Cilindrada: 344cm3 Transmisi\u00f3n: hidroest\u00e1tica con pedal Corte: ancho 95 cm Embrague de cuchilla: electromagn\u00e9tico Ajuste del ancho de corte: centralizado Dimensiones de las ruedas DEL\/TRAS: 15\u201d\/20\u201d Saco: 310 litros Vaciado del saco: manual (el\u00e9ctrico en opci\u00f3n) Superficie: inferior o igual a 5000 m2 Obturador mulching: de serie Con el [&hellip;]","og_url":"https:\/\/www.agricolacolomer.cat\/es\/producte\/iseki-tractor-cortacesped-sxe213h95\/","og_site_name":"Agr\u00edcola Colomer","article_modified_time":"2022-07-06T07:26:06+00:00","og_image":[{"width":2560,"height":1700,"url":"https:\/\/www.agricolacolomer.cat\/wp-content\/uploads\/2022\/05\/DSC_0358-scaled.jpg","type":"image\/jpeg"}],"twitter_card":"summary_large_image","twitter_misc":{"Tiempo de lectura":"1 minuto"},"schema":{"@context":"https:\/\/schema.org","@graph":[{"@type":"WebPage","@id":"https:\/\/www.agricolacolomer.cat\/es\/producte\/iseki-tractor-cortacesped-sxe213h95\/","url":"https:\/\/www.agricolacolomer.cat\/es\/producte\/iseki-tractor-cortacesped-sxe213h95\/","name":"ISEKI TRACTOR CORTAC\u00c9SPED SXE213H95 &#8226; Agr\u00edcola Colomer","isPartOf":{"@id":"https:\/\/www.agricolacolomer.cat\/es\/#website"},"primaryImageOfPage":{"@id":"https:\/\/www.agricolacolomer.cat\/es\/producte\/iseki-tractor-cortacesped-sxe213h95\/#primaryimage"},"image":{"@id":"https:\/\/www.agricolacolomer.cat\/es\/producte\/iseki-tractor-cortacesped-sxe213h95\/#primaryimage"},"thumbnailUrl":"https:\/\/www.agricolacolomer.cat\/wp-content\/uploads\/2022\/05\/DSC_0358-scaled.jpg","datePublished":"2022-05-16T15:22:57+00:00","dateModified":"2022-07-06T07:26:06+00:00","breadcrumb":{"@id":"https:\/\/www.agricolacolomer.cat\/es\/producte\/iseki-tractor-cortacesped-sxe213h95\/#breadcrumb"},"inLanguage":"es","potentialAction":[{"@type":"ReadAction","target":["https:\/\/www.agricolacolomer.cat\/es\/producte\/iseki-tractor-cortacesped-sxe213h95\/"]}]},{"@type":"ImageObject","inLanguage":"es","@id":"https:\/\/www.agricolacolomer.cat\/es\/producte\/iseki-tractor-cortacesped-sxe213h95\/#primaryimage","url":"https:\/\/www.agricolacolomer.cat\/wp-content\/uploads\/2022\/05\/DSC_0358-scaled.jpg","contentUrl":"https:\/\/www.agricolacolomer.cat\/wp-content\/uploads\/2022\/05\/DSC_0358-scaled.jpg","width":2560,"height":1700},{"@type":"BreadcrumbList","@id":"https:\/\/www.agricolacolomer.cat\/es\/producte\/iseki-tractor-cortacesped-sxe213h95\/#breadcrumb","itemListElement":[{"@type":"ListItem","position":1,"name":"Inici","item":"https:\/\/www.agricolacolomer.cat\/es\/maquinaria-agricola-a-girona\/"},{"@type":"ListItem","position":2,"name":"Productos","item":"https:\/\/www.agricolacolomer.cat\/es\/shop\/"},{"@type":"ListItem","position":3,"name":"ISEKI TRACTOR CORTAC\u00c9SPED SXE213H95"}]},{"@type":"WebSite","@id":"https:\/\/www.agricolacolomer.cat\/es\/#website","url":"https:\/\/www.agricolacolomer.cat\/es\/","name":"Agr\u00edcola Colomer","description":"Maquinaria agr\u00edcola en el Alt Empord\u00e0","publisher":{"@id":"https:\/\/www.agricolacolomer.cat\/es\/#organization"},"potentialAction":[{"@type":"SearchAction","target":{"@type":"EntryPoint","urlTemplate":"https:\/\/www.agricolacolomer.cat\/es\/?s={search_term_string}"},"query-input":{"@type":"PropertyValueSpecification","valueRequired":true,"valueName":"search_term_string"}}],"inLanguage":"es"},{"@type":"Organization","@id":"https:\/\/www.agricolacolomer.cat\/es\/#organization","name":"Agricola Colomer","url":"https:\/\/www.agricolacolomer.cat\/es\/","logo":{"@type":"ImageObject","inLanguage":"es","@id":"https:\/\/www.agricolacolomer.cat\/es\/#\/schema\/logo\/image\/","url":"https:\/\/www.agricolacolomer.cat\/wp-content\/uploads\/2021\/11\/colomer.jpg","contentUrl":"https:\/\/www.agricolacolomer.cat\/wp-content\/uploads\/2021\/11\/colomer.jpg","width":300,"height":300,"caption":"Agricola Colomer"},"image":{"@id":"https:\/\/www.agricolacolomer.cat\/es\/#\/schema\/logo\/image\/"}}]}},"_links":{"self":[{"href":"https:\/\/www.agricolacolomer.cat\/es\/wp-json\/wp\/v2\/product\/629","targetHints":{"allow":["GET"]}}],"collection":[{"href":"https:\/\/www.agricolacolomer.cat\/es\/wp-json\/wp\/v2\/product"}],"about":[{"href":"https:\/\/www.agricolacolomer.cat\/es\/wp-json\/wp\/v2\/types\/product"}],"replies":[{"embeddable":true,"href":"https:\/\/www.agricolacolomer.cat\/es\/wp-json\/wp\/v2\/comments?post=629"}],"wp:featuredmedia":[{"embeddable":true,"href":"https:\/\/www.agricolacolomer.cat\/es\/wp-json\/wp\/v2\/media\/618"}],"wp:attachment":[{"href":"https:\/\/www.agricolacolomer.cat\/es\/wp-json\/wp\/v2\/media?parent=629"}],"wp:term":[{"taxonomy":"product_brand","embeddable":true,"href":"https:\/\/www.agricolacolomer.cat\/es\/wp-json\/wp\/v2\/product_brand?post=629"},{"taxonomy":"product_cat","embeddable":true,"href":"https:\/\/www.agricolacolomer.cat\/es\/wp-json\/wp\/v2\/product_cat?post=629"},{"taxonomy":"product_tag","embeddable":true,"href":"https:\/\/www.agricolacolomer.cat\/es\/wp-json\/wp\/v2\/product_tag?post=629"}],"curies":[{"name":"wp","href":"https:\/\/api.w.org\/{rel}","templated":true}]}}