{"id":654,"date":"2022-05-18T11:20:21","date_gmt":"2022-05-18T11:20:21","guid":{"rendered":"https:\/\/www.agricolacolomer.cat\/producte\/tractor-serie-tm3187\/"},"modified":"2022-05-18T11:20:21","modified_gmt":"2022-05-18T11:20:21","slug":"tractor-serie-tm3187","status":"publish","type":"product","link":"https:\/\/www.agricolacolomer.cat\/es\/producte\/tractor-serie-tm3187\/","title":{"rendered":"TRACTOR SERIE TM3187"},"content":{"rendered":"<p class=\"gmail-Standard\">4 Ruedas motrices<\/p>\n<p class=\"gmail-Standard\">Arco de seguridad<\/p>\n<p class=\"gmail-Standard\">Motor SHIBAURA Diesel 3 Cilindros stage V (Potencia ECE-R120=11.6kW Potencia aprox.16Cv)-761 cm3<\/p>\n<p class=\"gmail-Standard\">Direcci\u00f3n asistida<\/p>\n<p class=\"gmail-Standard\">Ruedas agrarias delanteras: 5.00-12 \/ traseras: 9.5-16<\/p>\n<p class=\"gmail-Standard\">Peso en orden de marcha:594 kg<\/p>\n<p class=\"gmail-Textbody\">\n<p class=\"gmail-Standard\">TM3187F3UZRE\/RA* Ruedas agrarias, transmisi\u00f3n: mec\u00e1nica. Velocidades: 2 gamas\/6 delanteras 2 traseras. Ruedas agrarias anchas y direcci\u00f3n asistida.<\/p>\n","protected":false},"excerpt":{"rendered":"<p>4 Ruedas motrices Arco de seguridad Motor SHIBAURA Diesel 3 Cilindros stage V (Potencia ECE-R120=11.6kW Potencia aprox.16Cv)-761 cm3 Direcci\u00f3n asistida Ruedas agrarias delanteras: 5.00-12 \/ traseras: 9.5-16 Peso en orden de marcha:594 kg TM3187F3UZRE\/RA* Ruedas agrarias, transmisi\u00f3n: mec\u00e1nica. Velocidades: 2 gamas\/6 delanteras 2 traseras. Ruedas agrarias anchas y direcci\u00f3n asistida.<\/p>\n","protected":false},"featured_media":644,"comment_status":"closed","ping_status":"closed","template":"","meta":[],"product_brand":[],"product_cat":[47],"product_tag":[],"class_list":{"0":"post-654","1":"product","2":"type-product","3":"status-publish","4":"has-post-thumbnail","6":"product_cat-entrega-inmediata","8":"first","9":"instock","10":"featured","11":"shipping-taxable","12":"product-type-simple"},"yoast_head":"<!-- This site is optimized with the Yoast SEO plugin v27.2 - https:\/\/yoast.com\/product\/yoast-seo-wordpress\/ -->\n<title>TRACTOR SERIE TM3187 &#8226; Agr\u00edcola Colomer<\/title>\n<meta name=\"robots\" content=\"index, follow, max-snippet:-1, max-image-preview:large, max-video-preview:-1\" \/>\n<link rel=\"canonical\" href=\"https:\/\/www.agricolacolomer.cat\/es\/producte\/tractor-serie-tm3187\/\" \/>\n<meta property=\"og:locale\" content=\"es_ES\" \/>\n<meta property=\"og:type\" content=\"article\" \/>\n<meta property=\"og:title\" content=\"TRACTOR SERIE TM3187 &#8226; Agr\u00edcola Colomer\" \/>\n<meta property=\"og:description\" content=\"4 Ruedas motrices Arco de seguridad Motor SHIBAURA Diesel 3 Cilindros stage V (Potencia ECE-R120=11.6kW Potencia aprox.16Cv)-761 cm3 Direcci\u00f3n asistida Ruedas agrarias delanteras: 5.00-12 \/ traseras: 9.5-16 Peso en orden de marcha:594 kg TM3187F3UZRE\/RA* Ruedas agrarias, transmisi\u00f3n: mec\u00e1nica. Velocidades: 2 gamas\/6 delanteras 2 traseras. Ruedas agrarias anchas y direcci\u00f3n asistida.\" \/>\n<meta property=\"og:url\" content=\"https:\/\/www.agricolacolomer.cat\/es\/producte\/tractor-serie-tm3187\/\" \/>\n<meta property=\"og:site_name\" content=\"Agr\u00edcola Colomer\" \/>\n<meta property=\"og:image\" content=\"https:\/\/www.agricolacolomer.cat\/wp-content\/uploads\/2022\/05\/DSC_0322-scaled.jpg\" \/>\n\t<meta property=\"og:image:width\" content=\"2560\" \/>\n\t<meta property=\"og:image:height\" content=\"1700\" \/>\n\t<meta property=\"og:image:type\" content=\"image\/jpeg\" \/>\n<meta name=\"twitter:card\" content=\"summary_large_image\" \/>\n<script type=\"application\/ld+json\" class=\"yoast-schema-graph\">{\"@context\":\"https:\/\/schema.org\",\"@graph\":[{\"@type\":\"WebPage\",\"@id\":\"https:\/\/www.agricolacolomer.cat\/es\/producte\/tractor-serie-tm3187\/\",\"url\":\"https:\/\/www.agricolacolomer.cat\/es\/producte\/tractor-serie-tm3187\/\",\"name\":\"TRACTOR SERIE TM3187 &#8226; Agr\u00edcola Colomer\",\"isPartOf\":{\"@id\":\"https:\/\/www.agricolacolomer.cat\/es\/#website\"},\"primaryImageOfPage\":{\"@id\":\"https:\/\/www.agricolacolomer.cat\/es\/producte\/tractor-serie-tm3187\/#primaryimage\"},\"image\":{\"@id\":\"https:\/\/www.agricolacolomer.cat\/es\/producte\/tractor-serie-tm3187\/#primaryimage\"},\"thumbnailUrl\":\"https:\/\/www.agricolacolomer.cat\/wp-content\/uploads\/2022\/05\/DSC_0322-scaled.jpg\",\"datePublished\":\"2022-05-18T11:20:21+00:00\",\"breadcrumb\":{\"@id\":\"https:\/\/www.agricolacolomer.cat\/es\/producte\/tractor-serie-tm3187\/#breadcrumb\"},\"inLanguage\":\"es\",\"potentialAction\":[{\"@type\":\"ReadAction\",\"target\":[\"https:\/\/www.agricolacolomer.cat\/es\/producte\/tractor-serie-tm3187\/\"]}]},{\"@type\":\"ImageObject\",\"inLanguage\":\"es\",\"@id\":\"https:\/\/www.agricolacolomer.cat\/es\/producte\/tractor-serie-tm3187\/#primaryimage\",\"url\":\"https:\/\/www.agricolacolomer.cat\/wp-content\/uploads\/2022\/05\/DSC_0322-scaled.jpg\",\"contentUrl\":\"https:\/\/www.agricolacolomer.cat\/wp-content\/uploads\/2022\/05\/DSC_0322-scaled.jpg\",\"width\":2560,\"height\":1700},{\"@type\":\"BreadcrumbList\",\"@id\":\"https:\/\/www.agricolacolomer.cat\/es\/producte\/tractor-serie-tm3187\/#breadcrumb\",\"itemListElement\":[{\"@type\":\"ListItem\",\"position\":1,\"name\":\"Inici\",\"item\":\"https:\/\/www.agricolacolomer.cat\/es\/maquinaria-agricola-a-girona\/\"},{\"@type\":\"ListItem\",\"position\":2,\"name\":\"Productos\",\"item\":\"https:\/\/www.agricolacolomer.cat\/es\/shop\/\"},{\"@type\":\"ListItem\",\"position\":3,\"name\":\"TRACTOR SERIE TM3187\"}]},{\"@type\":\"WebSite\",\"@id\":\"https:\/\/www.agricolacolomer.cat\/es\/#website\",\"url\":\"https:\/\/www.agricolacolomer.cat\/es\/\",\"name\":\"Agr\u00edcola Colomer\",\"description\":\"Maquinaria agr\u00edcola en el Alt Empord\u00e0\",\"publisher\":{\"@id\":\"https:\/\/www.agricolacolomer.cat\/es\/#organization\"},\"potentialAction\":[{\"@type\":\"SearchAction\",\"target\":{\"@type\":\"EntryPoint\",\"urlTemplate\":\"https:\/\/www.agricolacolomer.cat\/es\/?s={search_term_string}\"},\"query-input\":{\"@type\":\"PropertyValueSpecification\",\"valueRequired\":true,\"valueName\":\"search_term_string\"}}],\"inLanguage\":\"es\"},{\"@type\":\"Organization\",\"@id\":\"https:\/\/www.agricolacolomer.cat\/es\/#organization\",\"name\":\"Agricola Colomer\",\"url\":\"https:\/\/www.agricolacolomer.cat\/es\/\",\"logo\":{\"@type\":\"ImageObject\",\"inLanguage\":\"es\",\"@id\":\"https:\/\/www.agricolacolomer.cat\/es\/#\/schema\/logo\/image\/\",\"url\":\"https:\/\/www.agricolacolomer.cat\/wp-content\/uploads\/2021\/11\/colomer.jpg\",\"contentUrl\":\"https:\/\/www.agricolacolomer.cat\/wp-content\/uploads\/2021\/11\/colomer.jpg\",\"width\":300,\"height\":300,\"caption\":\"Agricola Colomer\"},\"image\":{\"@id\":\"https:\/\/www.agricolacolomer.cat\/es\/#\/schema\/logo\/image\/\"}}]}<\/script>\n<!-- \/ Yoast SEO plugin. -->","yoast_head_json":{"title":"TRACTOR SERIE TM3187 &#8226; Agr\u00edcola Colomer","robots":{"index":"index","follow":"follow","max-snippet":"max-snippet:-1","max-image-preview":"max-image-preview:large","max-video-preview":"max-video-preview:-1"},"canonical":"https:\/\/www.agricolacolomer.cat\/es\/producte\/tractor-serie-tm3187\/","og_locale":"es_ES","og_type":"article","og_title":"TRACTOR SERIE TM3187 &#8226; Agr\u00edcola Colomer","og_description":"4 Ruedas motrices Arco de seguridad Motor SHIBAURA Diesel 3 Cilindros stage V (Potencia ECE-R120=11.6kW Potencia aprox.16Cv)-761 cm3 Direcci\u00f3n asistida Ruedas agrarias delanteras: 5.00-12 \/ traseras: 9.5-16 Peso en orden de marcha:594 kg TM3187F3UZRE\/RA* Ruedas agrarias, transmisi\u00f3n: mec\u00e1nica. Velocidades: 2 gamas\/6 delanteras 2 traseras. Ruedas agrarias anchas y direcci\u00f3n asistida.","og_url":"https:\/\/www.agricolacolomer.cat\/es\/producte\/tractor-serie-tm3187\/","og_site_name":"Agr\u00edcola Colomer","og_image":[{"width":2560,"height":1700,"url":"https:\/\/www.agricolacolomer.cat\/wp-content\/uploads\/2022\/05\/DSC_0322-scaled.jpg","type":"image\/jpeg"}],"twitter_card":"summary_large_image","schema":{"@context":"https:\/\/schema.org","@graph":[{"@type":"WebPage","@id":"https:\/\/www.agricolacolomer.cat\/es\/producte\/tractor-serie-tm3187\/","url":"https:\/\/www.agricolacolomer.cat\/es\/producte\/tractor-serie-tm3187\/","name":"TRACTOR SERIE TM3187 &#8226; Agr\u00edcola Colomer","isPartOf":{"@id":"https:\/\/www.agricolacolomer.cat\/es\/#website"},"primaryImageOfPage":{"@id":"https:\/\/www.agricolacolomer.cat\/es\/producte\/tractor-serie-tm3187\/#primaryimage"},"image":{"@id":"https:\/\/www.agricolacolomer.cat\/es\/producte\/tractor-serie-tm3187\/#primaryimage"},"thumbnailUrl":"https:\/\/www.agricolacolomer.cat\/wp-content\/uploads\/2022\/05\/DSC_0322-scaled.jpg","datePublished":"2022-05-18T11:20:21+00:00","breadcrumb":{"@id":"https:\/\/www.agricolacolomer.cat\/es\/producte\/tractor-serie-tm3187\/#breadcrumb"},"inLanguage":"es","potentialAction":[{"@type":"ReadAction","target":["https:\/\/www.agricolacolomer.cat\/es\/producte\/tractor-serie-tm3187\/"]}]},{"@type":"ImageObject","inLanguage":"es","@id":"https:\/\/www.agricolacolomer.cat\/es\/producte\/tractor-serie-tm3187\/#primaryimage","url":"https:\/\/www.agricolacolomer.cat\/wp-content\/uploads\/2022\/05\/DSC_0322-scaled.jpg","contentUrl":"https:\/\/www.agricolacolomer.cat\/wp-content\/uploads\/2022\/05\/DSC_0322-scaled.jpg","width":2560,"height":1700},{"@type":"BreadcrumbList","@id":"https:\/\/www.agricolacolomer.cat\/es\/producte\/tractor-serie-tm3187\/#breadcrumb","itemListElement":[{"@type":"ListItem","position":1,"name":"Inici","item":"https:\/\/www.agricolacolomer.cat\/es\/maquinaria-agricola-a-girona\/"},{"@type":"ListItem","position":2,"name":"Productos","item":"https:\/\/www.agricolacolomer.cat\/es\/shop\/"},{"@type":"ListItem","position":3,"name":"TRACTOR SERIE TM3187"}]},{"@type":"WebSite","@id":"https:\/\/www.agricolacolomer.cat\/es\/#website","url":"https:\/\/www.agricolacolomer.cat\/es\/","name":"Agr\u00edcola Colomer","description":"Maquinaria agr\u00edcola en el Alt Empord\u00e0","publisher":{"@id":"https:\/\/www.agricolacolomer.cat\/es\/#organization"},"potentialAction":[{"@type":"SearchAction","target":{"@type":"EntryPoint","urlTemplate":"https:\/\/www.agricolacolomer.cat\/es\/?s={search_term_string}"},"query-input":{"@type":"PropertyValueSpecification","valueRequired":true,"valueName":"search_term_string"}}],"inLanguage":"es"},{"@type":"Organization","@id":"https:\/\/www.agricolacolomer.cat\/es\/#organization","name":"Agricola Colomer","url":"https:\/\/www.agricolacolomer.cat\/es\/","logo":{"@type":"ImageObject","inLanguage":"es","@id":"https:\/\/www.agricolacolomer.cat\/es\/#\/schema\/logo\/image\/","url":"https:\/\/www.agricolacolomer.cat\/wp-content\/uploads\/2021\/11\/colomer.jpg","contentUrl":"https:\/\/www.agricolacolomer.cat\/wp-content\/uploads\/2021\/11\/colomer.jpg","width":300,"height":300,"caption":"Agricola Colomer"},"image":{"@id":"https:\/\/www.agricolacolomer.cat\/es\/#\/schema\/logo\/image\/"}}]}},"_links":{"self":[{"href":"https:\/\/www.agricolacolomer.cat\/es\/wp-json\/wp\/v2\/product\/654","targetHints":{"allow":["GET"]}}],"collection":[{"href":"https:\/\/www.agricolacolomer.cat\/es\/wp-json\/wp\/v2\/product"}],"about":[{"href":"https:\/\/www.agricolacolomer.cat\/es\/wp-json\/wp\/v2\/types\/product"}],"replies":[{"embeddable":true,"href":"https:\/\/www.agricolacolomer.cat\/es\/wp-json\/wp\/v2\/comments?post=654"}],"wp:featuredmedia":[{"embeddable":true,"href":"https:\/\/www.agricolacolomer.cat\/es\/wp-json\/wp\/v2\/media\/644"}],"wp:attachment":[{"href":"https:\/\/www.agricolacolomer.cat\/es\/wp-json\/wp\/v2\/media?parent=654"}],"wp:term":[{"taxonomy":"product_brand","embeddable":true,"href":"https:\/\/www.agricolacolomer.cat\/es\/wp-json\/wp\/v2\/product_brand?post=654"},{"taxonomy":"product_cat","embeddable":true,"href":"https:\/\/www.agricolacolomer.cat\/es\/wp-json\/wp\/v2\/product_cat?post=654"},{"taxonomy":"product_tag","embeddable":true,"href":"https:\/\/www.agricolacolomer.cat\/es\/wp-json\/wp\/v2\/product_tag?post=654"}],"curies":[{"name":"wp","href":"https:\/\/api.w.org\/{rel}","templated":true}]}}