{"id":674,"date":"2022-05-19T10:17:25","date_gmt":"2022-05-19T10:17:25","guid":{"rendered":"https:\/\/www.agricolacolomer.cat\/producte\/motoazada-gasolina-601rx\/"},"modified":"2022-05-19T14:02:08","modified_gmt":"2022-05-19T14:02:08","slug":"motoazada-gasolina-601rx","status":"publish","type":"product","link":"https:\/\/www.agricolacolomer.cat\/es\/producte\/motoazada-gasolina-601rx\/","title":{"rendered":"MOTOAZADA GASOLINA 601RX"},"content":{"rendered":"<p>MOTOAZADA GASOLINA<\/p>\n<p>Transmisi\u00f3n por correa<\/p>\n<p>Referencia 601RX<\/p>\n<p>Motor: Briggs&amp;Stratton BS950 208 cc 6.4CV 4T<\/p>\n<p>Velocidades: 2 velocidades hacia delante y hacia atr\u00e1s, velocidad variable de 28 a 165 rpm. (patentado)<\/p>\n<p>Peso 60 kg, fresa incluida<\/p>\n<p>Embrague: Por tensi\u00f3n de correas de seguridad<\/p>\n<p>Arranque: Reversible<\/p>\n<p>Fresa: Extensible de 80 cm con discos de protecci\u00f3n<\/p>\n<p>Transmisi\u00f3n: Por cadena lubricada con grasa.<\/p>\n<p>&nbsp;<\/p>\n","protected":false},"excerpt":{"rendered":"<p>MOTOAZADA GASOLINA Transmisi\u00f3n por correa Referencia 601RX Motor: Briggs&amp;Stratton BS950 208 cc 6.4CV 4T Velocidades: 2 velocidades hacia delante y hacia atr\u00e1s, velocidad variable de 28 a 165 rpm. (patentado) Peso 60 kg, fresa incluida Embrague: Por tensi\u00f3n de correas de seguridad Arranque: Reversible Fresa: Extensible de 80 cm con discos de protecci\u00f3n Transmisi\u00f3n: Por [&hellip;]<\/p>\n","protected":false},"featured_media":666,"comment_status":"closed","ping_status":"closed","template":"","meta":[],"product_brand":[],"product_cat":[50],"product_tag":[],"class_list":{"0":"post-674","1":"product","2":"type-product","3":"status-publish","4":"has-post-thumbnail","6":"product_cat-oferta-de-la-semana","8":"first","9":"instock","10":"sale","11":"featured","12":"shipping-taxable","13":"purchasable","14":"product-type-simple"},"yoast_head":"<!-- This site is optimized with the Yoast SEO plugin v27.2 - https:\/\/yoast.com\/product\/yoast-seo-wordpress\/ -->\n<title>MOTOAZADA GASOLINA 601RX &#8226; Agr\u00edcola Colomer<\/title>\n<meta name=\"description\" content=\"Motoaixada\" \/>\n<meta name=\"robots\" content=\"index, follow, max-snippet:-1, max-image-preview:large, max-video-preview:-1\" \/>\n<link rel=\"canonical\" href=\"https:\/\/www.agricolacolomer.cat\/es\/producte\/motoazada-gasolina-601rx\/\" \/>\n<meta property=\"og:locale\" content=\"es_ES\" \/>\n<meta property=\"og:type\" content=\"article\" \/>\n<meta property=\"og:title\" content=\"MOTOAZADA GASOLINA 601RX &#8226; Agr\u00edcola Colomer\" \/>\n<meta property=\"og:description\" content=\"Motoaixada\" \/>\n<meta property=\"og:url\" content=\"https:\/\/www.agricolacolomer.cat\/es\/producte\/motoazada-gasolina-601rx\/\" \/>\n<meta property=\"og:site_name\" content=\"Agr\u00edcola Colomer\" \/>\n<meta property=\"article:modified_time\" content=\"2022-05-19T14:02:08+00:00\" \/>\n<meta property=\"og:image\" content=\"https:\/\/www.agricolacolomer.cat\/wp-content\/uploads\/2022\/05\/WhatsApp-Image-2022-05-18-at-1.06.52-PM-2.jpeg\" \/>\n\t<meta property=\"og:image:width\" content=\"768\" \/>\n\t<meta property=\"og:image:height\" content=\"1024\" \/>\n\t<meta property=\"og:image:type\" content=\"image\/jpeg\" \/>\n<meta name=\"twitter:card\" content=\"summary_large_image\" \/>\n<script type=\"application\/ld+json\" class=\"yoast-schema-graph\">{\"@context\":\"https:\/\/schema.org\",\"@graph\":[{\"@type\":\"WebPage\",\"@id\":\"https:\/\/www.agricolacolomer.cat\/es\/producte\/motoazada-gasolina-601rx\/\",\"url\":\"https:\/\/www.agricolacolomer.cat\/es\/producte\/motoazada-gasolina-601rx\/\",\"name\":\"MOTOAZADA GASOLINA 601RX &#8226; Agr\u00edcola Colomer\",\"isPartOf\":{\"@id\":\"https:\/\/www.agricolacolomer.cat\/es\/#website\"},\"primaryImageOfPage\":{\"@id\":\"https:\/\/www.agricolacolomer.cat\/es\/producte\/motoazada-gasolina-601rx\/#primaryimage\"},\"image\":{\"@id\":\"https:\/\/www.agricolacolomer.cat\/es\/producte\/motoazada-gasolina-601rx\/#primaryimage\"},\"thumbnailUrl\":\"https:\/\/www.agricolacolomer.cat\/wp-content\/uploads\/2022\/05\/WhatsApp-Image-2022-05-18-at-1.06.52-PM-2.jpeg\",\"datePublished\":\"2022-05-19T10:17:25+00:00\",\"dateModified\":\"2022-05-19T14:02:08+00:00\",\"description\":\"Motoaixada\",\"breadcrumb\":{\"@id\":\"https:\/\/www.agricolacolomer.cat\/es\/producte\/motoazada-gasolina-601rx\/#breadcrumb\"},\"inLanguage\":\"es\",\"potentialAction\":[{\"@type\":\"ReadAction\",\"target\":[\"https:\/\/www.agricolacolomer.cat\/es\/producte\/motoazada-gasolina-601rx\/\"]}]},{\"@type\":\"ImageObject\",\"inLanguage\":\"es\",\"@id\":\"https:\/\/www.agricolacolomer.cat\/es\/producte\/motoazada-gasolina-601rx\/#primaryimage\",\"url\":\"https:\/\/www.agricolacolomer.cat\/wp-content\/uploads\/2022\/05\/WhatsApp-Image-2022-05-18-at-1.06.52-PM-2.jpeg\",\"contentUrl\":\"https:\/\/www.agricolacolomer.cat\/wp-content\/uploads\/2022\/05\/WhatsApp-Image-2022-05-18-at-1.06.52-PM-2.jpeg\",\"width\":768,\"height\":1024},{\"@type\":\"BreadcrumbList\",\"@id\":\"https:\/\/www.agricolacolomer.cat\/es\/producte\/motoazada-gasolina-601rx\/#breadcrumb\",\"itemListElement\":[{\"@type\":\"ListItem\",\"position\":1,\"name\":\"Inici\",\"item\":\"https:\/\/www.agricolacolomer.cat\/es\/maquinaria-agricola-a-girona\/\"},{\"@type\":\"ListItem\",\"position\":2,\"name\":\"Productos\",\"item\":\"https:\/\/www.agricolacolomer.cat\/es\/shop\/\"},{\"@type\":\"ListItem\",\"position\":3,\"name\":\"MOTOAZADA GASOLINA 601RX\"}]},{\"@type\":\"WebSite\",\"@id\":\"https:\/\/www.agricolacolomer.cat\/es\/#website\",\"url\":\"https:\/\/www.agricolacolomer.cat\/es\/\",\"name\":\"Agr\u00edcola Colomer\",\"description\":\"Maquinaria agr\u00edcola en el Alt Empord\u00e0\",\"publisher\":{\"@id\":\"https:\/\/www.agricolacolomer.cat\/es\/#organization\"},\"potentialAction\":[{\"@type\":\"SearchAction\",\"target\":{\"@type\":\"EntryPoint\",\"urlTemplate\":\"https:\/\/www.agricolacolomer.cat\/es\/?s={search_term_string}\"},\"query-input\":{\"@type\":\"PropertyValueSpecification\",\"valueRequired\":true,\"valueName\":\"search_term_string\"}}],\"inLanguage\":\"es\"},{\"@type\":\"Organization\",\"@id\":\"https:\/\/www.agricolacolomer.cat\/es\/#organization\",\"name\":\"Agricola Colomer\",\"url\":\"https:\/\/www.agricolacolomer.cat\/es\/\",\"logo\":{\"@type\":\"ImageObject\",\"inLanguage\":\"es\",\"@id\":\"https:\/\/www.agricolacolomer.cat\/es\/#\/schema\/logo\/image\/\",\"url\":\"https:\/\/www.agricolacolomer.cat\/wp-content\/uploads\/2021\/11\/colomer.jpg\",\"contentUrl\":\"https:\/\/www.agricolacolomer.cat\/wp-content\/uploads\/2021\/11\/colomer.jpg\",\"width\":300,\"height\":300,\"caption\":\"Agricola Colomer\"},\"image\":{\"@id\":\"https:\/\/www.agricolacolomer.cat\/es\/#\/schema\/logo\/image\/\"}}]}<\/script>\n<!-- \/ Yoast SEO plugin. -->","yoast_head_json":{"title":"MOTOAZADA GASOLINA 601RX &#8226; Agr\u00edcola Colomer","description":"Motoaixada","robots":{"index":"index","follow":"follow","max-snippet":"max-snippet:-1","max-image-preview":"max-image-preview:large","max-video-preview":"max-video-preview:-1"},"canonical":"https:\/\/www.agricolacolomer.cat\/es\/producte\/motoazada-gasolina-601rx\/","og_locale":"es_ES","og_type":"article","og_title":"MOTOAZADA GASOLINA 601RX &#8226; Agr\u00edcola Colomer","og_description":"Motoaixada","og_url":"https:\/\/www.agricolacolomer.cat\/es\/producte\/motoazada-gasolina-601rx\/","og_site_name":"Agr\u00edcola Colomer","article_modified_time":"2022-05-19T14:02:08+00:00","og_image":[{"width":768,"height":1024,"url":"https:\/\/www.agricolacolomer.cat\/wp-content\/uploads\/2022\/05\/WhatsApp-Image-2022-05-18-at-1.06.52-PM-2.jpeg","type":"image\/jpeg"}],"twitter_card":"summary_large_image","schema":{"@context":"https:\/\/schema.org","@graph":[{"@type":"WebPage","@id":"https:\/\/www.agricolacolomer.cat\/es\/producte\/motoazada-gasolina-601rx\/","url":"https:\/\/www.agricolacolomer.cat\/es\/producte\/motoazada-gasolina-601rx\/","name":"MOTOAZADA GASOLINA 601RX &#8226; Agr\u00edcola Colomer","isPartOf":{"@id":"https:\/\/www.agricolacolomer.cat\/es\/#website"},"primaryImageOfPage":{"@id":"https:\/\/www.agricolacolomer.cat\/es\/producte\/motoazada-gasolina-601rx\/#primaryimage"},"image":{"@id":"https:\/\/www.agricolacolomer.cat\/es\/producte\/motoazada-gasolina-601rx\/#primaryimage"},"thumbnailUrl":"https:\/\/www.agricolacolomer.cat\/wp-content\/uploads\/2022\/05\/WhatsApp-Image-2022-05-18-at-1.06.52-PM-2.jpeg","datePublished":"2022-05-19T10:17:25+00:00","dateModified":"2022-05-19T14:02:08+00:00","description":"Motoaixada","breadcrumb":{"@id":"https:\/\/www.agricolacolomer.cat\/es\/producte\/motoazada-gasolina-601rx\/#breadcrumb"},"inLanguage":"es","potentialAction":[{"@type":"ReadAction","target":["https:\/\/www.agricolacolomer.cat\/es\/producte\/motoazada-gasolina-601rx\/"]}]},{"@type":"ImageObject","inLanguage":"es","@id":"https:\/\/www.agricolacolomer.cat\/es\/producte\/motoazada-gasolina-601rx\/#primaryimage","url":"https:\/\/www.agricolacolomer.cat\/wp-content\/uploads\/2022\/05\/WhatsApp-Image-2022-05-18-at-1.06.52-PM-2.jpeg","contentUrl":"https:\/\/www.agricolacolomer.cat\/wp-content\/uploads\/2022\/05\/WhatsApp-Image-2022-05-18-at-1.06.52-PM-2.jpeg","width":768,"height":1024},{"@type":"BreadcrumbList","@id":"https:\/\/www.agricolacolomer.cat\/es\/producte\/motoazada-gasolina-601rx\/#breadcrumb","itemListElement":[{"@type":"ListItem","position":1,"name":"Inici","item":"https:\/\/www.agricolacolomer.cat\/es\/maquinaria-agricola-a-girona\/"},{"@type":"ListItem","position":2,"name":"Productos","item":"https:\/\/www.agricolacolomer.cat\/es\/shop\/"},{"@type":"ListItem","position":3,"name":"MOTOAZADA GASOLINA 601RX"}]},{"@type":"WebSite","@id":"https:\/\/www.agricolacolomer.cat\/es\/#website","url":"https:\/\/www.agricolacolomer.cat\/es\/","name":"Agr\u00edcola Colomer","description":"Maquinaria agr\u00edcola en el Alt Empord\u00e0","publisher":{"@id":"https:\/\/www.agricolacolomer.cat\/es\/#organization"},"potentialAction":[{"@type":"SearchAction","target":{"@type":"EntryPoint","urlTemplate":"https:\/\/www.agricolacolomer.cat\/es\/?s={search_term_string}"},"query-input":{"@type":"PropertyValueSpecification","valueRequired":true,"valueName":"search_term_string"}}],"inLanguage":"es"},{"@type":"Organization","@id":"https:\/\/www.agricolacolomer.cat\/es\/#organization","name":"Agricola Colomer","url":"https:\/\/www.agricolacolomer.cat\/es\/","logo":{"@type":"ImageObject","inLanguage":"es","@id":"https:\/\/www.agricolacolomer.cat\/es\/#\/schema\/logo\/image\/","url":"https:\/\/www.agricolacolomer.cat\/wp-content\/uploads\/2021\/11\/colomer.jpg","contentUrl":"https:\/\/www.agricolacolomer.cat\/wp-content\/uploads\/2021\/11\/colomer.jpg","width":300,"height":300,"caption":"Agricola Colomer"},"image":{"@id":"https:\/\/www.agricolacolomer.cat\/es\/#\/schema\/logo\/image\/"}}]}},"_links":{"self":[{"href":"https:\/\/www.agricolacolomer.cat\/es\/wp-json\/wp\/v2\/product\/674","targetHints":{"allow":["GET"]}}],"collection":[{"href":"https:\/\/www.agricolacolomer.cat\/es\/wp-json\/wp\/v2\/product"}],"about":[{"href":"https:\/\/www.agricolacolomer.cat\/es\/wp-json\/wp\/v2\/types\/product"}],"replies":[{"embeddable":true,"href":"https:\/\/www.agricolacolomer.cat\/es\/wp-json\/wp\/v2\/comments?post=674"}],"wp:featuredmedia":[{"embeddable":true,"href":"https:\/\/www.agricolacolomer.cat\/es\/wp-json\/wp\/v2\/media\/666"}],"wp:attachment":[{"href":"https:\/\/www.agricolacolomer.cat\/es\/wp-json\/wp\/v2\/media?parent=674"}],"wp:term":[{"taxonomy":"product_brand","embeddable":true,"href":"https:\/\/www.agricolacolomer.cat\/es\/wp-json\/wp\/v2\/product_brand?post=674"},{"taxonomy":"product_cat","embeddable":true,"href":"https:\/\/www.agricolacolomer.cat\/es\/wp-json\/wp\/v2\/product_cat?post=674"},{"taxonomy":"product_tag","embeddable":true,"href":"https:\/\/www.agricolacolomer.cat\/es\/wp-json\/wp\/v2\/product_tag?post=674"}],"curies":[{"name":"wp","href":"https:\/\/api.w.org\/{rel}","templated":true}]}}