{"id":701,"date":"2022-05-19T14:13:35","date_gmt":"2022-05-19T14:13:35","guid":{"rendered":"https:\/\/www.agricolacolomer.cat\/producte\/tractor-iseki-modelo-tm3217\/"},"modified":"2022-05-19T14:13:35","modified_gmt":"2022-05-19T14:13:35","slug":"tractor-iseki-modelo-tm3217","status":"publish","type":"product","link":"https:\/\/www.agricolacolomer.cat\/es\/producte\/tractor-iseki-modelo-tm3217\/","title":{"rendered":"TRACTOR ISEKI MODELO TM3217"},"content":{"rendered":"<p>4 ruedas motrices<\/p>\n<p>Arco de Seguridad con 2 arcos plegables<\/p>\n<p>Potencia aprox.25CV<\/p>\n<p>Direcci\u00f3n hidr\u00e1ulica asistida.<\/p>\n<p>Cilindros de direcci\u00f3n protegidos.<\/p>\n<p>Neum\u00e1ticos: Agr\u00edcolas anchos:<\/p>\n<p>DEL: 23&#215;10.50-12 TRAS:280\/70R18<\/p>\n<p>1 Distribuidor S\/DE 2 salidas traseras<\/p>\n<p>Transmisi\u00f3n: mec\u00e1nica con inversor en el volante<\/p>\n<p>Velocidades: 2 gamas\/ 8 delanteras \/ 8 traseras.<\/p>\n<p>La gama ISEKI TM se comercializa con un bastidor de seguridad con plataforma abierta. Son motores de tres cilindros de aspiraci\u00f3n natural de 1123cm3 i 1498cm3 de cilindrada i dos v\u00e1lvulas por cilindro, llegando a las 2700 rev\/minuto. Cumpliendo la Fase 3B de la normativa de emisiones. El dep\u00f3sito de combustible tiene una capacidad de 28 litros. Transmisi\u00f3n 8\/8, mec\u00e1nica sincronizada, con cambio accionando el pedal de embrague. Dos palancas, una para la gama i la otra para el cambio de las cuatro velocidades. La velocidad m\u00e1xima de desplazamiento son 22 km\/h. El inversor base es mec\u00e1nico. De serie llega a 540 rev\/min con un eje de seis estr\u00edas. El sistema hidr\u00e1ulico de centro abierto, con control de posici\u00f3n es de accionamiento mec\u00e1nico. Dispone de una bomba hidr\u00e1ulica principal que suministra 20 litros\/minuto de caudal de aceite al elevador hidr\u00e1ulico, trabajando a 180 bares de presi\u00f3n. Una segunda bomba auxiliar suministra 12 litros\/minuto de caudal a la direcci\u00f3n hidr\u00e1ulica y al resto de sistemas hidr\u00e1ulicos. El eje delantero de doble tracci\u00f3n, fijo sin suspensi\u00f3n, dispone de diferencial con bloqueo conectado al diferencial trasero. La conexi\u00f3n es mec\u00e1nica, como tambi\u00e9n lo es la conexi\u00f3n de la propia de doble tracci\u00f3n. El eje gira con un \u00e1ngulo de 55\u00ba.<\/p>\n","protected":false},"excerpt":{"rendered":"<p>4 ruedas motrices Arco de Seguridad con 2 arcos plegables Potencia aprox.25CV Direcci\u00f3n hidr\u00e1ulica asistida. Cilindros de direcci\u00f3n protegidos. Neum\u00e1ticos: Agr\u00edcolas anchos: DEL: 23&#215;10.50-12 TRAS:280\/70R18 1 Distribuidor S\/DE 2 salidas traseras Transmisi\u00f3n: mec\u00e1nica con inversor en el volante Velocidades: 2 gamas\/ 8 delanteras \/ 8 traseras. La gama ISEKI TM se comercializa con un bastidor [&hellip;]<\/p>\n","protected":false},"featured_media":691,"comment_status":"closed","ping_status":"closed","template":"","meta":[],"product_brand":[],"product_cat":[47],"product_tag":[],"class_list":{"0":"post-701","1":"product","2":"type-product","3":"status-publish","4":"has-post-thumbnail","6":"product_cat-entrega-inmediata","8":"first","9":"instock","10":"featured","11":"shipping-taxable","12":"product-type-simple"},"yoast_head":"<!-- This site is optimized with the Yoast SEO plugin v27.2 - https:\/\/yoast.com\/product\/yoast-seo-wordpress\/ -->\n<title>TRACTOR ISEKI MODELO TM3217 &#8226; Agr\u00edcola Colomer<\/title>\n<meta name=\"robots\" content=\"index, follow, max-snippet:-1, max-image-preview:large, max-video-preview:-1\" \/>\n<link rel=\"canonical\" href=\"https:\/\/www.agricolacolomer.cat\/es\/producte\/tractor-iseki-modelo-tm3217\/\" \/>\n<meta property=\"og:locale\" content=\"es_ES\" \/>\n<meta property=\"og:type\" content=\"article\" \/>\n<meta property=\"og:title\" content=\"TRACTOR ISEKI MODELO TM3217 &#8226; Agr\u00edcola Colomer\" \/>\n<meta property=\"og:description\" content=\"4 ruedas motrices Arco de Seguridad con 2 arcos plegables Potencia aprox.25CV Direcci\u00f3n hidr\u00e1ulica asistida. Cilindros de direcci\u00f3n protegidos. Neum\u00e1ticos: Agr\u00edcolas anchos: DEL: 23&#215;10.50-12 TRAS:280\/70R18 1 Distribuidor S\/DE 2 salidas traseras Transmisi\u00f3n: mec\u00e1nica con inversor en el volante Velocidades: 2 gamas\/ 8 delanteras \/ 8 traseras. La gama ISEKI TM se comercializa con un bastidor [&hellip;]\" \/>\n<meta property=\"og:url\" content=\"https:\/\/www.agricolacolomer.cat\/es\/producte\/tractor-iseki-modelo-tm3217\/\" \/>\n<meta property=\"og:site_name\" content=\"Agr\u00edcola Colomer\" \/>\n<meta property=\"og:image\" content=\"https:\/\/www.agricolacolomer.cat\/wp-content\/uploads\/2022\/05\/Captura22.jpg\" \/>\n\t<meta property=\"og:image:width\" content=\"640\" \/>\n\t<meta property=\"og:image:height\" content=\"517\" \/>\n\t<meta property=\"og:image:type\" content=\"image\/jpeg\" \/>\n<meta name=\"twitter:card\" content=\"summary_large_image\" \/>\n<meta name=\"twitter:label1\" content=\"Tiempo de lectura\" \/>\n\t<meta name=\"twitter:data1\" content=\"1 minuto\" \/>\n<script type=\"application\/ld+json\" class=\"yoast-schema-graph\">{\"@context\":\"https:\/\/schema.org\",\"@graph\":[{\"@type\":\"WebPage\",\"@id\":\"https:\/\/www.agricolacolomer.cat\/es\/producte\/tractor-iseki-modelo-tm3217\/\",\"url\":\"https:\/\/www.agricolacolomer.cat\/es\/producte\/tractor-iseki-modelo-tm3217\/\",\"name\":\"TRACTOR ISEKI MODELO TM3217 &#8226; Agr\u00edcola Colomer\",\"isPartOf\":{\"@id\":\"https:\/\/www.agricolacolomer.cat\/es\/#website\"},\"primaryImageOfPage\":{\"@id\":\"https:\/\/www.agricolacolomer.cat\/es\/producte\/tractor-iseki-modelo-tm3217\/#primaryimage\"},\"image\":{\"@id\":\"https:\/\/www.agricolacolomer.cat\/es\/producte\/tractor-iseki-modelo-tm3217\/#primaryimage\"},\"thumbnailUrl\":\"https:\/\/www.agricolacolomer.cat\/wp-content\/uploads\/2022\/05\/Captura22.jpg\",\"datePublished\":\"2022-05-19T14:13:35+00:00\",\"breadcrumb\":{\"@id\":\"https:\/\/www.agricolacolomer.cat\/es\/producte\/tractor-iseki-modelo-tm3217\/#breadcrumb\"},\"inLanguage\":\"es\",\"potentialAction\":[{\"@type\":\"ReadAction\",\"target\":[\"https:\/\/www.agricolacolomer.cat\/es\/producte\/tractor-iseki-modelo-tm3217\/\"]}]},{\"@type\":\"ImageObject\",\"inLanguage\":\"es\",\"@id\":\"https:\/\/www.agricolacolomer.cat\/es\/producte\/tractor-iseki-modelo-tm3217\/#primaryimage\",\"url\":\"https:\/\/www.agricolacolomer.cat\/wp-content\/uploads\/2022\/05\/Captura22.jpg\",\"contentUrl\":\"https:\/\/www.agricolacolomer.cat\/wp-content\/uploads\/2022\/05\/Captura22.jpg\",\"width\":640,\"height\":517},{\"@type\":\"BreadcrumbList\",\"@id\":\"https:\/\/www.agricolacolomer.cat\/es\/producte\/tractor-iseki-modelo-tm3217\/#breadcrumb\",\"itemListElement\":[{\"@type\":\"ListItem\",\"position\":1,\"name\":\"Inici\",\"item\":\"https:\/\/www.agricolacolomer.cat\/es\/maquinaria-agricola-a-girona\/\"},{\"@type\":\"ListItem\",\"position\":2,\"name\":\"Productos\",\"item\":\"https:\/\/www.agricolacolomer.cat\/es\/shop\/\"},{\"@type\":\"ListItem\",\"position\":3,\"name\":\"TRACTOR ISEKI MODELO TM3217\"}]},{\"@type\":\"WebSite\",\"@id\":\"https:\/\/www.agricolacolomer.cat\/es\/#website\",\"url\":\"https:\/\/www.agricolacolomer.cat\/es\/\",\"name\":\"Agr\u00edcola Colomer\",\"description\":\"Maquinaria agr\u00edcola en el Alt Empord\u00e0\",\"publisher\":{\"@id\":\"https:\/\/www.agricolacolomer.cat\/es\/#organization\"},\"potentialAction\":[{\"@type\":\"SearchAction\",\"target\":{\"@type\":\"EntryPoint\",\"urlTemplate\":\"https:\/\/www.agricolacolomer.cat\/es\/?s={search_term_string}\"},\"query-input\":{\"@type\":\"PropertyValueSpecification\",\"valueRequired\":true,\"valueName\":\"search_term_string\"}}],\"inLanguage\":\"es\"},{\"@type\":\"Organization\",\"@id\":\"https:\/\/www.agricolacolomer.cat\/es\/#organization\",\"name\":\"Agricola Colomer\",\"url\":\"https:\/\/www.agricolacolomer.cat\/es\/\",\"logo\":{\"@type\":\"ImageObject\",\"inLanguage\":\"es\",\"@id\":\"https:\/\/www.agricolacolomer.cat\/es\/#\/schema\/logo\/image\/\",\"url\":\"https:\/\/www.agricolacolomer.cat\/wp-content\/uploads\/2021\/11\/colomer.jpg\",\"contentUrl\":\"https:\/\/www.agricolacolomer.cat\/wp-content\/uploads\/2021\/11\/colomer.jpg\",\"width\":300,\"height\":300,\"caption\":\"Agricola Colomer\"},\"image\":{\"@id\":\"https:\/\/www.agricolacolomer.cat\/es\/#\/schema\/logo\/image\/\"}}]}<\/script>\n<!-- \/ Yoast SEO plugin. -->","yoast_head_json":{"title":"TRACTOR ISEKI MODELO TM3217 &#8226; Agr\u00edcola Colomer","robots":{"index":"index","follow":"follow","max-snippet":"max-snippet:-1","max-image-preview":"max-image-preview:large","max-video-preview":"max-video-preview:-1"},"canonical":"https:\/\/www.agricolacolomer.cat\/es\/producte\/tractor-iseki-modelo-tm3217\/","og_locale":"es_ES","og_type":"article","og_title":"TRACTOR ISEKI MODELO TM3217 &#8226; Agr\u00edcola Colomer","og_description":"4 ruedas motrices Arco de Seguridad con 2 arcos plegables Potencia aprox.25CV Direcci\u00f3n hidr\u00e1ulica asistida. Cilindros de direcci\u00f3n protegidos. Neum\u00e1ticos: Agr\u00edcolas anchos: DEL: 23&#215;10.50-12 TRAS:280\/70R18 1 Distribuidor S\/DE 2 salidas traseras Transmisi\u00f3n: mec\u00e1nica con inversor en el volante Velocidades: 2 gamas\/ 8 delanteras \/ 8 traseras. La gama ISEKI TM se comercializa con un bastidor [&hellip;]","og_url":"https:\/\/www.agricolacolomer.cat\/es\/producte\/tractor-iseki-modelo-tm3217\/","og_site_name":"Agr\u00edcola Colomer","og_image":[{"width":640,"height":517,"url":"https:\/\/www.agricolacolomer.cat\/wp-content\/uploads\/2022\/05\/Captura22.jpg","type":"image\/jpeg"}],"twitter_card":"summary_large_image","twitter_misc":{"Tiempo de lectura":"1 minuto"},"schema":{"@context":"https:\/\/schema.org","@graph":[{"@type":"WebPage","@id":"https:\/\/www.agricolacolomer.cat\/es\/producte\/tractor-iseki-modelo-tm3217\/","url":"https:\/\/www.agricolacolomer.cat\/es\/producte\/tractor-iseki-modelo-tm3217\/","name":"TRACTOR ISEKI MODELO TM3217 &#8226; Agr\u00edcola Colomer","isPartOf":{"@id":"https:\/\/www.agricolacolomer.cat\/es\/#website"},"primaryImageOfPage":{"@id":"https:\/\/www.agricolacolomer.cat\/es\/producte\/tractor-iseki-modelo-tm3217\/#primaryimage"},"image":{"@id":"https:\/\/www.agricolacolomer.cat\/es\/producte\/tractor-iseki-modelo-tm3217\/#primaryimage"},"thumbnailUrl":"https:\/\/www.agricolacolomer.cat\/wp-content\/uploads\/2022\/05\/Captura22.jpg","datePublished":"2022-05-19T14:13:35+00:00","breadcrumb":{"@id":"https:\/\/www.agricolacolomer.cat\/es\/producte\/tractor-iseki-modelo-tm3217\/#breadcrumb"},"inLanguage":"es","potentialAction":[{"@type":"ReadAction","target":["https:\/\/www.agricolacolomer.cat\/es\/producte\/tractor-iseki-modelo-tm3217\/"]}]},{"@type":"ImageObject","inLanguage":"es","@id":"https:\/\/www.agricolacolomer.cat\/es\/producte\/tractor-iseki-modelo-tm3217\/#primaryimage","url":"https:\/\/www.agricolacolomer.cat\/wp-content\/uploads\/2022\/05\/Captura22.jpg","contentUrl":"https:\/\/www.agricolacolomer.cat\/wp-content\/uploads\/2022\/05\/Captura22.jpg","width":640,"height":517},{"@type":"BreadcrumbList","@id":"https:\/\/www.agricolacolomer.cat\/es\/producte\/tractor-iseki-modelo-tm3217\/#breadcrumb","itemListElement":[{"@type":"ListItem","position":1,"name":"Inici","item":"https:\/\/www.agricolacolomer.cat\/es\/maquinaria-agricola-a-girona\/"},{"@type":"ListItem","position":2,"name":"Productos","item":"https:\/\/www.agricolacolomer.cat\/es\/shop\/"},{"@type":"ListItem","position":3,"name":"TRACTOR ISEKI MODELO TM3217"}]},{"@type":"WebSite","@id":"https:\/\/www.agricolacolomer.cat\/es\/#website","url":"https:\/\/www.agricolacolomer.cat\/es\/","name":"Agr\u00edcola Colomer","description":"Maquinaria agr\u00edcola en el Alt Empord\u00e0","publisher":{"@id":"https:\/\/www.agricolacolomer.cat\/es\/#organization"},"potentialAction":[{"@type":"SearchAction","target":{"@type":"EntryPoint","urlTemplate":"https:\/\/www.agricolacolomer.cat\/es\/?s={search_term_string}"},"query-input":{"@type":"PropertyValueSpecification","valueRequired":true,"valueName":"search_term_string"}}],"inLanguage":"es"},{"@type":"Organization","@id":"https:\/\/www.agricolacolomer.cat\/es\/#organization","name":"Agricola Colomer","url":"https:\/\/www.agricolacolomer.cat\/es\/","logo":{"@type":"ImageObject","inLanguage":"es","@id":"https:\/\/www.agricolacolomer.cat\/es\/#\/schema\/logo\/image\/","url":"https:\/\/www.agricolacolomer.cat\/wp-content\/uploads\/2021\/11\/colomer.jpg","contentUrl":"https:\/\/www.agricolacolomer.cat\/wp-content\/uploads\/2021\/11\/colomer.jpg","width":300,"height":300,"caption":"Agricola Colomer"},"image":{"@id":"https:\/\/www.agricolacolomer.cat\/es\/#\/schema\/logo\/image\/"}}]}},"_links":{"self":[{"href":"https:\/\/www.agricolacolomer.cat\/es\/wp-json\/wp\/v2\/product\/701","targetHints":{"allow":["GET"]}}],"collection":[{"href":"https:\/\/www.agricolacolomer.cat\/es\/wp-json\/wp\/v2\/product"}],"about":[{"href":"https:\/\/www.agricolacolomer.cat\/es\/wp-json\/wp\/v2\/types\/product"}],"replies":[{"embeddable":true,"href":"https:\/\/www.agricolacolomer.cat\/es\/wp-json\/wp\/v2\/comments?post=701"}],"wp:featuredmedia":[{"embeddable":true,"href":"https:\/\/www.agricolacolomer.cat\/es\/wp-json\/wp\/v2\/media\/691"}],"wp:attachment":[{"href":"https:\/\/www.agricolacolomer.cat\/es\/wp-json\/wp\/v2\/media?parent=701"}],"wp:term":[{"taxonomy":"product_brand","embeddable":true,"href":"https:\/\/www.agricolacolomer.cat\/es\/wp-json\/wp\/v2\/product_brand?post=701"},{"taxonomy":"product_cat","embeddable":true,"href":"https:\/\/www.agricolacolomer.cat\/es\/wp-json\/wp\/v2\/product_cat?post=701"},{"taxonomy":"product_tag","embeddable":true,"href":"https:\/\/www.agricolacolomer.cat\/es\/wp-json\/wp\/v2\/product_tag?post=701"}],"curies":[{"name":"wp","href":"https:\/\/api.w.org\/{rel}","templated":true}]}}