{"id":727,"date":"2022-05-20T10:01:26","date_gmt":"2022-05-20T10:01:26","guid":{"rendered":"https:\/\/www.agricolacolomer.cat\/producte\/iseki-desbrozadora-de-asiento-modelo-sra-950-fa\/"},"modified":"2022-07-06T07:25:32","modified_gmt":"2022-07-06T07:25:32","slug":"iseki-desbrozadora-de-asiento-modelo-sra-950-fa","status":"publish","type":"product","link":"https:\/\/www.agricolacolomer.cat\/es\/producte\/iseki-desbrozadora-de-asiento-modelo-sra-950-fa\/","title":{"rendered":"ISEKI DESBROZADORA DE ASIENTO MODELO SRA 950 FA"},"content":{"rendered":"<p>Caracter\u00edsticas:<\/p>\n<p>Motor: KAWASAKI FS691V. Bicilindro 24 CV<\/p>\n<p>Cilindrada: 726 cm3<\/p>\n<p>Transmisi\u00f3n: hidroest\u00e1tica. Corte: ancho 95cm<\/p>\n<p>Altura de corte: ajuste manual, de 35 a 125mm<\/p>\n<p>Velocidades: Delantera:0-10 km\/h Trasera:0-8.5km\/h<\/p>\n<p>Capacidad dep\u00f3sito combustible:14 litros<\/p>\n<p>Dimensiones (l x an x al):1965x1090x955cm<\/p>\n<p>Tracci\u00f3n de cuchillas por correa<\/p>\n<p>4 ruedas motrices con bloqueo diferencial ( sobre pedido )<\/p>\n<p>Ruedas agr\u00edcolas. Peso:330 kg<\/p>\n<p>Suspensiones delanteras<\/p>\n","protected":false},"excerpt":{"rendered":"<p>Caracter\u00edsticas: Motor: KAWASAKI FS691V. Bicilindro 24 CV Cilindrada: 726 cm3 Transmisi\u00f3n: hidroest\u00e1tica. Corte: ancho 95cm Altura de corte: ajuste manual, de 35 a 125mm Velocidades: Delantera:0-10 km\/h Trasera:0-8.5km\/h Capacidad dep\u00f3sito combustible:14 litros Dimensiones (l x an x al):1965x1090x955cm Tracci\u00f3n de cuchillas por correa 4 ruedas motrices con bloqueo diferencial ( sobre pedido ) Ruedas agr\u00edcolas. [&hellip;]<\/p>\n","protected":false},"featured_media":719,"comment_status":"closed","ping_status":"closed","template":"","meta":[],"product_brand":[],"product_cat":[47],"product_tag":[],"class_list":{"0":"post-727","1":"product","2":"type-product","3":"status-publish","4":"has-post-thumbnail","6":"product_cat-entrega-inmediata","8":"first","9":"instock","10":"featured","11":"shipping-taxable","12":"product-type-simple"},"yoast_head":"<!-- This site is optimized with the Yoast SEO plugin v27.2 - https:\/\/yoast.com\/product\/yoast-seo-wordpress\/ -->\n<title>ISEKI DESBROZADORA DE ASIENTO MODELO SRA 950 FA &#8226; Agr\u00edcola Colomer<\/title>\n<meta name=\"robots\" content=\"index, follow, max-snippet:-1, max-image-preview:large, max-video-preview:-1\" \/>\n<link rel=\"canonical\" href=\"https:\/\/www.agricolacolomer.cat\/es\/producte\/iseki-desbrozadora-de-asiento-modelo-sra-950-fa\/\" \/>\n<meta property=\"og:locale\" content=\"es_ES\" \/>\n<meta property=\"og:type\" content=\"article\" \/>\n<meta property=\"og:title\" content=\"ISEKI DESBROZADORA DE ASIENTO MODELO SRA 950 FA &#8226; Agr\u00edcola Colomer\" \/>\n<meta property=\"og:description\" content=\"Caracter\u00edsticas: Motor: KAWASAKI FS691V. Bicilindro 24 CV Cilindrada: 726 cm3 Transmisi\u00f3n: hidroest\u00e1tica. Corte: ancho 95cm Altura de corte: ajuste manual, de 35 a 125mm Velocidades: Delantera:0-10 km\/h Trasera:0-8.5km\/h Capacidad dep\u00f3sito combustible:14 litros Dimensiones (l x an x al):1965x1090x955cm Tracci\u00f3n de cuchillas por correa 4 ruedas motrices con bloqueo diferencial ( sobre pedido ) Ruedas agr\u00edcolas. [&hellip;]\" \/>\n<meta property=\"og:url\" content=\"https:\/\/www.agricolacolomer.cat\/es\/producte\/iseki-desbrozadora-de-asiento-modelo-sra-950-fa\/\" \/>\n<meta property=\"og:site_name\" content=\"Agr\u00edcola Colomer\" \/>\n<meta property=\"article:modified_time\" content=\"2022-07-06T07:25:32+00:00\" \/>\n<meta property=\"og:image\" content=\"https:\/\/www.agricolacolomer.cat\/wp-content\/uploads\/2022\/05\/CAP14.jpg\" \/>\n\t<meta property=\"og:image:width\" content=\"745\" \/>\n\t<meta property=\"og:image:height\" content=\"548\" \/>\n\t<meta property=\"og:image:type\" content=\"image\/jpeg\" \/>\n<meta name=\"twitter:card\" content=\"summary_large_image\" \/>\n<script type=\"application\/ld+json\" class=\"yoast-schema-graph\">{\"@context\":\"https:\/\/schema.org\",\"@graph\":[{\"@type\":\"WebPage\",\"@id\":\"https:\/\/www.agricolacolomer.cat\/es\/producte\/iseki-desbrozadora-de-asiento-modelo-sra-950-fa\/\",\"url\":\"https:\/\/www.agricolacolomer.cat\/es\/producte\/iseki-desbrozadora-de-asiento-modelo-sra-950-fa\/\",\"name\":\"ISEKI DESBROZADORA DE ASIENTO MODELO SRA 950 FA &#8226; Agr\u00edcola Colomer\",\"isPartOf\":{\"@id\":\"https:\/\/www.agricolacolomer.cat\/es\/#website\"},\"primaryImageOfPage\":{\"@id\":\"https:\/\/www.agricolacolomer.cat\/es\/producte\/iseki-desbrozadora-de-asiento-modelo-sra-950-fa\/#primaryimage\"},\"image\":{\"@id\":\"https:\/\/www.agricolacolomer.cat\/es\/producte\/iseki-desbrozadora-de-asiento-modelo-sra-950-fa\/#primaryimage\"},\"thumbnailUrl\":\"https:\/\/www.agricolacolomer.cat\/wp-content\/uploads\/2022\/05\/CAP14.jpg\",\"datePublished\":\"2022-05-20T10:01:26+00:00\",\"dateModified\":\"2022-07-06T07:25:32+00:00\",\"breadcrumb\":{\"@id\":\"https:\/\/www.agricolacolomer.cat\/es\/producte\/iseki-desbrozadora-de-asiento-modelo-sra-950-fa\/#breadcrumb\"},\"inLanguage\":\"es\",\"potentialAction\":[{\"@type\":\"ReadAction\",\"target\":[\"https:\/\/www.agricolacolomer.cat\/es\/producte\/iseki-desbrozadora-de-asiento-modelo-sra-950-fa\/\"]}]},{\"@type\":\"ImageObject\",\"inLanguage\":\"es\",\"@id\":\"https:\/\/www.agricolacolomer.cat\/es\/producte\/iseki-desbrozadora-de-asiento-modelo-sra-950-fa\/#primaryimage\",\"url\":\"https:\/\/www.agricolacolomer.cat\/wp-content\/uploads\/2022\/05\/CAP14.jpg\",\"contentUrl\":\"https:\/\/www.agricolacolomer.cat\/wp-content\/uploads\/2022\/05\/CAP14.jpg\",\"width\":745,\"height\":548},{\"@type\":\"BreadcrumbList\",\"@id\":\"https:\/\/www.agricolacolomer.cat\/es\/producte\/iseki-desbrozadora-de-asiento-modelo-sra-950-fa\/#breadcrumb\",\"itemListElement\":[{\"@type\":\"ListItem\",\"position\":1,\"name\":\"Inici\",\"item\":\"https:\/\/www.agricolacolomer.cat\/es\/maquinaria-agricola-a-girona\/\"},{\"@type\":\"ListItem\",\"position\":2,\"name\":\"Productos\",\"item\":\"https:\/\/www.agricolacolomer.cat\/es\/shop\/\"},{\"@type\":\"ListItem\",\"position\":3,\"name\":\"ISEKI DESBROZADORA DE ASIENTO MODELO SRA 950 FA\"}]},{\"@type\":\"WebSite\",\"@id\":\"https:\/\/www.agricolacolomer.cat\/es\/#website\",\"url\":\"https:\/\/www.agricolacolomer.cat\/es\/\",\"name\":\"Agr\u00edcola Colomer\",\"description\":\"Maquinaria agr\u00edcola en el Alt Empord\u00e0\",\"publisher\":{\"@id\":\"https:\/\/www.agricolacolomer.cat\/es\/#organization\"},\"potentialAction\":[{\"@type\":\"SearchAction\",\"target\":{\"@type\":\"EntryPoint\",\"urlTemplate\":\"https:\/\/www.agricolacolomer.cat\/es\/?s={search_term_string}\"},\"query-input\":{\"@type\":\"PropertyValueSpecification\",\"valueRequired\":true,\"valueName\":\"search_term_string\"}}],\"inLanguage\":\"es\"},{\"@type\":\"Organization\",\"@id\":\"https:\/\/www.agricolacolomer.cat\/es\/#organization\",\"name\":\"Agricola Colomer\",\"url\":\"https:\/\/www.agricolacolomer.cat\/es\/\",\"logo\":{\"@type\":\"ImageObject\",\"inLanguage\":\"es\",\"@id\":\"https:\/\/www.agricolacolomer.cat\/es\/#\/schema\/logo\/image\/\",\"url\":\"https:\/\/www.agricolacolomer.cat\/wp-content\/uploads\/2021\/11\/colomer.jpg\",\"contentUrl\":\"https:\/\/www.agricolacolomer.cat\/wp-content\/uploads\/2021\/11\/colomer.jpg\",\"width\":300,\"height\":300,\"caption\":\"Agricola Colomer\"},\"image\":{\"@id\":\"https:\/\/www.agricolacolomer.cat\/es\/#\/schema\/logo\/image\/\"}}]}<\/script>\n<!-- \/ Yoast SEO plugin. -->","yoast_head_json":{"title":"ISEKI DESBROZADORA DE ASIENTO MODELO SRA 950 FA &#8226; Agr\u00edcola Colomer","robots":{"index":"index","follow":"follow","max-snippet":"max-snippet:-1","max-image-preview":"max-image-preview:large","max-video-preview":"max-video-preview:-1"},"canonical":"https:\/\/www.agricolacolomer.cat\/es\/producte\/iseki-desbrozadora-de-asiento-modelo-sra-950-fa\/","og_locale":"es_ES","og_type":"article","og_title":"ISEKI DESBROZADORA DE ASIENTO MODELO SRA 950 FA &#8226; Agr\u00edcola Colomer","og_description":"Caracter\u00edsticas: Motor: KAWASAKI FS691V. Bicilindro 24 CV Cilindrada: 726 cm3 Transmisi\u00f3n: hidroest\u00e1tica. Corte: ancho 95cm Altura de corte: ajuste manual, de 35 a 125mm Velocidades: Delantera:0-10 km\/h Trasera:0-8.5km\/h Capacidad dep\u00f3sito combustible:14 litros Dimensiones (l x an x al):1965x1090x955cm Tracci\u00f3n de cuchillas por correa 4 ruedas motrices con bloqueo diferencial ( sobre pedido ) Ruedas agr\u00edcolas. [&hellip;]","og_url":"https:\/\/www.agricolacolomer.cat\/es\/producte\/iseki-desbrozadora-de-asiento-modelo-sra-950-fa\/","og_site_name":"Agr\u00edcola Colomer","article_modified_time":"2022-07-06T07:25:32+00:00","og_image":[{"width":745,"height":548,"url":"https:\/\/www.agricolacolomer.cat\/wp-content\/uploads\/2022\/05\/CAP14.jpg","type":"image\/jpeg"}],"twitter_card":"summary_large_image","schema":{"@context":"https:\/\/schema.org","@graph":[{"@type":"WebPage","@id":"https:\/\/www.agricolacolomer.cat\/es\/producte\/iseki-desbrozadora-de-asiento-modelo-sra-950-fa\/","url":"https:\/\/www.agricolacolomer.cat\/es\/producte\/iseki-desbrozadora-de-asiento-modelo-sra-950-fa\/","name":"ISEKI DESBROZADORA DE ASIENTO MODELO SRA 950 FA &#8226; Agr\u00edcola Colomer","isPartOf":{"@id":"https:\/\/www.agricolacolomer.cat\/es\/#website"},"primaryImageOfPage":{"@id":"https:\/\/www.agricolacolomer.cat\/es\/producte\/iseki-desbrozadora-de-asiento-modelo-sra-950-fa\/#primaryimage"},"image":{"@id":"https:\/\/www.agricolacolomer.cat\/es\/producte\/iseki-desbrozadora-de-asiento-modelo-sra-950-fa\/#primaryimage"},"thumbnailUrl":"https:\/\/www.agricolacolomer.cat\/wp-content\/uploads\/2022\/05\/CAP14.jpg","datePublished":"2022-05-20T10:01:26+00:00","dateModified":"2022-07-06T07:25:32+00:00","breadcrumb":{"@id":"https:\/\/www.agricolacolomer.cat\/es\/producte\/iseki-desbrozadora-de-asiento-modelo-sra-950-fa\/#breadcrumb"},"inLanguage":"es","potentialAction":[{"@type":"ReadAction","target":["https:\/\/www.agricolacolomer.cat\/es\/producte\/iseki-desbrozadora-de-asiento-modelo-sra-950-fa\/"]}]},{"@type":"ImageObject","inLanguage":"es","@id":"https:\/\/www.agricolacolomer.cat\/es\/producte\/iseki-desbrozadora-de-asiento-modelo-sra-950-fa\/#primaryimage","url":"https:\/\/www.agricolacolomer.cat\/wp-content\/uploads\/2022\/05\/CAP14.jpg","contentUrl":"https:\/\/www.agricolacolomer.cat\/wp-content\/uploads\/2022\/05\/CAP14.jpg","width":745,"height":548},{"@type":"BreadcrumbList","@id":"https:\/\/www.agricolacolomer.cat\/es\/producte\/iseki-desbrozadora-de-asiento-modelo-sra-950-fa\/#breadcrumb","itemListElement":[{"@type":"ListItem","position":1,"name":"Inici","item":"https:\/\/www.agricolacolomer.cat\/es\/maquinaria-agricola-a-girona\/"},{"@type":"ListItem","position":2,"name":"Productos","item":"https:\/\/www.agricolacolomer.cat\/es\/shop\/"},{"@type":"ListItem","position":3,"name":"ISEKI DESBROZADORA DE ASIENTO MODELO SRA 950 FA"}]},{"@type":"WebSite","@id":"https:\/\/www.agricolacolomer.cat\/es\/#website","url":"https:\/\/www.agricolacolomer.cat\/es\/","name":"Agr\u00edcola Colomer","description":"Maquinaria agr\u00edcola en el Alt Empord\u00e0","publisher":{"@id":"https:\/\/www.agricolacolomer.cat\/es\/#organization"},"potentialAction":[{"@type":"SearchAction","target":{"@type":"EntryPoint","urlTemplate":"https:\/\/www.agricolacolomer.cat\/es\/?s={search_term_string}"},"query-input":{"@type":"PropertyValueSpecification","valueRequired":true,"valueName":"search_term_string"}}],"inLanguage":"es"},{"@type":"Organization","@id":"https:\/\/www.agricolacolomer.cat\/es\/#organization","name":"Agricola Colomer","url":"https:\/\/www.agricolacolomer.cat\/es\/","logo":{"@type":"ImageObject","inLanguage":"es","@id":"https:\/\/www.agricolacolomer.cat\/es\/#\/schema\/logo\/image\/","url":"https:\/\/www.agricolacolomer.cat\/wp-content\/uploads\/2021\/11\/colomer.jpg","contentUrl":"https:\/\/www.agricolacolomer.cat\/wp-content\/uploads\/2021\/11\/colomer.jpg","width":300,"height":300,"caption":"Agricola Colomer"},"image":{"@id":"https:\/\/www.agricolacolomer.cat\/es\/#\/schema\/logo\/image\/"}}]}},"_links":{"self":[{"href":"https:\/\/www.agricolacolomer.cat\/es\/wp-json\/wp\/v2\/product\/727","targetHints":{"allow":["GET"]}}],"collection":[{"href":"https:\/\/www.agricolacolomer.cat\/es\/wp-json\/wp\/v2\/product"}],"about":[{"href":"https:\/\/www.agricolacolomer.cat\/es\/wp-json\/wp\/v2\/types\/product"}],"replies":[{"embeddable":true,"href":"https:\/\/www.agricolacolomer.cat\/es\/wp-json\/wp\/v2\/comments?post=727"}],"wp:featuredmedia":[{"embeddable":true,"href":"https:\/\/www.agricolacolomer.cat\/es\/wp-json\/wp\/v2\/media\/719"}],"wp:attachment":[{"href":"https:\/\/www.agricolacolomer.cat\/es\/wp-json\/wp\/v2\/media?parent=727"}],"wp:term":[{"taxonomy":"product_brand","embeddable":true,"href":"https:\/\/www.agricolacolomer.cat\/es\/wp-json\/wp\/v2\/product_brand?post=727"},{"taxonomy":"product_cat","embeddable":true,"href":"https:\/\/www.agricolacolomer.cat\/es\/wp-json\/wp\/v2\/product_cat?post=727"},{"taxonomy":"product_tag","embeddable":true,"href":"https:\/\/www.agricolacolomer.cat\/es\/wp-json\/wp\/v2\/product_tag?post=727"}],"curies":[{"name":"wp","href":"https:\/\/api.w.org\/{rel}","templated":true}]}}