{"id":739,"date":"2022-05-25T09:50:56","date_gmt":"2022-05-25T09:50:56","guid":{"rendered":"https:\/\/www.agricolacolomer.cat\/producte\/tractor-tym-nuevo-modelo-ts255hst\/"},"modified":"2022-05-25T10:15:32","modified_gmt":"2022-05-25T10:15:32","slug":"tractor-tym-nuevo-modelo-ts255hst","status":"publish","type":"product","link":"https:\/\/www.agricolacolomer.cat\/es\/producte\/tractor-tym-nuevo-modelo-ts255hst\/","title":{"rendered":"TRACTOR TYM NUEVO MODELO TS255HST"},"content":{"rendered":"<p><b><span lang=\"CA\">MOTOR YANMAR<\/span><\/b><\/p>\n<p>Potencia del motor 25.5CV 3000 rpm<\/p>\n<p>Diesel 3 cilindros Fase V<\/p>\n<p>Transmisi\u00f3n hidrost\u00e1tica 4WD<\/p>\n<p>Caja de Cambio 6&#215;2<\/p>\n<p>Frenos de disco m\u00faltiples en ba\u00f1o de aceite<\/p>\n<p>Bloqueo del diferencial mec\u00e1nico por pedal<\/p>\n<p>Direcci\u00f3n hidrost\u00e1tica con circuito independente<\/p>\n<p>Sistema hidr\u00e1ulico con dos salidas<\/p>\n<p>TDF 540 (rpm)<\/p>\n<p>Pneum\u00e1ticos agr\u00edcolas 9.50-16\/6-12<\/p>\n<p>Peso 842 kg<\/p>\n","protected":false},"excerpt":{"rendered":"<p>MOTOR YANMAR Potencia del motor 25.5CV 3000 rpm Diesel 3 cilindros Fase V Transmisi\u00f3n hidrost\u00e1tica 4WD Caja de Cambio 6&#215;2 Frenos de disco m\u00faltiples en ba\u00f1o de aceite Bloqueo del diferencial mec\u00e1nico por pedal Direcci\u00f3n hidrost\u00e1tica con circuito independente Sistema hidr\u00e1ulico con dos salidas TDF 540 (rpm) Pneum\u00e1ticos agr\u00edcolas 9.50-16\/6-12 Peso 842 kg<\/p>\n","protected":false},"featured_media":731,"comment_status":"closed","ping_status":"closed","template":"","meta":[],"product_brand":[],"product_cat":[46,47],"product_tag":[],"class_list":{"0":"post-739","1":"product","2":"type-product","3":"status-publish","4":"has-post-thumbnail","6":"product_cat-entrega-immediata","7":"product_cat-entrega-inmediata","9":"first","10":"instock","11":"featured","12":"shipping-taxable","13":"product-type-simple"},"yoast_head":"<!-- This site is optimized with the Yoast SEO plugin v27.2 - https:\/\/yoast.com\/product\/yoast-seo-wordpress\/ -->\n<title>TRACTOR TYM NUEVO MODELO TS255HST &#8226; Agr\u00edcola Colomer<\/title>\n<meta name=\"robots\" content=\"index, follow, max-snippet:-1, max-image-preview:large, max-video-preview:-1\" \/>\n<link rel=\"canonical\" href=\"https:\/\/www.agricolacolomer.cat\/es\/producte\/tractor-tym-nuevo-modelo-ts255hst\/\" \/>\n<meta property=\"og:locale\" content=\"es_ES\" \/>\n<meta property=\"og:type\" content=\"article\" \/>\n<meta property=\"og:title\" content=\"TRACTOR TYM NUEVO MODELO TS255HST &#8226; Agr\u00edcola Colomer\" \/>\n<meta property=\"og:description\" content=\"MOTOR YANMAR Potencia del motor 25.5CV 3000 rpm Diesel 3 cilindros Fase V Transmisi\u00f3n hidrost\u00e1tica 4WD Caja de Cambio 6&#215;2 Frenos de disco m\u00faltiples en ba\u00f1o de aceite Bloqueo del diferencial mec\u00e1nico por pedal Direcci\u00f3n hidrost\u00e1tica con circuito independente Sistema hidr\u00e1ulico con dos salidas TDF 540 (rpm) Pneum\u00e1ticos agr\u00edcolas 9.50-16\/6-12 Peso 842 kg\" \/>\n<meta property=\"og:url\" content=\"https:\/\/www.agricolacolomer.cat\/es\/producte\/tractor-tym-nuevo-modelo-ts255hst\/\" \/>\n<meta property=\"og:site_name\" content=\"Agr\u00edcola Colomer\" \/>\n<meta property=\"article:modified_time\" content=\"2022-05-25T10:15:32+00:00\" \/>\n<meta property=\"og:image\" content=\"https:\/\/www.agricolacolomer.cat\/wp-content\/uploads\/2022\/05\/Captura8-1.jpg\" \/>\n\t<meta property=\"og:image:width\" content=\"653\" \/>\n\t<meta property=\"og:image:height\" content=\"561\" \/>\n\t<meta property=\"og:image:type\" content=\"image\/jpeg\" \/>\n<meta name=\"twitter:card\" content=\"summary_large_image\" \/>\n<script type=\"application\/ld+json\" class=\"yoast-schema-graph\">{\"@context\":\"https:\/\/schema.org\",\"@graph\":[{\"@type\":\"WebPage\",\"@id\":\"https:\/\/www.agricolacolomer.cat\/es\/producte\/tractor-tym-nuevo-modelo-ts255hst\/\",\"url\":\"https:\/\/www.agricolacolomer.cat\/es\/producte\/tractor-tym-nuevo-modelo-ts255hst\/\",\"name\":\"TRACTOR TYM NUEVO MODELO TS255HST &#8226; Agr\u00edcola Colomer\",\"isPartOf\":{\"@id\":\"https:\/\/www.agricolacolomer.cat\/es\/#website\"},\"primaryImageOfPage\":{\"@id\":\"https:\/\/www.agricolacolomer.cat\/es\/producte\/tractor-tym-nuevo-modelo-ts255hst\/#primaryimage\"},\"image\":{\"@id\":\"https:\/\/www.agricolacolomer.cat\/es\/producte\/tractor-tym-nuevo-modelo-ts255hst\/#primaryimage\"},\"thumbnailUrl\":\"https:\/\/www.agricolacolomer.cat\/wp-content\/uploads\/2022\/05\/Captura8-1.jpg\",\"datePublished\":\"2022-05-25T09:50:56+00:00\",\"dateModified\":\"2022-05-25T10:15:32+00:00\",\"breadcrumb\":{\"@id\":\"https:\/\/www.agricolacolomer.cat\/es\/producte\/tractor-tym-nuevo-modelo-ts255hst\/#breadcrumb\"},\"inLanguage\":\"es\",\"potentialAction\":[{\"@type\":\"ReadAction\",\"target\":[\"https:\/\/www.agricolacolomer.cat\/es\/producte\/tractor-tym-nuevo-modelo-ts255hst\/\"]}]},{\"@type\":\"ImageObject\",\"inLanguage\":\"es\",\"@id\":\"https:\/\/www.agricolacolomer.cat\/es\/producte\/tractor-tym-nuevo-modelo-ts255hst\/#primaryimage\",\"url\":\"https:\/\/www.agricolacolomer.cat\/wp-content\/uploads\/2022\/05\/Captura8-1.jpg\",\"contentUrl\":\"https:\/\/www.agricolacolomer.cat\/wp-content\/uploads\/2022\/05\/Captura8-1.jpg\",\"width\":653,\"height\":561,\"caption\":\"TS255HST\"},{\"@type\":\"BreadcrumbList\",\"@id\":\"https:\/\/www.agricolacolomer.cat\/es\/producte\/tractor-tym-nuevo-modelo-ts255hst\/#breadcrumb\",\"itemListElement\":[{\"@type\":\"ListItem\",\"position\":1,\"name\":\"Inici\",\"item\":\"https:\/\/www.agricolacolomer.cat\/es\/maquinaria-agricola-a-girona\/\"},{\"@type\":\"ListItem\",\"position\":2,\"name\":\"Productos\",\"item\":\"https:\/\/www.agricolacolomer.cat\/es\/shop\/\"},{\"@type\":\"ListItem\",\"position\":3,\"name\":\"TRACTOR TYM NUEVO MODELO TS255HST\"}]},{\"@type\":\"WebSite\",\"@id\":\"https:\/\/www.agricolacolomer.cat\/es\/#website\",\"url\":\"https:\/\/www.agricolacolomer.cat\/es\/\",\"name\":\"Agr\u00edcola Colomer\",\"description\":\"Maquinaria agr\u00edcola en el Alt Empord\u00e0\",\"publisher\":{\"@id\":\"https:\/\/www.agricolacolomer.cat\/es\/#organization\"},\"potentialAction\":[{\"@type\":\"SearchAction\",\"target\":{\"@type\":\"EntryPoint\",\"urlTemplate\":\"https:\/\/www.agricolacolomer.cat\/es\/?s={search_term_string}\"},\"query-input\":{\"@type\":\"PropertyValueSpecification\",\"valueRequired\":true,\"valueName\":\"search_term_string\"}}],\"inLanguage\":\"es\"},{\"@type\":\"Organization\",\"@id\":\"https:\/\/www.agricolacolomer.cat\/es\/#organization\",\"name\":\"Agricola Colomer\",\"url\":\"https:\/\/www.agricolacolomer.cat\/es\/\",\"logo\":{\"@type\":\"ImageObject\",\"inLanguage\":\"es\",\"@id\":\"https:\/\/www.agricolacolomer.cat\/es\/#\/schema\/logo\/image\/\",\"url\":\"https:\/\/www.agricolacolomer.cat\/wp-content\/uploads\/2021\/11\/colomer.jpg\",\"contentUrl\":\"https:\/\/www.agricolacolomer.cat\/wp-content\/uploads\/2021\/11\/colomer.jpg\",\"width\":300,\"height\":300,\"caption\":\"Agricola Colomer\"},\"image\":{\"@id\":\"https:\/\/www.agricolacolomer.cat\/es\/#\/schema\/logo\/image\/\"}}]}<\/script>\n<!-- \/ Yoast SEO plugin. -->","yoast_head_json":{"title":"TRACTOR TYM NUEVO MODELO TS255HST &#8226; Agr\u00edcola Colomer","robots":{"index":"index","follow":"follow","max-snippet":"max-snippet:-1","max-image-preview":"max-image-preview:large","max-video-preview":"max-video-preview:-1"},"canonical":"https:\/\/www.agricolacolomer.cat\/es\/producte\/tractor-tym-nuevo-modelo-ts255hst\/","og_locale":"es_ES","og_type":"article","og_title":"TRACTOR TYM NUEVO MODELO TS255HST &#8226; Agr\u00edcola Colomer","og_description":"MOTOR YANMAR Potencia del motor 25.5CV 3000 rpm Diesel 3 cilindros Fase V Transmisi\u00f3n hidrost\u00e1tica 4WD Caja de Cambio 6&#215;2 Frenos de disco m\u00faltiples en ba\u00f1o de aceite Bloqueo del diferencial mec\u00e1nico por pedal Direcci\u00f3n hidrost\u00e1tica con circuito independente Sistema hidr\u00e1ulico con dos salidas TDF 540 (rpm) Pneum\u00e1ticos agr\u00edcolas 9.50-16\/6-12 Peso 842 kg","og_url":"https:\/\/www.agricolacolomer.cat\/es\/producte\/tractor-tym-nuevo-modelo-ts255hst\/","og_site_name":"Agr\u00edcola Colomer","article_modified_time":"2022-05-25T10:15:32+00:00","og_image":[{"width":653,"height":561,"url":"https:\/\/www.agricolacolomer.cat\/wp-content\/uploads\/2022\/05\/Captura8-1.jpg","type":"image\/jpeg"}],"twitter_card":"summary_large_image","schema":{"@context":"https:\/\/schema.org","@graph":[{"@type":"WebPage","@id":"https:\/\/www.agricolacolomer.cat\/es\/producte\/tractor-tym-nuevo-modelo-ts255hst\/","url":"https:\/\/www.agricolacolomer.cat\/es\/producte\/tractor-tym-nuevo-modelo-ts255hst\/","name":"TRACTOR TYM NUEVO MODELO TS255HST &#8226; Agr\u00edcola Colomer","isPartOf":{"@id":"https:\/\/www.agricolacolomer.cat\/es\/#website"},"primaryImageOfPage":{"@id":"https:\/\/www.agricolacolomer.cat\/es\/producte\/tractor-tym-nuevo-modelo-ts255hst\/#primaryimage"},"image":{"@id":"https:\/\/www.agricolacolomer.cat\/es\/producte\/tractor-tym-nuevo-modelo-ts255hst\/#primaryimage"},"thumbnailUrl":"https:\/\/www.agricolacolomer.cat\/wp-content\/uploads\/2022\/05\/Captura8-1.jpg","datePublished":"2022-05-25T09:50:56+00:00","dateModified":"2022-05-25T10:15:32+00:00","breadcrumb":{"@id":"https:\/\/www.agricolacolomer.cat\/es\/producte\/tractor-tym-nuevo-modelo-ts255hst\/#breadcrumb"},"inLanguage":"es","potentialAction":[{"@type":"ReadAction","target":["https:\/\/www.agricolacolomer.cat\/es\/producte\/tractor-tym-nuevo-modelo-ts255hst\/"]}]},{"@type":"ImageObject","inLanguage":"es","@id":"https:\/\/www.agricolacolomer.cat\/es\/producte\/tractor-tym-nuevo-modelo-ts255hst\/#primaryimage","url":"https:\/\/www.agricolacolomer.cat\/wp-content\/uploads\/2022\/05\/Captura8-1.jpg","contentUrl":"https:\/\/www.agricolacolomer.cat\/wp-content\/uploads\/2022\/05\/Captura8-1.jpg","width":653,"height":561,"caption":"TS255HST"},{"@type":"BreadcrumbList","@id":"https:\/\/www.agricolacolomer.cat\/es\/producte\/tractor-tym-nuevo-modelo-ts255hst\/#breadcrumb","itemListElement":[{"@type":"ListItem","position":1,"name":"Inici","item":"https:\/\/www.agricolacolomer.cat\/es\/maquinaria-agricola-a-girona\/"},{"@type":"ListItem","position":2,"name":"Productos","item":"https:\/\/www.agricolacolomer.cat\/es\/shop\/"},{"@type":"ListItem","position":3,"name":"TRACTOR TYM NUEVO MODELO TS255HST"}]},{"@type":"WebSite","@id":"https:\/\/www.agricolacolomer.cat\/es\/#website","url":"https:\/\/www.agricolacolomer.cat\/es\/","name":"Agr\u00edcola Colomer","description":"Maquinaria agr\u00edcola en el Alt Empord\u00e0","publisher":{"@id":"https:\/\/www.agricolacolomer.cat\/es\/#organization"},"potentialAction":[{"@type":"SearchAction","target":{"@type":"EntryPoint","urlTemplate":"https:\/\/www.agricolacolomer.cat\/es\/?s={search_term_string}"},"query-input":{"@type":"PropertyValueSpecification","valueRequired":true,"valueName":"search_term_string"}}],"inLanguage":"es"},{"@type":"Organization","@id":"https:\/\/www.agricolacolomer.cat\/es\/#organization","name":"Agricola Colomer","url":"https:\/\/www.agricolacolomer.cat\/es\/","logo":{"@type":"ImageObject","inLanguage":"es","@id":"https:\/\/www.agricolacolomer.cat\/es\/#\/schema\/logo\/image\/","url":"https:\/\/www.agricolacolomer.cat\/wp-content\/uploads\/2021\/11\/colomer.jpg","contentUrl":"https:\/\/www.agricolacolomer.cat\/wp-content\/uploads\/2021\/11\/colomer.jpg","width":300,"height":300,"caption":"Agricola Colomer"},"image":{"@id":"https:\/\/www.agricolacolomer.cat\/es\/#\/schema\/logo\/image\/"}}]}},"_links":{"self":[{"href":"https:\/\/www.agricolacolomer.cat\/es\/wp-json\/wp\/v2\/product\/739","targetHints":{"allow":["GET"]}}],"collection":[{"href":"https:\/\/www.agricolacolomer.cat\/es\/wp-json\/wp\/v2\/product"}],"about":[{"href":"https:\/\/www.agricolacolomer.cat\/es\/wp-json\/wp\/v2\/types\/product"}],"replies":[{"embeddable":true,"href":"https:\/\/www.agricolacolomer.cat\/es\/wp-json\/wp\/v2\/comments?post=739"}],"wp:featuredmedia":[{"embeddable":true,"href":"https:\/\/www.agricolacolomer.cat\/es\/wp-json\/wp\/v2\/media\/731"}],"wp:attachment":[{"href":"https:\/\/www.agricolacolomer.cat\/es\/wp-json\/wp\/v2\/media?parent=739"}],"wp:term":[{"taxonomy":"product_brand","embeddable":true,"href":"https:\/\/www.agricolacolomer.cat\/es\/wp-json\/wp\/v2\/product_brand?post=739"},{"taxonomy":"product_cat","embeddable":true,"href":"https:\/\/www.agricolacolomer.cat\/es\/wp-json\/wp\/v2\/product_cat?post=739"},{"taxonomy":"product_tag","embeddable":true,"href":"https:\/\/www.agricolacolomer.cat\/es\/wp-json\/wp\/v2\/product_tag?post=739"}],"curies":[{"name":"wp","href":"https:\/\/api.w.org\/{rel}","templated":true}]}}