{"id":752,"date":"2022-05-25T09:54:08","date_gmt":"2022-05-25T09:54:08","guid":{"rendered":"https:\/\/www.agricolacolomer.cat\/producte\/tractor-tym-modelo-t475\/"},"modified":"2022-07-06T07:24:59","modified_gmt":"2022-07-06T07:24:59","slug":"tractor-tym-modelo-t475","status":"publish","type":"product","link":"https:\/\/www.agricolacolomer.cat\/es\/producte\/tractor-tym-modelo-t475\/","title":{"rendered":"TRACTOR TYM MODELO T475"},"content":{"rendered":"<p><strong>MOTOR KMA2300 DIESEL CUATRO CILINDROS <\/strong><\/p>\n<p>Potencia motor 47CV 2286cc<\/p>\n<p>Transmisi\u00f3n 4WD 12+12<\/p>\n<p>Direcci\u00f3n hidroest\u00e1tica<\/p>\n<p>Neum\u00e1ticos delanteros 280.70R16 traseros 380.70R24<\/p>\n<p>Arco de Seguridad trasero<\/p>\n<p>Soporte de contrapeso opcional ( no incluido en el precio final )<\/p>\n<p>No tiene control de sensibilidad<\/p>\n<p>Dispone de control de profundidad<\/p>\n<p>El modelo T475 ofrece m\u00e1s caballos de fuerza y opciones adicionales de comodidad mientras mantiene un bastidor de tractor m\u00e1s peque\u00f1o, el que lo hace perfecto para personas que necesitan hacer trabajos en espacios limitados. Su motor tiene mayor potencia y rendimiento, f\u00e1cil mantenimiento y reparaci\u00f3n, sencillez en su sistema de regeneraci\u00f3n, menos ruido y vibraci\u00f3n, amistoso con el medio ambiente. Los ejes son resistentes y fiables, junto con un sistema de direcci\u00f3n asistida, hace que sus maniobras sean suaves y sencillas. Las retroexcavadoras y otros complementos, no suponen ning\u00fan problema con un mando \u00fanico standard con enclavamiento. En combinaci\u00f3n con la palanca de la TDF situada en el lateral del lugar del operador, el interruptor de la TDF autom\u00e1tica le permite escoger la modalidad de TDF que mejor se adapte al trabajo que est\u00e9 haciendo. Consigue que su enganche de tres puntos est\u00e9 en la posici\u00f3n correcta, sin tener que llegar al lugar del operador, con un control de posici\u00f3n externo. El control de la cargadora se encuentra configurado y cableado por la tercera funci\u00f3n, lo que facilita su incorporaci\u00f3n si el trabajo lo requiere. Trabajar de noche no es un problema ja que dispone de luces de diferentes modelos en la cabina para mejorar el trabajo que est\u00e9 haciendo. Los largos recorridos no son un problema ya que puede fijar la velocidad e ir aumentando la potencia del motor proporcionalmente con el aumento de su velocidad. La cabina dispone de calefacci\u00f3n y aire acondicionado.<\/p>\n","protected":false},"excerpt":{"rendered":"<p>MOTOR KMA2300 DIESEL CUATRO CILINDROS Potencia motor 47CV 2286cc Transmisi\u00f3n 4WD 12+12 Direcci\u00f3n hidroest\u00e1tica Neum\u00e1ticos delanteros 280.70R16 traseros 380.70R24 Arco de Seguridad trasero Soporte de contrapeso opcional ( no incluido en el precio final ) No tiene control de sensibilidad Dispone de control de profundidad El modelo T475 ofrece m\u00e1s caballos de fuerza y opciones [&hellip;]<\/p>\n","protected":false},"featured_media":742,"comment_status":"closed","ping_status":"closed","template":"","meta":[],"product_brand":[],"product_cat":[47],"product_tag":[],"class_list":{"0":"post-752","1":"product","2":"type-product","3":"status-publish","4":"has-post-thumbnail","6":"product_cat-entrega-inmediata","8":"first","9":"instock","10":"featured","11":"shipping-taxable","12":"product-type-simple"},"yoast_head":"<!-- This site is optimized with the Yoast SEO plugin v27.2 - https:\/\/yoast.com\/product\/yoast-seo-wordpress\/ -->\n<title>TRACTOR TYM MODELO T475 &#8226; Agr\u00edcola Colomer<\/title>\n<meta name=\"robots\" content=\"index, follow, max-snippet:-1, max-image-preview:large, max-video-preview:-1\" \/>\n<link rel=\"canonical\" href=\"https:\/\/www.agricolacolomer.cat\/es\/producte\/tractor-tym-modelo-t475\/\" \/>\n<meta property=\"og:locale\" content=\"es_ES\" \/>\n<meta property=\"og:type\" content=\"article\" \/>\n<meta property=\"og:title\" content=\"TRACTOR TYM MODELO T475 &#8226; Agr\u00edcola Colomer\" \/>\n<meta property=\"og:description\" content=\"MOTOR KMA2300 DIESEL CUATRO CILINDROS Potencia motor 47CV 2286cc Transmisi\u00f3n 4WD 12+12 Direcci\u00f3n hidroest\u00e1tica Neum\u00e1ticos delanteros 280.70R16 traseros 380.70R24 Arco de Seguridad trasero Soporte de contrapeso opcional ( no incluido en el precio final ) No tiene control de sensibilidad Dispone de control de profundidad El modelo T475 ofrece m\u00e1s caballos de fuerza y opciones [&hellip;]\" \/>\n<meta property=\"og:url\" content=\"https:\/\/www.agricolacolomer.cat\/es\/producte\/tractor-tym-modelo-t475\/\" \/>\n<meta property=\"og:site_name\" content=\"Agr\u00edcola Colomer\" \/>\n<meta property=\"article:modified_time\" content=\"2022-07-06T07:24:59+00:00\" \/>\n<meta property=\"og:image\" content=\"https:\/\/www.agricolacolomer.cat\/wp-content\/uploads\/2022\/05\/Captura6-1.jpg\" \/>\n\t<meta property=\"og:image:width\" content=\"731\" \/>\n\t<meta property=\"og:image:height\" content=\"514\" \/>\n\t<meta property=\"og:image:type\" content=\"image\/jpeg\" \/>\n<meta name=\"twitter:card\" content=\"summary_large_image\" \/>\n<meta name=\"twitter:label1\" content=\"Tiempo de lectura\" \/>\n\t<meta name=\"twitter:data1\" content=\"2 minutos\" \/>\n<script type=\"application\/ld+json\" class=\"yoast-schema-graph\">{\"@context\":\"https:\/\/schema.org\",\"@graph\":[{\"@type\":\"WebPage\",\"@id\":\"https:\/\/www.agricolacolomer.cat\/es\/producte\/tractor-tym-modelo-t475\/\",\"url\":\"https:\/\/www.agricolacolomer.cat\/es\/producte\/tractor-tym-modelo-t475\/\",\"name\":\"TRACTOR TYM MODELO T475 &#8226; Agr\u00edcola Colomer\",\"isPartOf\":{\"@id\":\"https:\/\/www.agricolacolomer.cat\/es\/#website\"},\"primaryImageOfPage\":{\"@id\":\"https:\/\/www.agricolacolomer.cat\/es\/producte\/tractor-tym-modelo-t475\/#primaryimage\"},\"image\":{\"@id\":\"https:\/\/www.agricolacolomer.cat\/es\/producte\/tractor-tym-modelo-t475\/#primaryimage\"},\"thumbnailUrl\":\"https:\/\/www.agricolacolomer.cat\/wp-content\/uploads\/2022\/05\/Captura6-1.jpg\",\"datePublished\":\"2022-05-25T09:54:08+00:00\",\"dateModified\":\"2022-07-06T07:24:59+00:00\",\"breadcrumb\":{\"@id\":\"https:\/\/www.agricolacolomer.cat\/es\/producte\/tractor-tym-modelo-t475\/#breadcrumb\"},\"inLanguage\":\"es\",\"potentialAction\":[{\"@type\":\"ReadAction\",\"target\":[\"https:\/\/www.agricolacolomer.cat\/es\/producte\/tractor-tym-modelo-t475\/\"]}]},{\"@type\":\"ImageObject\",\"inLanguage\":\"es\",\"@id\":\"https:\/\/www.agricolacolomer.cat\/es\/producte\/tractor-tym-modelo-t475\/#primaryimage\",\"url\":\"https:\/\/www.agricolacolomer.cat\/wp-content\/uploads\/2022\/05\/Captura6-1.jpg\",\"contentUrl\":\"https:\/\/www.agricolacolomer.cat\/wp-content\/uploads\/2022\/05\/Captura6-1.jpg\",\"width\":731,\"height\":514,\"caption\":\"T475\"},{\"@type\":\"BreadcrumbList\",\"@id\":\"https:\/\/www.agricolacolomer.cat\/es\/producte\/tractor-tym-modelo-t475\/#breadcrumb\",\"itemListElement\":[{\"@type\":\"ListItem\",\"position\":1,\"name\":\"Inici\",\"item\":\"https:\/\/www.agricolacolomer.cat\/es\/maquinaria-agricola-a-girona\/\"},{\"@type\":\"ListItem\",\"position\":2,\"name\":\"Productos\",\"item\":\"https:\/\/www.agricolacolomer.cat\/es\/shop\/\"},{\"@type\":\"ListItem\",\"position\":3,\"name\":\"TRACTOR TYM MODELO T475\"}]},{\"@type\":\"WebSite\",\"@id\":\"https:\/\/www.agricolacolomer.cat\/es\/#website\",\"url\":\"https:\/\/www.agricolacolomer.cat\/es\/\",\"name\":\"Agr\u00edcola Colomer\",\"description\":\"Maquinaria agr\u00edcola en el Alt Empord\u00e0\",\"publisher\":{\"@id\":\"https:\/\/www.agricolacolomer.cat\/es\/#organization\"},\"potentialAction\":[{\"@type\":\"SearchAction\",\"target\":{\"@type\":\"EntryPoint\",\"urlTemplate\":\"https:\/\/www.agricolacolomer.cat\/es\/?s={search_term_string}\"},\"query-input\":{\"@type\":\"PropertyValueSpecification\",\"valueRequired\":true,\"valueName\":\"search_term_string\"}}],\"inLanguage\":\"es\"},{\"@type\":\"Organization\",\"@id\":\"https:\/\/www.agricolacolomer.cat\/es\/#organization\",\"name\":\"Agricola Colomer\",\"url\":\"https:\/\/www.agricolacolomer.cat\/es\/\",\"logo\":{\"@type\":\"ImageObject\",\"inLanguage\":\"es\",\"@id\":\"https:\/\/www.agricolacolomer.cat\/es\/#\/schema\/logo\/image\/\",\"url\":\"https:\/\/www.agricolacolomer.cat\/wp-content\/uploads\/2021\/11\/colomer.jpg\",\"contentUrl\":\"https:\/\/www.agricolacolomer.cat\/wp-content\/uploads\/2021\/11\/colomer.jpg\",\"width\":300,\"height\":300,\"caption\":\"Agricola Colomer\"},\"image\":{\"@id\":\"https:\/\/www.agricolacolomer.cat\/es\/#\/schema\/logo\/image\/\"}}]}<\/script>\n<!-- \/ Yoast SEO plugin. -->","yoast_head_json":{"title":"TRACTOR TYM MODELO T475 &#8226; Agr\u00edcola Colomer","robots":{"index":"index","follow":"follow","max-snippet":"max-snippet:-1","max-image-preview":"max-image-preview:large","max-video-preview":"max-video-preview:-1"},"canonical":"https:\/\/www.agricolacolomer.cat\/es\/producte\/tractor-tym-modelo-t475\/","og_locale":"es_ES","og_type":"article","og_title":"TRACTOR TYM MODELO T475 &#8226; Agr\u00edcola Colomer","og_description":"MOTOR KMA2300 DIESEL CUATRO CILINDROS Potencia motor 47CV 2286cc Transmisi\u00f3n 4WD 12+12 Direcci\u00f3n hidroest\u00e1tica Neum\u00e1ticos delanteros 280.70R16 traseros 380.70R24 Arco de Seguridad trasero Soporte de contrapeso opcional ( no incluido en el precio final ) No tiene control de sensibilidad Dispone de control de profundidad El modelo T475 ofrece m\u00e1s caballos de fuerza y opciones [&hellip;]","og_url":"https:\/\/www.agricolacolomer.cat\/es\/producte\/tractor-tym-modelo-t475\/","og_site_name":"Agr\u00edcola Colomer","article_modified_time":"2022-07-06T07:24:59+00:00","og_image":[{"width":731,"height":514,"url":"https:\/\/www.agricolacolomer.cat\/wp-content\/uploads\/2022\/05\/Captura6-1.jpg","type":"image\/jpeg"}],"twitter_card":"summary_large_image","twitter_misc":{"Tiempo de lectura":"2 minutos"},"schema":{"@context":"https:\/\/schema.org","@graph":[{"@type":"WebPage","@id":"https:\/\/www.agricolacolomer.cat\/es\/producte\/tractor-tym-modelo-t475\/","url":"https:\/\/www.agricolacolomer.cat\/es\/producte\/tractor-tym-modelo-t475\/","name":"TRACTOR TYM MODELO T475 &#8226; Agr\u00edcola Colomer","isPartOf":{"@id":"https:\/\/www.agricolacolomer.cat\/es\/#website"},"primaryImageOfPage":{"@id":"https:\/\/www.agricolacolomer.cat\/es\/producte\/tractor-tym-modelo-t475\/#primaryimage"},"image":{"@id":"https:\/\/www.agricolacolomer.cat\/es\/producte\/tractor-tym-modelo-t475\/#primaryimage"},"thumbnailUrl":"https:\/\/www.agricolacolomer.cat\/wp-content\/uploads\/2022\/05\/Captura6-1.jpg","datePublished":"2022-05-25T09:54:08+00:00","dateModified":"2022-07-06T07:24:59+00:00","breadcrumb":{"@id":"https:\/\/www.agricolacolomer.cat\/es\/producte\/tractor-tym-modelo-t475\/#breadcrumb"},"inLanguage":"es","potentialAction":[{"@type":"ReadAction","target":["https:\/\/www.agricolacolomer.cat\/es\/producte\/tractor-tym-modelo-t475\/"]}]},{"@type":"ImageObject","inLanguage":"es","@id":"https:\/\/www.agricolacolomer.cat\/es\/producte\/tractor-tym-modelo-t475\/#primaryimage","url":"https:\/\/www.agricolacolomer.cat\/wp-content\/uploads\/2022\/05\/Captura6-1.jpg","contentUrl":"https:\/\/www.agricolacolomer.cat\/wp-content\/uploads\/2022\/05\/Captura6-1.jpg","width":731,"height":514,"caption":"T475"},{"@type":"BreadcrumbList","@id":"https:\/\/www.agricolacolomer.cat\/es\/producte\/tractor-tym-modelo-t475\/#breadcrumb","itemListElement":[{"@type":"ListItem","position":1,"name":"Inici","item":"https:\/\/www.agricolacolomer.cat\/es\/maquinaria-agricola-a-girona\/"},{"@type":"ListItem","position":2,"name":"Productos","item":"https:\/\/www.agricolacolomer.cat\/es\/shop\/"},{"@type":"ListItem","position":3,"name":"TRACTOR TYM MODELO T475"}]},{"@type":"WebSite","@id":"https:\/\/www.agricolacolomer.cat\/es\/#website","url":"https:\/\/www.agricolacolomer.cat\/es\/","name":"Agr\u00edcola Colomer","description":"Maquinaria agr\u00edcola en el Alt Empord\u00e0","publisher":{"@id":"https:\/\/www.agricolacolomer.cat\/es\/#organization"},"potentialAction":[{"@type":"SearchAction","target":{"@type":"EntryPoint","urlTemplate":"https:\/\/www.agricolacolomer.cat\/es\/?s={search_term_string}"},"query-input":{"@type":"PropertyValueSpecification","valueRequired":true,"valueName":"search_term_string"}}],"inLanguage":"es"},{"@type":"Organization","@id":"https:\/\/www.agricolacolomer.cat\/es\/#organization","name":"Agricola Colomer","url":"https:\/\/www.agricolacolomer.cat\/es\/","logo":{"@type":"ImageObject","inLanguage":"es","@id":"https:\/\/www.agricolacolomer.cat\/es\/#\/schema\/logo\/image\/","url":"https:\/\/www.agricolacolomer.cat\/wp-content\/uploads\/2021\/11\/colomer.jpg","contentUrl":"https:\/\/www.agricolacolomer.cat\/wp-content\/uploads\/2021\/11\/colomer.jpg","width":300,"height":300,"caption":"Agricola Colomer"},"image":{"@id":"https:\/\/www.agricolacolomer.cat\/es\/#\/schema\/logo\/image\/"}}]}},"_links":{"self":[{"href":"https:\/\/www.agricolacolomer.cat\/es\/wp-json\/wp\/v2\/product\/752","targetHints":{"allow":["GET"]}}],"collection":[{"href":"https:\/\/www.agricolacolomer.cat\/es\/wp-json\/wp\/v2\/product"}],"about":[{"href":"https:\/\/www.agricolacolomer.cat\/es\/wp-json\/wp\/v2\/types\/product"}],"replies":[{"embeddable":true,"href":"https:\/\/www.agricolacolomer.cat\/es\/wp-json\/wp\/v2\/comments?post=752"}],"wp:featuredmedia":[{"embeddable":true,"href":"https:\/\/www.agricolacolomer.cat\/es\/wp-json\/wp\/v2\/media\/742"}],"wp:attachment":[{"href":"https:\/\/www.agricolacolomer.cat\/es\/wp-json\/wp\/v2\/media?parent=752"}],"wp:term":[{"taxonomy":"product_brand","embeddable":true,"href":"https:\/\/www.agricolacolomer.cat\/es\/wp-json\/wp\/v2\/product_brand?post=752"},{"taxonomy":"product_cat","embeddable":true,"href":"https:\/\/www.agricolacolomer.cat\/es\/wp-json\/wp\/v2\/product_cat?post=752"},{"taxonomy":"product_tag","embeddable":true,"href":"https:\/\/www.agricolacolomer.cat\/es\/wp-json\/wp\/v2\/product_tag?post=752"}],"curies":[{"name":"wp","href":"https:\/\/api.w.org\/{rel}","templated":true}]}}