{"id":795,"date":"2022-06-23T10:29:07","date_gmt":"2022-06-23T10:29:07","guid":{"rendered":"https:\/\/www.agricolacolomer.cat\/producte\/tractor-tym-t495\/"},"modified":"2022-06-23T10:29:07","modified_gmt":"2022-06-23T10:29:07","slug":"tractor-tym-t495","status":"publish","type":"product","link":"https:\/\/www.agricolacolomer.cat\/es\/producte\/tractor-tym-t495\/","title":{"rendered":"TRACTOR TYM T495"},"content":{"rendered":"<ul>\n<li>Motores diesel de 4 cilindros KMA2300 49CV 2287cc<\/li>\n<li>Transmisi\u00f3n 4WD 8F+8R<\/li>\n<li>Direcci\u00f3n hidroest\u00e1tica<\/li>\n<li>Inversor sincronizado (inversor electrohidr\u00e1ulico en T603)<\/li>\n<li>Frenos en ba\u00f1o de aceite con discos m\u00faltiples<\/li>\n<li>Bomba hidr\u00e1ulica doble<\/li>\n<li>Circuito hidr\u00e1ulico de la direcci\u00f3n independiente<\/li>\n<li>Dos\u00a0y cuatro salidas del hidr\u00e1ulico<\/li>\n<li>Toma de fuerza 540-1000 rpm.<\/li>\n<li>Toma de fuerza independiente con mando electrohidr\u00e1ulico<\/li>\n<li>Chasis con plataforma llana amortiguada con apoyos tipo Silent Block<\/li>\n<li>Volante ajustable<\/li>\n<li>Bastidor de seguridad\u00a0abatible (versione sin cabina)<\/li>\n<li>Neum\u00e1ticos Agr\u00edcolas 380.70R24\/\/280.70R16<\/li>\n<\/ul>\n<p>Porque la estructura define la forma, el\u00a0dise\u00f1o TYM es tambi\u00e9n sin\u00f3nimo de un pensamiento especializado, donde se mantienen la plataforma llana para acceso libre y operaciones confortables, la direcci\u00f3n hidrost\u00e1tica con circuito independiente de f\u00e1cil movimiento, la concepci\u00f3n de fuerza, resistencia, fiabilidad y calidad que aseguran 2 a\u00f1os de garant\u00eda total, la completa seguridad en todas las operaciones, frenos en ba\u00f1o de aceite con discos m\u00faltiples, sistema hidr\u00e1ulico de bomba doble, control de toma de fuerza electrohidr\u00e1ulico, elevaci\u00f3n hidr\u00e1ulica con control de posici\u00f3n y sensibilidad.<\/p>\n","protected":false},"excerpt":{"rendered":"<p>Motores diesel de 4 cilindros KMA2300 49CV 2287cc Transmisi\u00f3n 4WD 8F+8R Direcci\u00f3n hidroest\u00e1tica Inversor sincronizado (inversor electrohidr\u00e1ulico en T603) Frenos en ba\u00f1o de aceite con discos m\u00faltiples Bomba hidr\u00e1ulica doble Circuito hidr\u00e1ulico de la direcci\u00f3n independiente Dos\u00a0y cuatro salidas del hidr\u00e1ulico Toma de fuerza 540-1000 rpm. Toma de fuerza independiente con mando electrohidr\u00e1ulico Chasis con [&hellip;]<\/p>\n","protected":false},"featured_media":791,"comment_status":"closed","ping_status":"closed","template":"","meta":[],"product_brand":[],"product_cat":[47],"product_tag":[],"class_list":{"0":"post-795","1":"product","2":"type-product","3":"status-publish","4":"has-post-thumbnail","6":"product_cat-entrega-inmediata","8":"first","9":"instock","10":"featured","11":"shipping-taxable","12":"product-type-simple"},"yoast_head":"<!-- This site is optimized with the Yoast SEO plugin v27.2 - https:\/\/yoast.com\/product\/yoast-seo-wordpress\/ -->\n<title>TRACTOR TYM T495 &#8226; Agr\u00edcola Colomer<\/title>\n<meta name=\"robots\" content=\"index, follow, max-snippet:-1, max-image-preview:large, max-video-preview:-1\" \/>\n<link rel=\"canonical\" href=\"https:\/\/www.agricolacolomer.cat\/es\/producte\/tractor-tym-t495\/\" \/>\n<meta property=\"og:locale\" content=\"es_ES\" \/>\n<meta property=\"og:type\" content=\"article\" \/>\n<meta property=\"og:title\" content=\"TRACTOR TYM T495 &#8226; Agr\u00edcola Colomer\" \/>\n<meta property=\"og:description\" content=\"Motores diesel de 4 cilindros KMA2300 49CV 2287cc Transmisi\u00f3n 4WD 8F+8R Direcci\u00f3n hidroest\u00e1tica Inversor sincronizado (inversor electrohidr\u00e1ulico en T603) Frenos en ba\u00f1o de aceite con discos m\u00faltiples Bomba hidr\u00e1ulica doble Circuito hidr\u00e1ulico de la direcci\u00f3n independiente Dos\u00a0y cuatro salidas del hidr\u00e1ulico Toma de fuerza 540-1000 rpm. Toma de fuerza independiente con mando electrohidr\u00e1ulico Chasis con [&hellip;]\" \/>\n<meta property=\"og:url\" content=\"https:\/\/www.agricolacolomer.cat\/es\/producte\/tractor-tym-t495\/\" \/>\n<meta property=\"og:site_name\" content=\"Agr\u00edcola Colomer\" \/>\n<meta property=\"og:image\" content=\"https:\/\/www.agricolacolomer.cat\/wp-content\/uploads\/2022\/06\/T495-_resized.jpg\" \/>\n\t<meta property=\"og:image:width\" content=\"830\" \/>\n\t<meta property=\"og:image:height\" content=\"600\" \/>\n\t<meta property=\"og:image:type\" content=\"image\/jpeg\" \/>\n<meta name=\"twitter:card\" content=\"summary_large_image\" \/>\n<meta name=\"twitter:label1\" content=\"Tiempo de lectura\" \/>\n\t<meta name=\"twitter:data1\" content=\"1 minuto\" \/>\n<script type=\"application\/ld+json\" class=\"yoast-schema-graph\">{\"@context\":\"https:\/\/schema.org\",\"@graph\":[{\"@type\":\"WebPage\",\"@id\":\"https:\/\/www.agricolacolomer.cat\/es\/producte\/tractor-tym-t495\/\",\"url\":\"https:\/\/www.agricolacolomer.cat\/es\/producte\/tractor-tym-t495\/\",\"name\":\"TRACTOR TYM T495 &#8226; Agr\u00edcola Colomer\",\"isPartOf\":{\"@id\":\"https:\/\/www.agricolacolomer.cat\/es\/#website\"},\"primaryImageOfPage\":{\"@id\":\"https:\/\/www.agricolacolomer.cat\/es\/producte\/tractor-tym-t495\/#primaryimage\"},\"image\":{\"@id\":\"https:\/\/www.agricolacolomer.cat\/es\/producte\/tractor-tym-t495\/#primaryimage\"},\"thumbnailUrl\":\"https:\/\/www.agricolacolomer.cat\/wp-content\/uploads\/2022\/06\/T495-_resized.jpg\",\"datePublished\":\"2022-06-23T10:29:07+00:00\",\"breadcrumb\":{\"@id\":\"https:\/\/www.agricolacolomer.cat\/es\/producte\/tractor-tym-t495\/#breadcrumb\"},\"inLanguage\":\"es\",\"potentialAction\":[{\"@type\":\"ReadAction\",\"target\":[\"https:\/\/www.agricolacolomer.cat\/es\/producte\/tractor-tym-t495\/\"]}]},{\"@type\":\"ImageObject\",\"inLanguage\":\"es\",\"@id\":\"https:\/\/www.agricolacolomer.cat\/es\/producte\/tractor-tym-t495\/#primaryimage\",\"url\":\"https:\/\/www.agricolacolomer.cat\/wp-content\/uploads\/2022\/06\/T495-_resized.jpg\",\"contentUrl\":\"https:\/\/www.agricolacolomer.cat\/wp-content\/uploads\/2022\/06\/T495-_resized.jpg\",\"width\":830,\"height\":600,\"caption\":\"TRACTOR TYM T495\"},{\"@type\":\"BreadcrumbList\",\"@id\":\"https:\/\/www.agricolacolomer.cat\/es\/producte\/tractor-tym-t495\/#breadcrumb\",\"itemListElement\":[{\"@type\":\"ListItem\",\"position\":1,\"name\":\"Inici\",\"item\":\"https:\/\/www.agricolacolomer.cat\/es\/maquinaria-agricola-a-girona\/\"},{\"@type\":\"ListItem\",\"position\":2,\"name\":\"Productos\",\"item\":\"https:\/\/www.agricolacolomer.cat\/es\/shop\/\"},{\"@type\":\"ListItem\",\"position\":3,\"name\":\"TRACTOR TYM T495\"}]},{\"@type\":\"WebSite\",\"@id\":\"https:\/\/www.agricolacolomer.cat\/es\/#website\",\"url\":\"https:\/\/www.agricolacolomer.cat\/es\/\",\"name\":\"Agr\u00edcola Colomer\",\"description\":\"Maquinaria agr\u00edcola en el Alt Empord\u00e0\",\"publisher\":{\"@id\":\"https:\/\/www.agricolacolomer.cat\/es\/#organization\"},\"potentialAction\":[{\"@type\":\"SearchAction\",\"target\":{\"@type\":\"EntryPoint\",\"urlTemplate\":\"https:\/\/www.agricolacolomer.cat\/es\/?s={search_term_string}\"},\"query-input\":{\"@type\":\"PropertyValueSpecification\",\"valueRequired\":true,\"valueName\":\"search_term_string\"}}],\"inLanguage\":\"es\"},{\"@type\":\"Organization\",\"@id\":\"https:\/\/www.agricolacolomer.cat\/es\/#organization\",\"name\":\"Agricola Colomer\",\"url\":\"https:\/\/www.agricolacolomer.cat\/es\/\",\"logo\":{\"@type\":\"ImageObject\",\"inLanguage\":\"es\",\"@id\":\"https:\/\/www.agricolacolomer.cat\/es\/#\/schema\/logo\/image\/\",\"url\":\"https:\/\/www.agricolacolomer.cat\/wp-content\/uploads\/2021\/11\/colomer.jpg\",\"contentUrl\":\"https:\/\/www.agricolacolomer.cat\/wp-content\/uploads\/2021\/11\/colomer.jpg\",\"width\":300,\"height\":300,\"caption\":\"Agricola Colomer\"},\"image\":{\"@id\":\"https:\/\/www.agricolacolomer.cat\/es\/#\/schema\/logo\/image\/\"}}]}<\/script>\n<!-- \/ Yoast SEO plugin. -->","yoast_head_json":{"title":"TRACTOR TYM T495 &#8226; Agr\u00edcola Colomer","robots":{"index":"index","follow":"follow","max-snippet":"max-snippet:-1","max-image-preview":"max-image-preview:large","max-video-preview":"max-video-preview:-1"},"canonical":"https:\/\/www.agricolacolomer.cat\/es\/producte\/tractor-tym-t495\/","og_locale":"es_ES","og_type":"article","og_title":"TRACTOR TYM T495 &#8226; Agr\u00edcola Colomer","og_description":"Motores diesel de 4 cilindros KMA2300 49CV 2287cc Transmisi\u00f3n 4WD 8F+8R Direcci\u00f3n hidroest\u00e1tica Inversor sincronizado (inversor electrohidr\u00e1ulico en T603) Frenos en ba\u00f1o de aceite con discos m\u00faltiples Bomba hidr\u00e1ulica doble Circuito hidr\u00e1ulico de la direcci\u00f3n independiente Dos\u00a0y cuatro salidas del hidr\u00e1ulico Toma de fuerza 540-1000 rpm. Toma de fuerza independiente con mando electrohidr\u00e1ulico Chasis con [&hellip;]","og_url":"https:\/\/www.agricolacolomer.cat\/es\/producte\/tractor-tym-t495\/","og_site_name":"Agr\u00edcola Colomer","og_image":[{"width":830,"height":600,"url":"https:\/\/www.agricolacolomer.cat\/wp-content\/uploads\/2022\/06\/T495-_resized.jpg","type":"image\/jpeg"}],"twitter_card":"summary_large_image","twitter_misc":{"Tiempo de lectura":"1 minuto"},"schema":{"@context":"https:\/\/schema.org","@graph":[{"@type":"WebPage","@id":"https:\/\/www.agricolacolomer.cat\/es\/producte\/tractor-tym-t495\/","url":"https:\/\/www.agricolacolomer.cat\/es\/producte\/tractor-tym-t495\/","name":"TRACTOR TYM T495 &#8226; Agr\u00edcola Colomer","isPartOf":{"@id":"https:\/\/www.agricolacolomer.cat\/es\/#website"},"primaryImageOfPage":{"@id":"https:\/\/www.agricolacolomer.cat\/es\/producte\/tractor-tym-t495\/#primaryimage"},"image":{"@id":"https:\/\/www.agricolacolomer.cat\/es\/producte\/tractor-tym-t495\/#primaryimage"},"thumbnailUrl":"https:\/\/www.agricolacolomer.cat\/wp-content\/uploads\/2022\/06\/T495-_resized.jpg","datePublished":"2022-06-23T10:29:07+00:00","breadcrumb":{"@id":"https:\/\/www.agricolacolomer.cat\/es\/producte\/tractor-tym-t495\/#breadcrumb"},"inLanguage":"es","potentialAction":[{"@type":"ReadAction","target":["https:\/\/www.agricolacolomer.cat\/es\/producte\/tractor-tym-t495\/"]}]},{"@type":"ImageObject","inLanguage":"es","@id":"https:\/\/www.agricolacolomer.cat\/es\/producte\/tractor-tym-t495\/#primaryimage","url":"https:\/\/www.agricolacolomer.cat\/wp-content\/uploads\/2022\/06\/T495-_resized.jpg","contentUrl":"https:\/\/www.agricolacolomer.cat\/wp-content\/uploads\/2022\/06\/T495-_resized.jpg","width":830,"height":600,"caption":"TRACTOR TYM T495"},{"@type":"BreadcrumbList","@id":"https:\/\/www.agricolacolomer.cat\/es\/producte\/tractor-tym-t495\/#breadcrumb","itemListElement":[{"@type":"ListItem","position":1,"name":"Inici","item":"https:\/\/www.agricolacolomer.cat\/es\/maquinaria-agricola-a-girona\/"},{"@type":"ListItem","position":2,"name":"Productos","item":"https:\/\/www.agricolacolomer.cat\/es\/shop\/"},{"@type":"ListItem","position":3,"name":"TRACTOR TYM T495"}]},{"@type":"WebSite","@id":"https:\/\/www.agricolacolomer.cat\/es\/#website","url":"https:\/\/www.agricolacolomer.cat\/es\/","name":"Agr\u00edcola Colomer","description":"Maquinaria agr\u00edcola en el Alt Empord\u00e0","publisher":{"@id":"https:\/\/www.agricolacolomer.cat\/es\/#organization"},"potentialAction":[{"@type":"SearchAction","target":{"@type":"EntryPoint","urlTemplate":"https:\/\/www.agricolacolomer.cat\/es\/?s={search_term_string}"},"query-input":{"@type":"PropertyValueSpecification","valueRequired":true,"valueName":"search_term_string"}}],"inLanguage":"es"},{"@type":"Organization","@id":"https:\/\/www.agricolacolomer.cat\/es\/#organization","name":"Agricola Colomer","url":"https:\/\/www.agricolacolomer.cat\/es\/","logo":{"@type":"ImageObject","inLanguage":"es","@id":"https:\/\/www.agricolacolomer.cat\/es\/#\/schema\/logo\/image\/","url":"https:\/\/www.agricolacolomer.cat\/wp-content\/uploads\/2021\/11\/colomer.jpg","contentUrl":"https:\/\/www.agricolacolomer.cat\/wp-content\/uploads\/2021\/11\/colomer.jpg","width":300,"height":300,"caption":"Agricola Colomer"},"image":{"@id":"https:\/\/www.agricolacolomer.cat\/es\/#\/schema\/logo\/image\/"}}]}},"_links":{"self":[{"href":"https:\/\/www.agricolacolomer.cat\/es\/wp-json\/wp\/v2\/product\/795","targetHints":{"allow":["GET"]}}],"collection":[{"href":"https:\/\/www.agricolacolomer.cat\/es\/wp-json\/wp\/v2\/product"}],"about":[{"href":"https:\/\/www.agricolacolomer.cat\/es\/wp-json\/wp\/v2\/types\/product"}],"replies":[{"embeddable":true,"href":"https:\/\/www.agricolacolomer.cat\/es\/wp-json\/wp\/v2\/comments?post=795"}],"wp:featuredmedia":[{"embeddable":true,"href":"https:\/\/www.agricolacolomer.cat\/es\/wp-json\/wp\/v2\/media\/791"}],"wp:attachment":[{"href":"https:\/\/www.agricolacolomer.cat\/es\/wp-json\/wp\/v2\/media?parent=795"}],"wp:term":[{"taxonomy":"product_brand","embeddable":true,"href":"https:\/\/www.agricolacolomer.cat\/es\/wp-json\/wp\/v2\/product_brand?post=795"},{"taxonomy":"product_cat","embeddable":true,"href":"https:\/\/www.agricolacolomer.cat\/es\/wp-json\/wp\/v2\/product_cat?post=795"},{"taxonomy":"product_tag","embeddable":true,"href":"https:\/\/www.agricolacolomer.cat\/es\/wp-json\/wp\/v2\/product_tag?post=795"}],"curies":[{"name":"wp","href":"https:\/\/api.w.org\/{rel}","templated":true}]}}